{"id":5001,"date":"2020-10-20T07:25:29","date_gmt":"2020-10-20T07:25:29","guid":{"rendered":"https:\/\/edk.edu.ee\/?page_id=5001"},"modified":"2024-02-15T17:09:24","modified_gmt":"2024-02-15T14:09:24","slug":"ajalugu","status":"publish","type":"page","link":"https:\/\/edk.edu.ee\/et\/meist\/ajalugu\/","title":{"rendered":"Ajalugu"},"content":{"rendered":"\n<p>Eesti Diplomaatide Kool asutati 1990. aastal eesm\u00e4rgiga koolitada personali uueneva v\u00e4lisministeeriumi tarvis. Aastatuhande vahetusel \u00f5ppekava laiendati, selle nimeks sai \u201cRahvusvahelised suhted ja Euroopa integratsioon\u201d, \u00f5ppekeeleks inglise keel ning \u00f5pilasi oodati kooli ka v\u00e4ljastpoolt ministeeriumi. Alates aastast 2005 laiendas Eesti Diplomaatide Kool oma \u00f5pilaste ampluaad veelgi, pakkudes noortele diplomaatidele, riigiametnikele ja teistele rahvusvaheliste suhete huvilistele stipendiumiprogramme eneset\u00e4iendamiseks. Koost\u00f6\u00f6s Rootsi arengukoost\u00f6\u00f6 agentuuriga (SIDA) koolitasime \u00f5pilasi Ukraina Diplomaatilisest Akadeemiast, Eesti ja Soome V\u00e4lisministeeriumi abil riigiametnikke Moldovast ja Gruusiast, ning aastal 2011 Ameerika administratsiooni kaasabil Valgevene kodanikuaktiviste. T\u00e4nasel p\u00e4eval \u00f5pib Eesti Diplomaatide Kooli t\u00e4iend\u00f5ppeprogrammis \u00f5pilasi maailma eri paikadest, alates Idapartnerlusriikidest ning Kesk-Aasiast, kuni Aafrika, Aasia ning Kariibi mere saarteni.<\/p>\n\n\n\n<p>Lisaks 8-kuulisele \u00f5ppeprogrammile on sihtasutus viimastel aastatel keskendunud aktiivselt l\u00fchiajaliste koolitusprojektide korraldamisele diplomaatidele ja riigiametnikele j\u00e4rgmistes valdkondades: rahvusvahelised suhted, rahvusvahelised l\u00e4bir\u00e4\u00e4kimised, Eesti \u00fchinemine EL-i ja NATO-ga, Eesti kogemus v\u00e4listeenistuse \u00fclesehitamisel, reformikogemus demokraatia ja \u00f5igusriigi \u00fclesehitamisel. Oleme korraldanud l\u00fchikoolitusi diplomaatidele ja riigiteenistujatele ka Balkani riikidest, Iraagist, Afganistanist, Palestiinast, Kesk-Aasiast ning L\u00e4his-Idast.<\/p>\n\n\n\n<p>Alates Euroopa Liidu Naabruspoliitika tekkimisest ning Idapartnerlusalase raamistiku loomisest aastal 2009 on EDK keskendunud Idapartnerluse sihtriike (Armeenia, Aserbaid\u017eaan, Gruusia, Ukraina, Moldova ja Valgevene) h\u00f5lmavate avaliku halduse teemaliste seminaride, koolituste ja konverentside korraldamisele.<\/p>\n\n\n\n<p>EDK direktor Ekke N\u00f5mm on panustanud nii Ukraina, Gruusia kui ka Armeenia diplomaatiliste akadeemiate \u00fclesehitamisse ning \u00f5ppekavade kujundamisse.<\/p>\n","protected":false},"excerpt":{"rendered":"<p>Eesti Diplomaatide Kool asutati 1990. aastal eesm\u00e4rgiga koolitada personali uueneva v\u00e4lisministeeriumi tarvis. Aastatuhande vahetusel \u00f5ppekava laiendati, selle nimeks sai \u201cRahvusvahelised suhted ja Euroopa integratsioon\u201d, \u00f5ppekeeleks inglise keel ning \u00f5pilasi oodati &#8230; <\/p>\n<p class=\"read-more-container\"><a title=\"Ajalugu\" class=\"read-more button\" href=\"https:\/\/edk.edu.ee\/et\/meist\/ajalugu\/#more-5001\" aria-label=\"Read more about Ajalugu\">Edasi&#8230;<\/a><\/p>\n","protected":false},"author":2,"featured_media":0,"parent":4998,"menu_order":0,"comment_status":"closed","ping_status":"closed","template":"","meta":{"footnotes":""},"class_list":["post-5001","page","type-page","status-publish"],"_links":{"self":[{"href":"https:\/\/edk.edu.ee\/et\/wp-json\/wp\/v2\/pages\/5001","targetHints":{"allow":["GET"]}}],"collection":[{"href":"https:\/\/edk.edu.ee\/et\/wp-json\/wp\/v2\/pages"}],"about":[{"href":"https:\/\/edk.edu.ee\/et\/wp-json\/wp\/v2\/types\/page"}],"author":[{"embeddable":true,"href":"https:\/\/edk.edu.ee\/et\/wp-json\/wp\/v2\/users\/2"}],"replies":[{"embeddable":true,"href":"https:\/\/edk.edu.ee\/et\/wp-json\/wp\/v2\/comments?post=5001"}],"version-history":[{"count":0,"href":"https:\/\/edk.edu.ee\/et\/wp-json\/wp\/v2\/pages\/5001\/revisions"}],"up":[{"embeddable":true,"href":"https:\/\/edk.edu.ee\/et\/wp-json\/wp\/v2\/pages\/4998"}],"wp:attachment":[{"href":"https:\/\/edk.edu.ee\/et\/wp-json\/wp\/v2\/media?parent=5001"}],"curies":[{"name":"wp","href":"https:\/\/api.w.org\/{rel}","templated":true}]}}