{"id":5006,"date":"2020-10-20T07:29:56","date_gmt":"2020-10-20T07:29:56","guid":{"rendered":"https:\/\/edk.edu.ee\/?page_id=5006"},"modified":"2023-09-27T15:09:22","modified_gmt":"2023-09-27T12:09:22","slug":"direktori-tervitus","status":"publish","type":"page","link":"https:\/\/edk.edu.ee\/et\/meist\/direktori-tervitus\/","title":{"rendered":"Direktori tervitus"},"content":{"rendered":"\n<div class=\"wp-block-columns is-layout-flex wp-container-core-columns-is-layout-9d6595d7 wp-block-columns-is-layout-flex\">\n<div class=\"wp-block-column is-layout-flow wp-block-column-is-layout-flow\" style=\"flex-basis:66.66%\">\n<p>Eesti Diplomaatide Kool (EDK) loodi aastal 1990 eesm\u00e4rgiga koolitada personali sel hetkel veel de facto mitteeksisteeriva Eesti Vabariigi mitteeksisteerivale v\u00e4lisministeeriumile.<\/p>\n\n\n\n<p>\u00dcheksak\u00fcmnendatel siirdus enamus EDK l\u00f5petanutest t\u00f6\u00f6le v\u00e4lisministeeriumisse, paljud nendest on saanud suursaadikuteks, kaks on j\u00f5udnud ka v\u00e4lisministri ametisse.<\/p>\n\n\n\n<p>Kui \u00fcheksak\u00fcmnendate l\u00f5pus avanes Eestile liitumisperspektiiv Euroopa Liiduga sai EDK-st \u00fcks esimene koolitusasutus, kus \u00f5ppekavasse lisati Euroopa Liiduga seonduvad ained. Paljud EDK vilistlased on kaasa l\u00f6\u00f6nud erinevate Eesti ametiasutuste Euroopa Liidu ja v\u00e4lissuhete osakondade loomisel ja arendamisel.<\/p>\n\n\n\n<p>Peale sajandivahetust on Eesti \u00f5igustatult uhkust tundnud oma Euroopa Liidu ja NATO-integratsiooni ning riigireformi kogemuse \u00fcle. EDK on meelsasti jaganud seda kogemust (ise samal ajalt ka teistelt \u00f5ppides) paljude riikidega, luues sidemeid ja jagades ideid \u00f5ppuritega 33.-st riigist. Diplomaadid, riigiametnikud, vabakonna \u2013 ja \u00e4riringkondade esindajad on k\u00f5ik EDK-s pakutavat hinnanud.<\/p>\n\n\n\n<p>EDK on Rahvusvahelise Diplomaatilise Koolituse Foorumi (IFDT), kutsetega valitud rahvusvaheliste suhete instituutide \u00fchenduse, mis tegeleb kaasaegse diplomaatia ja rahvusvaheliste suhete koolituse edendamisega, liige.<\/p>\n\n\n\n<p>On see EDK traditsiooniline 8-kuuline multidistsiplinaarne programm \u2019Rahvusvahelised suhted ja diplomaatia\u2019 v\u00f5i \u2019r\u00e4tsepat\u00f6\u00f6na\u2019 valminud koolituskava kaugete maade diplomaatidele, siis usume, et meie loodud programmid v\u00f5imaldavad meie \u00f5ppuritel paremini t\u00e4nap\u00e4eva keerulist maailma m\u00f5ista ja m\u00f5testada.<\/p>\n<\/div>\n\n\n\n<div class=\"wp-block-column is-layout-flow wp-block-column-is-layout-flow\" style=\"flex-basis:33.33%\">\n<figure class=\"wp-block-image size-large\"><img loading=\"lazy\" decoding=\"async\" width=\"600\" height=\"900\" src=\"https:\/\/edk.edu.ee\/wp-content\/uploads\/2020\/10\/ekke-nomm.jpg\" alt=\"\" class=\"wp-image-4860\" srcset=\"https:\/\/edk.edu.ee\/wp-content\/uploads\/2020\/10\/ekke-nomm.jpg 600w, https:\/\/edk.edu.ee\/wp-content\/uploads\/2020\/10\/ekke-nomm-200x300.jpg 200w\" sizes=\"auto, (max-width: 600px) 100vw, 600px\" \/><\/figure>\n<\/div>\n<\/div>\n","protected":false},"excerpt":{"rendered":"<p>Eesti Diplomaatide Kool (EDK) loodi aastal 1990 eesm\u00e4rgiga koolitada personali sel hetkel veel de facto mitteeksisteeriva Eesti Vabariigi mitteeksisteerivale v\u00e4lisministeeriumile. \u00dcheksak\u00fcmnendatel siirdus enamus EDK l\u00f5petanutest t\u00f6\u00f6le v\u00e4lisministeeriumisse, paljud nendest on &#8230; <\/p>\n<p class=\"read-more-container\"><a title=\"Direktori tervitus\" class=\"read-more button\" href=\"https:\/\/edk.edu.ee\/et\/meist\/direktori-tervitus\/#more-5006\" aria-label=\"Read more about Direktori tervitus\">Edasi&#8230;<\/a><\/p>\n","protected":false},"author":2,"featured_media":0,"parent":4998,"menu_order":0,"comment_status":"closed","ping_status":"closed","template":"","meta":{"footnotes":""},"class_list":["post-5006","page","type-page","status-publish"],"_links":{"self":[{"href":"https:\/\/edk.edu.ee\/et\/wp-json\/wp\/v2\/pages\/5006","targetHints":{"allow":["GET"]}}],"collection":[{"href":"https:\/\/edk.edu.ee\/et\/wp-json\/wp\/v2\/pages"}],"about":[{"href":"https:\/\/edk.edu.ee\/et\/wp-json\/wp\/v2\/types\/page"}],"author":[{"embeddable":true,"href":"https:\/\/edk.edu.ee\/et\/wp-json\/wp\/v2\/users\/2"}],"replies":[{"embeddable":true,"href":"https:\/\/edk.edu.ee\/et\/wp-json\/wp\/v2\/comments?post=5006"}],"version-history":[{"count":0,"href":"https:\/\/edk.edu.ee\/et\/wp-json\/wp\/v2\/pages\/5006\/revisions"}],"up":[{"embeddable":true,"href":"https:\/\/edk.edu.ee\/et\/wp-json\/wp\/v2\/pages\/4998"}],"wp:attachment":[{"href":"https:\/\/edk.edu.ee\/et\/wp-json\/wp\/v2\/media?parent=5006"}],"curies":[{"name":"wp","href":"https:\/\/api.w.org\/{rel}","templated":true}]}}