{"id":5008,"date":"2020-10-20T07:30:51","date_gmt":"2020-10-20T07:30:51","guid":{"rendered":"https:\/\/edk.edu.ee\/?page_id=5008"},"modified":"2022-12-28T13:35:49","modified_gmt":"2022-12-28T10:35:49","slug":"organisatsioon","status":"publish","type":"page","link":"https:\/\/edk.edu.ee\/et\/meist\/organisatsioon\/","title":{"rendered":"Organisatsioon"},"content":{"rendered":"\n<p>Eesti Diplomaatide Kool on sihtasutus. Oma tegevuses l\u00e4htume t\u00e4iskasvanute koolituse seadusest.<\/p>\n\n\n\n<p>EDK eesm\u00e4rgiks on pakkuda nii teoreetilisi kui praktilisi teadmisi rahvusvaheliste suhete, Euroopa integratsiooni, diplomaatia ja avaliku halduse reformimise vallas. Selle raames viime l\u00e4bi:<\/p>\n\n\n\n<ul class=\"wp-block-list\">\n<li>stipendiumiprogramme<\/li>\n\n\n\n<li>l\u00fchikoolitusi diplomaatidele ja riigiteenistujaile<\/li>\n\n\n\n<li>rahvusvaheliste koolitusprojektide haldamist ja konsultatsioone<\/li>\n<\/ul>\n\n\n\n<p>EDK on allolevate rahvusvaheliste suhete uurimise ja \u00f5petamisega tegelevate organisatsioonide liige:<\/p>\n\n\n\n<ul class=\"wp-block-list\">\n<li>The Estonian European Community Studies Association (EECSA)<\/li>\n\n\n\n<li>The European Consortium for Political Research (ECPR),<\/li>\n\n\n\n<li>The European Information Network of International Relations and Area Studies (EINIRAS) the&nbsp;International Affairs Network (IAN)<\/li>\n\n\n\n<li>The International Forum of Diplomatic Training (IFDT)<\/li>\n\n\n\n<li>The International Studies Association (ISA)<\/li>\n\n\n\n<li>The&nbsp;University Association for Contemporary European Studies (UACES)<\/li>\n<\/ul>\n\n\n\n<p>2011 aasta jaanuaris koost\u00f6\u00f6s Eesti V\u00e4lisministeeriumiga loodi EDK s\u00f5sarorganisatsioon, mille nimeks sai\u00a0<strong>EESTI IDAPARTNERLUSKESKUS<\/strong>\u00a0<strong>(EIPK), <\/strong>alates juulist 2021 v\u00f5ttis EIPK-i funktsioonid \u00fcle <strong>Eesti Rahvusvahelise Arengukoost\u00f6\u00f6 Keskus (ESTDEV \u2013 Estonian Centre for International Development). <\/strong>Vaata l\u00e4hemalt\u00a0<a href=\"http:\/\/www.estdev.ee\">www.estdev.ee<\/a>.<\/p>\n","protected":false},"excerpt":{"rendered":"<p>Eesti Diplomaatide Kool on sihtasutus. Oma tegevuses l\u00e4htume t\u00e4iskasvanute koolituse seadusest. EDK eesm\u00e4rgiks on pakkuda nii teoreetilisi kui praktilisi teadmisi rahvusvaheliste suhete, Euroopa integratsiooni, diplomaatia ja avaliku halduse reformimise vallas. &#8230; <\/p>\n<p class=\"read-more-container\"><a title=\"Organisatsioon\" class=\"read-more button\" href=\"https:\/\/edk.edu.ee\/et\/meist\/organisatsioon\/#more-5008\" aria-label=\"Read more about Organisatsioon\">Edasi&#8230;<\/a><\/p>\n","protected":false},"author":2,"featured_media":0,"parent":4998,"menu_order":0,"comment_status":"closed","ping_status":"closed","template":"","meta":{"footnotes":""},"class_list":["post-5008","page","type-page","status-publish"],"_links":{"self":[{"href":"https:\/\/edk.edu.ee\/et\/wp-json\/wp\/v2\/pages\/5008","targetHints":{"allow":["GET"]}}],"collection":[{"href":"https:\/\/edk.edu.ee\/et\/wp-json\/wp\/v2\/pages"}],"about":[{"href":"https:\/\/edk.edu.ee\/et\/wp-json\/wp\/v2\/types\/page"}],"author":[{"embeddable":true,"href":"https:\/\/edk.edu.ee\/et\/wp-json\/wp\/v2\/users\/2"}],"replies":[{"embeddable":true,"href":"https:\/\/edk.edu.ee\/et\/wp-json\/wp\/v2\/comments?post=5008"}],"version-history":[{"count":0,"href":"https:\/\/edk.edu.ee\/et\/wp-json\/wp\/v2\/pages\/5008\/revisions"}],"up":[{"embeddable":true,"href":"https:\/\/edk.edu.ee\/et\/wp-json\/wp\/v2\/pages\/4998"}],"wp:attachment":[{"href":"https:\/\/edk.edu.ee\/et\/wp-json\/wp\/v2\/media?parent=5008"}],"curies":[{"name":"wp","href":"https:\/\/api.w.org\/{rel}","templated":true}]}}