{"id":5010,"date":"2020-10-20T07:35:36","date_gmt":"2020-10-20T07:35:36","guid":{"rendered":"https:\/\/edk.edu.ee\/?page_id=5010"},"modified":"2020-10-20T07:35:36","modified_gmt":"2020-10-20T07:35:36","slug":"partnerid","status":"publish","type":"page","link":"https:\/\/edk.edu.ee\/et\/meist\/partnerid\/","title":{"rendered":"Partnerid"},"content":{"rendered":"\n<p>EDK-l on v\u00e4ga suur koost\u00f6\u00f6partnerite v\u00f5rgustik nii Eestis kui mujal maailmas.<\/p>\n\n\n\n<div class=\"wp-block-columns is-layout-flex wp-container-core-columns-is-layout-9d6595d7 wp-block-columns-is-layout-flex\">\n<div class=\"wp-block-column is-layout-flow wp-block-column-is-layout-flow\">\n<h3 class=\"gb-headline gb-headline-5ad0991a\">Koost\u00f6\u00f6partnerid Eestis:<\/h3>\n\n\n\n<ul class=\"wp-block-list\" id=\"block-a6366d59-0e26-4a00-8829-42cb140691d3\"><li><a href=\"http:\/\/vm.ee\">V\u00e4lisministeerium<\/a><\/li><li><a href=\"https:\/\/riigikantselei.ee\">Riigikantselei<\/a><\/li><li><a href=\"https:\/\/www.rahandusministeerium.ee\">Rahandusministeerium<\/a><\/li><\/ul>\n\n\n\n<h3 class=\"gb-headline gb-headline-e722808a\">V\u00e4lismaised koost\u00f6\u00f6partnerid:<\/h3>\n\n\n\n<ul class=\"wp-block-list\" id=\"block-9b6cc544-b90c-47ed-a67f-1d3d023e15d8\"><li><a href=\"http:\/\/formin.finland.fi\/english\">Ministry for Foreign Affairs of Finland<\/a><\/li><li><a href=\"http:\/\/mfa.gov.ua\/en\">Ministry of Foreign Affairs of Ukraine<\/a><\/li><li><a href=\"https:\/\/ee.usembassy.gov\/\">Embassy of the United States of America in Estonia<\/a><\/li><li><a href=\"http:\/\/www.finland.ee\/public\/default.aspx?culture=en-GB&amp;contentlan=2\">Embassy of Finland in Estonia<\/a><\/li><li><a href=\"https:\/\/ee.ambafrance.org\/\">Embassy of France in Estonia<\/a><\/li><li><a href=\"https:\/\/www.norway.no\/estonia\">Embassy of Norway in Estonia<\/a><\/li><li><a href=\"https:\/\/www.swedenabroad.se\/sv\/utlandsmyndigheter\/estland-tallinn\/\">Embassy of Sweden in Estonia<\/a><\/li><li><a href=\"https:\/\/www.bmeia.gv.at\/et\/austria-saatkond-tallinnas\/\">Embassy of Austria in Estonia<\/a><\/li><li><a href=\"https:\/\/eceap.eu\/\">Estonian Center of Eastern Partnership<\/a><\/li><li><a href=\"https:\/\/ec.europa.eu\/commission\/index_en\">European Commission<\/a><\/li><li><a href=\"http:\/\/ec.europa.eu\/esf\/home.jsp\">European Social Fund<\/a><\/li><li><a href=\"http:\/\/www.annalindhfoundation.org\/\">Anna Lindh Foundation<\/a><\/li><li><a href=\"http:\/\/www.cpds.co.uk\/\">Centre for Political and Diplomatic Studies (CPDS)<\/a><\/li><\/ul>\n<\/div>\n\n\n\n<div class=\"wp-block-column is-layout-flow wp-block-column-is-layout-flow\">\n<ul class=\"wp-block-list\" id=\"block-9b6cc544-b90c-47ed-a67f-1d3d023e15d8\"><li><a href=\"http:\/\/www.estep.lt\/en\">European Social, Legal and Economic Projects (ESTEP)<\/a><\/li><li><a href=\"http:\/\/www.haus.fi\/Default.aspx?tabid=619\">Finnish Institute of Public Management&nbsp;(HAUS)<\/a><\/li><li><a href=\"https:\/\/gfsis.org\/\">Georgian Foundation for Strategic and International Studies (GFSIS)<\/a><\/li><li><a href=\"https:\/\/www.coleurope.eu\/\">College of Europe<\/a><\/li><li><a href=\"https:\/\/www.ena.fr\/\">\u00c9cole Nationale d&#8217;Administration (ENA)<\/a><\/li><li><a href=\"http:\/\/dtc.gov.ge\/en\/home\/\">Levan Mikeladze Diplomatic Training Centre<\/a><\/li><li><a href=\"http:\/\/mfa.gov.ge\/Home.aspx?lang=en-US\">Ministry of Foreign Affairs of Georgia<\/a><\/li><li><a href=\"http:\/\/www.diplomaticacademy.am\/en\/\">Diplomatic School of Armenia<\/a><\/li><li><a href=\"http:\/\/mfa.gov.ua\/ua\/about-mfa\/structure\/academy\">Diplomatic Academy of Ukraine<\/a><\/li><li><a href=\"https:\/\/www.kmu.gov.ua\/ua\">Government of Ukraine<\/a><\/li><li><a href=\"http:\/\/government.gov.by\/en\/\">Government of Belarus<\/a><\/li><li><a href=\"http:\/\/gov.ge\/index.php?lang_id=ENG\">Government of Georgia<\/a><\/li><li><a href=\"http:\/\/www.gov.kg\/?lang=ru\">Government of Kyrgyzstan<\/a><\/li><li><a href=\"http:\/\/www.president.tj\/en\">Government of Tajikistan<\/a><\/li><li><a href=\"http:\/\/www.government.kz\/en\/\">Government of Kazakhstan<\/a><\/li><li><a href=\"http:\/\/www.egypt.gov.eg\/english\/home.aspx\">Government of Egypt<\/a><\/li><\/ul>\n<\/div>\n<\/div>\n\n\n\n<p><\/p>\n","protected":false},"excerpt":{"rendered":"<p>EDK-l on v\u00e4ga suur koost\u00f6\u00f6partnerite v\u00f5rgustik nii Eestis kui mujal maailmas. Koost\u00f6\u00f6partnerid Eestis: V\u00e4lisministeerium Riigikantselei Rahandusministeerium V\u00e4lismaised koost\u00f6\u00f6partnerid: Ministry for Foreign Affairs of Finland Ministry of Foreign Affairs of Ukraine &#8230; <\/p>\n<p class=\"read-more-container\"><a title=\"Partnerid\" class=\"read-more button\" href=\"https:\/\/edk.edu.ee\/et\/meist\/partnerid\/#more-5010\" aria-label=\"Read more about Partnerid\">Edasi&#8230;<\/a><\/p>\n","protected":false},"author":2,"featured_media":0,"parent":4998,"menu_order":0,"comment_status":"closed","ping_status":"closed","template":"","meta":{"footnotes":""},"class_list":["post-5010","page","type-page","status-publish"],"_links":{"self":[{"href":"https:\/\/edk.edu.ee\/et\/wp-json\/wp\/v2\/pages\/5010","targetHints":{"allow":["GET"]}}],"collection":[{"href":"https:\/\/edk.edu.ee\/et\/wp-json\/wp\/v2\/pages"}],"about":[{"href":"https:\/\/edk.edu.ee\/et\/wp-json\/wp\/v2\/types\/page"}],"author":[{"embeddable":true,"href":"https:\/\/edk.edu.ee\/et\/wp-json\/wp\/v2\/users\/2"}],"replies":[{"embeddable":true,"href":"https:\/\/edk.edu.ee\/et\/wp-json\/wp\/v2\/comments?post=5010"}],"version-history":[{"count":0,"href":"https:\/\/edk.edu.ee\/et\/wp-json\/wp\/v2\/pages\/5010\/revisions"}],"up":[{"embeddable":true,"href":"https:\/\/edk.edu.ee\/et\/wp-json\/wp\/v2\/pages\/4998"}],"wp:attachment":[{"href":"https:\/\/edk.edu.ee\/et\/wp-json\/wp\/v2\/media?parent=5010"}],"curies":[{"name":"wp","href":"https:\/\/api.w.org\/{rel}","templated":true}]}}