{"id":5016,"date":"2020-10-20T07:40:34","date_gmt":"2020-10-20T07:40:34","guid":{"rendered":"https:\/\/edk.edu.ee\/?page_id=5016"},"modified":"2024-08-06T10:14:11","modified_gmt":"2024-08-06T07:14:11","slug":"meeskond","status":"publish","type":"page","link":"https:\/\/edk.edu.ee\/et\/meist\/meeskond\/","title":{"rendered":"Meeskond"},"content":{"rendered":"\n<div class=\"wp-block-columns is-layout-flex wp-container-core-columns-is-layout-9d6595d7 wp-block-columns-is-layout-flex\">\n<div class=\"wp-block-column is-layout-flow wp-block-column-is-layout-flow\"><div class=\"wp-block-image\">\n<figure class=\"aligncenter size-large\"><img loading=\"lazy\" decoding=\"async\" width=\"400\" height=\"350\" src=\"https:\/\/edk.edu.ee\/wp-content\/uploads\/2020\/10\/ekke-nomm-II-400x350-1.jpg\" alt=\"\" class=\"wp-image-4424\" srcset=\"https:\/\/edk.edu.ee\/wp-content\/uploads\/2020\/10\/ekke-nomm-II-400x350-1.jpg 400w, https:\/\/edk.edu.ee\/wp-content\/uploads\/2020\/10\/ekke-nomm-II-400x350-1-300x263.jpg 300w\" sizes=\"auto, (max-width: 400px) 100vw, 400px\" \/><figcaption class=\"wp-element-caption\">Ekke N\u00f5mm<br>Direktor<br>ekke(at)edk.edu.ee<\/figcaption><\/figure><\/div>\n\n\n<p class=\"has-text-align-center\"><\/p>\n<\/div>\n<\/div>\n\n\n\n<div class=\"wp-block-columns is-layout-flex wp-container-core-columns-is-layout-9d6595d7 wp-block-columns-is-layout-flex\">\n<div class=\"wp-block-column is-vertically-aligned-center is-layout-flow wp-block-column-is-layout-flow\"><div class=\"gb-container gb-container-b6930043\">\n<div class=\"wp-block-image\">\n<figure class=\"aligncenter size-large is-resized\"><img loading=\"lazy\" decoding=\"async\" src=\"https:\/\/edk.edu.ee\/wp-content\/uploads\/2024\/08\/BeautyPlus_20240806095503266_save-3-655x800.jpg\" alt=\"\" class=\"wp-image-7982\" width=\"344\" height=\"419\" srcset=\"https:\/\/edk.edu.ee\/wp-content\/uploads\/2024\/08\/BeautyPlus_20240806095503266_save-3-655x800.jpg 655w, https:\/\/edk.edu.ee\/wp-content\/uploads\/2024\/08\/BeautyPlus_20240806095503266_save-3-492x600.jpg 492w, https:\/\/edk.edu.ee\/wp-content\/uploads\/2024\/08\/BeautyPlus_20240806095503266_save-3-768x937.jpg 768w, https:\/\/edk.edu.ee\/wp-content\/uploads\/2024\/08\/BeautyPlus_20240806095503266_save-3-1258x1536.jpg 1258w, https:\/\/edk.edu.ee\/wp-content\/uploads\/2024\/08\/BeautyPlus_20240806095503266_save-3-1678x2048.jpg 1678w, https:\/\/edk.edu.ee\/wp-content\/uploads\/2024\/08\/BeautyPlus_20240806095503266_save-3.jpg 1832w\" sizes=\"auto, (max-width: 344px) 100vw, 344px\" \/><figcaption class=\"wp-element-caption\">Jelena Vital<br>Projektijuht (Ukraina, Moldova)<br>jelena.vital(at)edk.edu.ee <br><br><\/figcaption><\/figure><\/div>\n\n\n<p><\/p>\n\n\n\n<p><\/p>\n\n<\/div><\/div>\n\n\n\n<div class=\"wp-block-column is-layout-flow wp-block-column-is-layout-flow\"><div class=\"wp-block-image is-style-default\">\n<figure class=\"aligncenter size-medium is-resized\"><img loading=\"lazy\" decoding=\"async\" src=\"https:\/\/edk.edu.ee\/wp-content\/uploads\/2023\/10\/IMG_20231019_140722-3-600x600.jpg\" alt=\"\" class=\"wp-image-7391\" width=\"387\" height=\"387\" srcset=\"https:\/\/edk.edu.ee\/wp-content\/uploads\/2023\/10\/IMG_20231019_140722-3-600x600.jpg 600w, https:\/\/edk.edu.ee\/wp-content\/uploads\/2023\/10\/IMG_20231019_140722-3.jpg 762w\" sizes=\"auto, (max-width: 387px) 100vw, 387px\" \/><figcaption class=\"wp-element-caption\">Liis Lulla<br>Programmijuht<br>liis.lulla(at)edk.edu.ee<br><br> <em>(8-kuuline rahvusvaheliste suhete ja diplomaatia programm<\/em>)<\/figcaption><\/figure><\/div>\n\n\n<p><\/p>\n\n\n\n<p><\/p>\n\n\n\n<p><\/p>\n<\/div>\n<\/div>\n\n\n\n<h2 class=\"gb-headline gb-headline-02a4daab gb-headline-text\">V\u00d5TME EKSPERDID<\/h2>\n\n\n\n<div class=\"wp-block-columns is-layout-flex wp-container-core-columns-is-layout-9d6595d7 wp-block-columns-is-layout-flex\">\n<div class=\"wp-block-column is-layout-flow wp-block-column-is-layout-flow\">\n<figure class=\"wp-block-image size-large is-style-default\"><img loading=\"lazy\" decoding=\"async\" width=\"400\" height=\"350\" src=\"https:\/\/edk.edu.ee\/wp-content\/uploads\/2020\/10\/Kaljurand-400x350-1.jpg\" alt=\"\" class=\"wp-image-4432\" srcset=\"https:\/\/edk.edu.ee\/wp-content\/uploads\/2020\/10\/Kaljurand-400x350-1.jpg 400w, https:\/\/edk.edu.ee\/wp-content\/uploads\/2020\/10\/Kaljurand-400x350-1-300x263.jpg 300w\" sizes=\"auto, (max-width: 400px) 100vw, 400px\" \/><\/figure>\n\n\n\n<p class=\"has-text-align-center\">Marina Kaljurand<\/p>\n<\/div>\n\n\n\n<div class=\"wp-block-column is-layout-flow wp-block-column-is-layout-flow\">\n<figure class=\"wp-block-image size-large is-style-default\"><img loading=\"lazy\" decoding=\"async\" width=\"400\" height=\"350\" src=\"https:\/\/edk.edu.ee\/wp-content\/uploads\/2020\/10\/Roberts-400x350-1.jpg\" alt=\"\" class=\"wp-image-4434\" srcset=\"https:\/\/edk.edu.ee\/wp-content\/uploads\/2020\/10\/Roberts-400x350-1.jpg 400w, https:\/\/edk.edu.ee\/wp-content\/uploads\/2020\/10\/Roberts-400x350-1-300x263.jpg 300w\" sizes=\"auto, (max-width: 400px) 100vw, 400px\" \/><\/figure>\n\n\n\n<p class=\"has-text-align-center\">Michael Roberts<\/p>\n<\/div>\n\n\n\n<div class=\"wp-block-column is-layout-flow wp-block-column-is-layout-flow\">\n<figure class=\"wp-block-image size-full is-style-default\"><img loading=\"lazy\" decoding=\"async\" width=\"476\" height=\"420\" src=\"https:\/\/edk.edu.ee\/wp-content\/uploads\/2022\/03\/Shota-Gvineria1-2.jpg\" alt=\"\" class=\"wp-image-6387\"\/><\/figure>\n\n\n\n<p class=\"has-text-align-center\">Shota Gvineria<\/p>\n<\/div>\n<\/div>\n\n\n\n<div class=\"wp-block-columns is-layout-flex wp-container-core-columns-is-layout-9d6595d7 wp-block-columns-is-layout-flex\">\n<div class=\"wp-block-column is-layout-flow wp-block-column-is-layout-flow\">\n<figure class=\"wp-block-image size-full is-resized\"><img loading=\"lazy\" decoding=\"async\" src=\"https:\/\/edk.edu.ee\/wp-content\/uploads\/2022\/03\/Meelis-Kitsing1.jpg\" alt=\"\" class=\"wp-image-6397\" width=\"400\" height=\"350\"\/><\/figure>\n\n\n\n<p class=\"has-text-align-center\">dr Meelis Kitsing<\/p>\n<\/div>\n\n\n\n<div class=\"wp-block-column is-layout-flow wp-block-column-is-layout-flow\">\n<figure class=\"wp-block-image size-full is-resized\"><img loading=\"lazy\" decoding=\"async\" src=\"https:\/\/edk.edu.ee\/wp-content\/uploads\/2022\/03\/Paul-Meerts1-1.jpg\" alt=\"\" class=\"wp-image-6393\" width=\"400\" height=\"350\"\/><\/figure>\n\n\n\n<p class=\"has-text-align-center\">dr Paul Meerts<\/p>\n<\/div>\n<\/div>\n\n\n\n<figure class=\"wp-block-image size-full is-resized is-style-default\"><img loading=\"lazy\" decoding=\"async\" src=\"https:\/\/edk.edu.ee\/wp-content\/uploads\/2022\/03\/Rene-Vark1-1.jpg\" alt=\"\" class=\"wp-image-6375\" width=\"400\" height=\"350\"\/><figcaption class=\"wp-element-caption\"> <\/figcaption><\/figure>\n\n\n\n<p>dr Ren\u00e9 V\u00e4rk<\/p>\n","protected":false},"excerpt":{"rendered":"<p>V\u00d5TME EKSPERDID Marina Kaljurand Michael Roberts Shota Gvineria dr Meelis Kitsing dr Paul Meerts dr Ren\u00e9 V\u00e4rk<\/p>\n","protected":false},"author":2,"featured_media":0,"parent":4998,"menu_order":0,"comment_status":"closed","ping_status":"closed","template":"","meta":{"footnotes":""},"class_list":["post-5016","page","type-page","status-publish"],"_links":{"self":[{"href":"https:\/\/edk.edu.ee\/et\/wp-json\/wp\/v2\/pages\/5016","targetHints":{"allow":["GET"]}}],"collection":[{"href":"https:\/\/edk.edu.ee\/et\/wp-json\/wp\/v2\/pages"}],"about":[{"href":"https:\/\/edk.edu.ee\/et\/wp-json\/wp\/v2\/types\/page"}],"author":[{"embeddable":true,"href":"https:\/\/edk.edu.ee\/et\/wp-json\/wp\/v2\/users\/2"}],"replies":[{"embeddable":true,"href":"https:\/\/edk.edu.ee\/et\/wp-json\/wp\/v2\/comments?post=5016"}],"version-history":[{"count":0,"href":"https:\/\/edk.edu.ee\/et\/wp-json\/wp\/v2\/pages\/5016\/revisions"}],"up":[{"embeddable":true,"href":"https:\/\/edk.edu.ee\/et\/wp-json\/wp\/v2\/pages\/4998"}],"wp:attachment":[{"href":"https:\/\/edk.edu.ee\/et\/wp-json\/wp\/v2\/media?parent=5016"}],"curies":[{"name":"wp","href":"https:\/\/api.w.org\/{rel}","templated":true}]}}