{"id":5020,"date":"2020-10-20T07:44:11","date_gmt":"2020-10-20T07:44:11","guid":{"rendered":"https:\/\/edk.edu.ee\/?page_id=5020"},"modified":"2025-08-07T13:07:28","modified_gmt":"2025-08-07T10:07:28","slug":"vastuvotutingimused-mittestipendiaatidele-k-a-eestlased","status":"publish","type":"page","link":"https:\/\/edk.edu.ee\/et\/sisseastumine\/vastuvotutingimused-mittestipendiaatidele-k-a-eestlased\/","title":{"rendered":"Vastuv\u00f5tutingimused mittestipendiaatidele"},"content":{"rendered":"\n<p>Eesti Diplomaatide Kooli (EDK) t\u00e4iendkoolituskursusel \u2018Rahvusvahelised suhted ja diplomaatia\u2019 \u00f5ppijal on:<\/p>\n\n\n\n<ul class=\"wp-block-list\">\n<li>huvi rahvusvaheliste suhete vastu;<\/li>\n\n\n\n<li>v\u00e4hemalt bakalaureusekraad v\u00f5i sellega v\u00f5rdsustatud tase;<\/li>\n\n\n\n<li>inglise keele oskus tasemel, mis v\u00f5imaldab osaleda aktiivselt inglisekeelsetes loengutes ja t\u00f6\u00f6tada iseseisvalt erialakirjandusega.<\/li>\n<\/ul>\n\n\n\n<p>Kasuks tuleb teiste v\u00f5\u00f5rkeelte oskus, lai silmaring ning aktiivne eluhoiak.<\/p>\n\n\n\n<p>2025\/2026 \u00f5ppeaasta programm on k\u00e4ttesaadav <a href=\"https:\/\/edk.edu.ee\/et\/programmid\/9-kuune-oppeprogramm\/\">siin<\/a>; \u00f5ppeaasta algab <strong>14. oktoobril 2025 ja l\u00f5ppeb 15. mail 2026.<\/strong><\/p>\n\n\n\n<h2 class=\"gb-headline gb-headline-fce71946 gb-headline-text\">Sisseastumiseks vajalikud dokumendid<\/h2>\n\n\n\n<p>2025\/2026.a. \u00f5ppegrupis osalemiseks v\u00f5etakse EDK-s dokumente vastu kuni<strong>\u00a015. septembrini 2025<\/strong> (k.a).<\/p>\n\n\n\n<ul class=\"wp-block-list\">\n<li><a rel=\"noreferrer noopener\" href=\"https:\/\/edk.edu.ee\/wp-content\/uploads\/2021\/02\/Application_form-2021.docx\" target=\"_blank\"><strong>Avaldus&nbsp;<\/strong><\/a>koos v\u00e4rvilise dokumendifotoga 4\u00d75 cm<\/li>\n\n\n\n<li>CV<\/li>\n\n\n\n<li>motivatsioonikiri (1 lehek\u00fclg, 300-400 s\u00f5na), milles sisseastuja kirjeldab oma huvi \u00f5pingute vastu<\/li>\n\n\n\n<li>k\u00f5rgharidust t\u00f5endava diplomi koopia<\/li>\n\n\n\n<li>akadeemilise \u00f5iendi koopia<\/li>\n\n\n\n<li>passi isikuandmete lehe v\u00f5i ID-kaardi koopia<\/li>\n\n\n\n<li><span style=\"font-size: inherit; background-color: initial;\">maksekorralduse koopia sisseastumisl\u00f5ivu 20 EUR tasumise kohta<\/span>\n<ul class=\"wp-block-list\">\n<li>Makse saaja: Eesti Diplomaatide Kooli SA, a\/a&nbsp;&nbsp;EE041010220071516018. Selgitus: nimi;&nbsp;2025\/2026 sisseastumisl\u00f5iv.<\/li>\n<\/ul>\n<\/li>\n\n\n\n<li>inglisekeelne essee (4 lehek\u00fclge, 1300-1500 s\u00f5na koos viidetega)&nbsp;<strong>\u00fchel<\/strong>&nbsp;j\u00e4rgnevatest teemadest:<\/li>\n<\/ul>\n\n\n\n<ol style=\"list-style-type:1\" class=\"wp-block-list\">\n<li>Impact of the War in Ukraine to the Future of Europe<\/li>\n\n\n\n<li>China \u2013 a Partner or a Foe?<\/li>\n\n\n\n<li>Is Europe&#8217;s Strategic Autonomy possible?<\/li>\n\n\n\n<li>Digital Diplomacy \u2013 Interim Measure or Way Forward?<\/li>\n<\/ol>\n\n\n\n<h2 class=\"gb-headline gb-headline-220aecb0 gb-headline-text\">Vastuv\u00f5tu protseduur<\/h2>\n\n\n\n<p>Dokumendid v\u00f5ib esitada:<\/p>\n\n\n\n<p>1) tuues need EDK kontorisse aadressil&nbsp;R\u00e4vala pst 12, Tallinn 10143 (ette helistades  631 1051)<br>2) elektrooniliselt, kasutades&nbsp;<a href=\"https:\/\/edk.edu.ee\/et\/sisseastumine\/veebipohine-avaldusvorm\/\"><strong>Veebip\u00f5hist avaldusvormi<\/strong><\/a><\/p>\n\n\n\n<p>Dokumentide esitamise t\u00e4htaeg on<strong> 15. september 2025.<\/strong><\/p>\n\n\n\n<p><strong><u>Vastuv\u00f5tu protseduuri teine osa on vestlus<\/u><\/strong>.\u00a0<strong>Vestlus toimub hiljemalt 19. septembril  Eesti Diplomaatide Kooli kontoris. <\/strong>V\u00f5tame avalduse esitajaga \u00fchendust, et leppida kokku vestluse kellaaeg.<\/p>\n\n\n\n<p>Kooli vastuv\u00f5tmise otsus edastatakse kandidaatidele e-maili teel hiljemalt <strong>22. septembril.<\/strong><\/p>\n\n\n\n<p>T\u00e4iendavate k\u00fcsimuste korral palun v\u00f5tke \u00fchendust&nbsp;<a href=\"mailto:edk@edk.edu.ee\"><strong>edk(at)edk.edu.ee<\/strong><\/a>&nbsp;v\u00f5i tel: 631 1051<\/p>\n\n\n\n<p><\/p>\n","protected":false},"excerpt":{"rendered":"<p>Eesti Diplomaatide Kooli (EDK) t\u00e4iendkoolituskursusel \u2018Rahvusvahelised suhted ja diplomaatia\u2019 \u00f5ppijal on: Kasuks tuleb teiste v\u00f5\u00f5rkeelte oskus, lai silmaring ning aktiivne eluhoiak. 2025\/2026 \u00f5ppeaasta programm on k\u00e4ttesaadav siin; \u00f5ppeaasta algab 14. &#8230; <\/p>\n<p class=\"read-more-container\"><a title=\"Vastuv\u00f5tutingimused mittestipendiaatidele\" class=\"read-more button\" href=\"https:\/\/edk.edu.ee\/et\/sisseastumine\/vastuvotutingimused-mittestipendiaatidele-k-a-eestlased\/#more-5020\" aria-label=\"Read more about Vastuv\u00f5tutingimused mittestipendiaatidele\">Edasi&#8230;<\/a><\/p>\n","protected":false},"author":2,"featured_media":0,"parent":5018,"menu_order":0,"comment_status":"closed","ping_status":"closed","template":"","meta":{"footnotes":""},"class_list":["post-5020","page","type-page","status-publish"],"_links":{"self":[{"href":"https:\/\/edk.edu.ee\/et\/wp-json\/wp\/v2\/pages\/5020","targetHints":{"allow":["GET"]}}],"collection":[{"href":"https:\/\/edk.edu.ee\/et\/wp-json\/wp\/v2\/pages"}],"about":[{"href":"https:\/\/edk.edu.ee\/et\/wp-json\/wp\/v2\/types\/page"}],"author":[{"embeddable":true,"href":"https:\/\/edk.edu.ee\/et\/wp-json\/wp\/v2\/users\/2"}],"replies":[{"embeddable":true,"href":"https:\/\/edk.edu.ee\/et\/wp-json\/wp\/v2\/comments?post=5020"}],"version-history":[{"count":4,"href":"https:\/\/edk.edu.ee\/et\/wp-json\/wp\/v2\/pages\/5020\/revisions"}],"predecessor-version":[{"id":8637,"href":"https:\/\/edk.edu.ee\/et\/wp-json\/wp\/v2\/pages\/5020\/revisions\/8637"}],"up":[{"embeddable":true,"href":"https:\/\/edk.edu.ee\/et\/wp-json\/wp\/v2\/pages\/5018"}],"wp:attachment":[{"href":"https:\/\/edk.edu.ee\/et\/wp-json\/wp\/v2\/media?parent=5020"}],"curies":[{"name":"wp","href":"https:\/\/api.w.org\/{rel}","templated":true}]}}