{"id":5022,"date":"2020-10-20T07:45:32","date_gmt":"2020-10-20T07:45:32","guid":{"rendered":"https:\/\/edk.edu.ee\/?page_id=5022"},"modified":"2023-04-24T14:52:33","modified_gmt":"2023-04-24T11:52:33","slug":"vabakuulajana-osalemine","status":"publish","type":"page","link":"https:\/\/edk.edu.ee\/et\/programmid\/vabakuulajana-osalemine\/","title":{"rendered":"Vabakuulajana osalemine"},"content":{"rendered":"\n<p>Kui aega v\u00e4he ja v\u00f5imalused piiratud, saab EDK t\u00e4iendkoolituse programmi &#8220;Rahvusvahelised suhted ja diplomaatia&#8221; \u00f5ppet\u00f6\u00f6s osaleda vabakuulajana. Vabakuulaja staatus v\u00f5imaldab saada teadmisi valdkondades, mis k\u00f5ige enam huvi pakuvad. \u00d5ppuril on v\u00f5imalus\u00a0valida\u00a0sobiv hulk \u00f5ppeaineid ja omandada need\u00a0ilma kogu \u00f5ppekava l\u00e4bimata.\u00a0Vabakuulaja l\u00e4bib ained samadel tingimustel statsionaarse \u00f5ppijaga, st v\u00f5tab osa loengutest ja t\u00e4idab k\u00f5ik sooritamiseks vajalikud n\u00f5uded. Vabakuulajale ei v\u00e4ljastata tunnistust, vaid \u00f5pitulemusi kajastav t\u00f5end.<\/p>\n\n\n\n<p>EDK t\u00e4iendkoolituse programmi \u00f5ppekava on k\u00e4ttesaadav <a href=\"https:\/\/edk.edu.ee\/programmes\/academic-programme\/curriculum-2020-2021\/\">siin<\/a>.  Kursuste l\u00fchitutvustused lisatakse <a href=\"https:\/\/moodle.edk.edu.ee\/\">Moodle<\/a>&#8217;isse m\u00f5ned n\u00e4dalad enne iga kursuse algust. <\/p>\n\n\n\n<p>\u00d5ppeainete hinnad on toodud <a href=\"https:\/\/edk.edu.ee\/et\/sisseastumine\/oppemaks\/\">siin<\/a>.<\/p>\n\n\n\n<p>Huvi korral palun v\u00f5ta meiega \u00fchendust:&nbsp;<a href=\"mailto:kristiinamaria.ploom@edk.edu.ee\"><\/a><a href=\"mailto:edk@edk.edu.ee\">edk(at)edk.edu.ee<\/a>.<\/p>\n","protected":false},"excerpt":{"rendered":"<p>Kui aega v\u00e4he ja v\u00f5imalused piiratud, saab EDK t\u00e4iendkoolituse programmi &#8220;Rahvusvahelised suhted ja diplomaatia&#8221; \u00f5ppet\u00f6\u00f6s osaleda vabakuulajana. Vabakuulaja staatus v\u00f5imaldab saada teadmisi valdkondades, mis k\u00f5ige enam huvi pakuvad. \u00d5ppuril on &#8230; <\/p>\n<p class=\"read-more-container\"><a title=\"Vabakuulajana osalemine\" class=\"read-more button\" href=\"https:\/\/edk.edu.ee\/et\/programmid\/vabakuulajana-osalemine\/#more-5022\" aria-label=\"Read more about Vabakuulajana osalemine\">Edasi&#8230;<\/a><\/p>\n","protected":false},"author":2,"featured_media":0,"parent":5049,"menu_order":0,"comment_status":"closed","ping_status":"closed","template":"","meta":{"footnotes":""},"class_list":["post-5022","page","type-page","status-publish"],"_links":{"self":[{"href":"https:\/\/edk.edu.ee\/et\/wp-json\/wp\/v2\/pages\/5022","targetHints":{"allow":["GET"]}}],"collection":[{"href":"https:\/\/edk.edu.ee\/et\/wp-json\/wp\/v2\/pages"}],"about":[{"href":"https:\/\/edk.edu.ee\/et\/wp-json\/wp\/v2\/types\/page"}],"author":[{"embeddable":true,"href":"https:\/\/edk.edu.ee\/et\/wp-json\/wp\/v2\/users\/2"}],"replies":[{"embeddable":true,"href":"https:\/\/edk.edu.ee\/et\/wp-json\/wp\/v2\/comments?post=5022"}],"version-history":[{"count":0,"href":"https:\/\/edk.edu.ee\/et\/wp-json\/wp\/v2\/pages\/5022\/revisions"}],"up":[{"embeddable":true,"href":"https:\/\/edk.edu.ee\/et\/wp-json\/wp\/v2\/pages\/5049"}],"wp:attachment":[{"href":"https:\/\/edk.edu.ee\/et\/wp-json\/wp\/v2\/media?parent=5022"}],"curies":[{"name":"wp","href":"https:\/\/api.w.org\/{rel}","templated":true}]}}