{"id":5024,"date":"2020-10-20T07:46:45","date_gmt":"2020-10-20T07:46:45","guid":{"rendered":"https:\/\/edk.edu.ee\/?page_id=5024"},"modified":"2025-07-14T09:17:27","modified_gmt":"2025-07-14T06:17:27","slug":"oppemaks","status":"publish","type":"page","link":"https:\/\/edk.edu.ee\/et\/sisseastumine\/oppemaks\/","title":{"rendered":"\u00d5ppemaks"},"content":{"rendered":"\n<h3 class=\"gb-headline gb-headline-48a3d265 gb-headline-text\">8-kuulise programmi \u2018Rahvusvahelised suhted ja diplomaatia\u2019 \u00f5ppemaks<\/h3>\n\n\n\n<p>4400 EUR \/ \u00f5ppeaasta <\/p>\n\n\n\n<p>\u00d5ppemaksu saab tasuda osade kaupa (ainult Eesti kodanikud) j\u00e4rgnevalt:<br>I semester<\/p>\n\n\n\n<ul class=\"wp-block-list\">\n<li>1100 EUR \u2013 lepingu s\u00f5lmimisel, hiljemalt 15. septembriks 2025<\/li>\n\n\n\n<li>1100 EUR \u2013 hiljemalt 15. detsembriks 2025<\/li>\n<\/ul>\n\n\n\n<p>II semester<\/p>\n\n\n\n<ul class=\"wp-block-list\">\n<li>1100 EUR \u2013 hiljemalt 15. jaanuariks 2026<\/li>\n\n\n\n<li>1100 EUR \u2013 hiljemalt 15. m\u00e4rtsiks 2026<\/li>\n<\/ul>\n\n\n\n<h3 class=\"gb-headline gb-headline-8f7eee76 gb-headline-text\">Vabakuulajana osalemine valitud \u00f5ppeainetes:<\/h3>\n\n\n\n<p>2025\/2026 \u00f5ppeaastal on hinnad:<\/p>\n\n\n\n<p>270 EUR   3-punktise \u00f5ppeaine eest<br>540 EUR   6-punktise \u00f5ppeaine eest<\/p>\n\n\n\n<p>NB! Tegemist on t\u00e4iendkoolitusega.&nbsp;Koolituskulu saab tuludeklaratsioonis tulust maha arvata seaduses etten\u00e4htud suuruses.<\/p>\n","protected":false},"excerpt":{"rendered":"<p>8-kuulise programmi \u2018Rahvusvahelised suhted ja diplomaatia\u2019 \u00f5ppemaks 4400 EUR \/ \u00f5ppeaasta \u00d5ppemaksu saab tasuda osade kaupa (ainult Eesti kodanikud) j\u00e4rgnevalt:I semester II semester Vabakuulajana osalemine valitud \u00f5ppeainetes: 2025\/2026 \u00f5ppeaastal on &#8230; <\/p>\n<p class=\"read-more-container\"><a title=\"\u00d5ppemaks\" class=\"read-more button\" href=\"https:\/\/edk.edu.ee\/et\/sisseastumine\/oppemaks\/#more-5024\" aria-label=\"Read more about \u00d5ppemaks\">Edasi&#8230;<\/a><\/p>\n","protected":false},"author":2,"featured_media":0,"parent":5018,"menu_order":0,"comment_status":"closed","ping_status":"closed","template":"","meta":{"footnotes":""},"class_list":["post-5024","page","type-page","status-publish"],"_links":{"self":[{"href":"https:\/\/edk.edu.ee\/et\/wp-json\/wp\/v2\/pages\/5024","targetHints":{"allow":["GET"]}}],"collection":[{"href":"https:\/\/edk.edu.ee\/et\/wp-json\/wp\/v2\/pages"}],"about":[{"href":"https:\/\/edk.edu.ee\/et\/wp-json\/wp\/v2\/types\/page"}],"author":[{"embeddable":true,"href":"https:\/\/edk.edu.ee\/et\/wp-json\/wp\/v2\/users\/2"}],"replies":[{"embeddable":true,"href":"https:\/\/edk.edu.ee\/et\/wp-json\/wp\/v2\/comments?post=5024"}],"version-history":[{"count":3,"href":"https:\/\/edk.edu.ee\/et\/wp-json\/wp\/v2\/pages\/5024\/revisions"}],"predecessor-version":[{"id":8628,"href":"https:\/\/edk.edu.ee\/et\/wp-json\/wp\/v2\/pages\/5024\/revisions\/8628"}],"up":[{"embeddable":true,"href":"https:\/\/edk.edu.ee\/et\/wp-json\/wp\/v2\/pages\/5018"}],"wp:attachment":[{"href":"https:\/\/edk.edu.ee\/et\/wp-json\/wp\/v2\/media?parent=5024"}],"curies":[{"name":"wp","href":"https:\/\/api.w.org\/{rel}","templated":true}]}}