{"id":5026,"date":"2020-10-20T07:48:09","date_gmt":"2020-10-20T07:48:09","guid":{"rendered":"https:\/\/edk.edu.ee\/?page_id=5026"},"modified":"2023-04-24T15:00:26","modified_gmt":"2023-04-24T12:00:26","slug":"oppekorraldus","status":"publish","type":"page","link":"https:\/\/edk.edu.ee\/et\/sisseastumine\/oppekorraldus\/","title":{"rendered":"\u00d5ppekorraldus"},"content":{"rendered":"\n<p><strong>Sisseastumine ja l\u00f5petamine<\/strong><\/p>\n\n\n\n<ul class=\"wp-block-list\">\n<li>Vastuv\u00f5tt EDK t\u00e4iendkoolitusprogrammi \u201cRahvusvahelised suhted ja diplomaatia\u201d toimub mittestipendiaatidele (sh eestlased) igal kevadel EDK kodulehek\u00fclje kaudu -> vt vastuv\u00f5tutingimused. Katsed edukalt sooritanutega s\u00f5lmitakse leping, mis s\u00e4testab EDK ja \u00d5pilase omavahelise suhte \u00f5ppeperioodi jooksul, sh m\u00f5lema poole \u00f5igused ja kohustused ning maksetingimused.<\/li>\n\n\n\n<li>\u00d5ppekava edukal t\u00e4itmisel v\u00e4ljastatakse \u00d5pilasele l\u00f5petamise p\u00e4eval EDK tunnistus, akadeemiline \u00f5iend ning EDK \u00f5ppes\u00fcsteemi kirjeldus.<\/li>\n\n\n\n<li>\u00d5ppeprogramm loetakse t\u00e4idetuks kui \u00d5pilane on kogunud \u00f5ppeaasta l\u00f5puks v\u00e4hemalt 60 ainepunkti.<\/li>\n\n\n\n<li>Teistest \u00fclikoolidest omandatud BA, MA v\u00f5i doktori\u00f5ppe aineid ega ainepunkte ei saa EDK tunnistusele \u00fcle kanda.<\/li>\n\n\n\n<li>Tunnistust ei v\u00e4ljastata juhul, kui \u00d5pilasel on \u00f5ppeaasta l\u00f5ppedes \u00f5ppemaksuv\u00f5lg, tasumata eksamil\u00f5ivud, tagastamata kasutamiseks antud \u00f5pperaamatud ja uksekaart v\u00f5i t\u00e4itmata muu EDK poolt seatud kohustus.<\/li>\n\n\n\n<li>Kui \u00d5pilane ei kogu \u00f5ppeaasta jooksul l\u00f5petamiseks vajalikku ainepunktide arvu, v\u00e4ljastatakse \u00d5pilasele t\u00f5end positiivselt sooritatud \u00f5ppeainete kohta. \u00d5pilasel on soovi korral v\u00f5imalus \u00f5pinguid j\u00e4tkata j\u00e4rgneval aastal ilma t\u00e4iendavat \u00f5ppemaksu maksmata tingimusel, et ta koostab t\u00e4pse \u00f5ppet\u00f6\u00f6graafiku, mis j\u00e4lgib j\u00e4rgneva \u00f5ppeaasta tunniplaani koos selles sisalduvate t\u00e4htaegadega.<\/li>\n<\/ul>\n\n\n\n<p><strong>\u00d5ppet\u00f6\u00f6 reeglid<\/strong><\/p>\n\n\n\n<ul class=\"wp-block-list\">\n<li>\u00d5ppet\u00f6\u00f6s osalemiseks on \u00d5pilane kohustatud v\u00f5tma osa tunniplaanis v\u00e4lja kuulutatud loengutest. \u00d5ppeaine materjalidele ligip\u00e4\u00e4su saamiseks peab \u00d5pilane end ainesse registreerima \u00f5ppeinfos\u00fcsteemi Moodle kaudu.<\/li>\n\n\n\n<li>\u00d5pilane on kohustatud igas loengus allkirjastama kohalk\u00e4imise lehe. Kui \u00f5pilane ei ole osalenud v\u00e4hemalt 75% \u00f5ppeaine loengutest, on EDK-l \u00f5igus n\u00f5uda lisat\u00f6\u00f6 esitamist, et aine saaks sooritatud.<\/li>\n\n\n\n<li>Eksamilt puudumine on keelatud ning v\u00f5rdub automaatselt hindega (F). M\u00f5juval p\u00f5hjusel ja programmijuhiga varasemal kokkuleppel on v\u00f5imalus sooritada eksamit muul p\u00e4eval kui tunniplaanis ette n\u00e4htud. Sel juhul on j\u00e4releksami maksimaalne hinne (B).<\/li>\n\n\n\n<li>Eksamitest osav\u00f5tmiseks ei pea \u00d5pilane end registreerima.<\/li>\n\n\n\n<li>J\u00e4releksameid saab sooritada selleks etten\u00e4htud kuup\u00e4evadel, mis tuleb kokku leppida EDK programmijuhiga. Kokku on \u00d5pilasel \u00f5igus sooritada 2 j\u00e4releksamit, millest esimene maksab&nbsp;<strong>10 eurot<\/strong>, teise eest kohustub \u00f5pilane maksma j\u00e4releksamitasu&nbsp;<strong>20 eurot<\/strong>. Peale kolmandat ebaedukat eksamisooritust loetakse \u00f5ppeaine mitte l\u00e4bituks ja \u00d5pilasel pole \u00f5igust t\u00e4iendavat eksamit sooritada.<\/li>\n\n\n\n<li>Essee on eksami \u00fcks vormidest. Essee esitamiseks on vajalik t\u00f6\u00f6 \u00fcleslaadimine EDK \u00f5ppeinfos\u00fcsteemi Moodle v\u00e4ljakuulutatud t\u00e4htajaks. T\u00e4htajast hilisem esitamine kahandab essee v\u00e4\u00e4rtust automaatselt \u00fche hinde v\u00f5rra. Kui \u00d5pilane esitab eksami rohkem kui n\u00e4dal hiljem algsest t\u00e4htajast, siis lisaks hindealandusele rakendub ka&nbsp;<strong>10 eurot<\/strong>&nbsp;j\u00e4releksami tasu. Kui \u00d5pilane esitab eksami rohkem kui kaks n\u00e4dalat algsest t\u00e4htajast hiljem, siis langeb essee hinne kaks palli ning rakendub&nbsp;<strong>20 eurot<\/strong>&nbsp;j\u00e4releksami tasu.<\/li>\n<\/ul>\n\n\n\n<p><strong>Hindamine<\/strong><\/p>\n\n\n\n<ul class=\"wp-block-list\">\n<li>Eksamite ja esseede hindamisel rakendab EDK j\u00e4rgmist hindamisskaalat: A (suurep\u00e4rane, excellent), B (v\u00e4ga hea, very good), C (hea, good), D (rahuldav, satisfactory), E (kasin, poor), F (puudulik, failed). Positiivsed hinded on A-E. Negatiivne hinne on F, mis t\u00e4hendab l\u00e4bikukkumist.<\/li>\n\n\n\n<li>J\u00e4releksamit saab sooritada \u00fcksnes negatiivse hinde korral. J\u00e4releksami maksimaalne hinne on B.<\/li>\n\n\n\n<li>Tunniplaanile kohaselt v\u00f5ib EDK rakendada kohalk\u00e4imisp\u00f5hist arvestust, mille kohaselt loetakse \u00f5ppeaine sooritatuks \u00fcksnes juhul, kui \u00d5pilane on osalenud loengutes v\u00e4hemalt 75% ulatuses (3 loengul 4-st). Kohalolekup\u00f5histe ainete hindamisel kasutatakse hinnet \u201darvestatud\u201d.<\/li>\n\n\n\n<li><span style=\"font-size: inherit;\">Eksamite ja esseede hindamis\u00f5igus ja vastutus lasub \u00f5ppej\u00f5ul. Kui \u00d5pilane kahtleb hindamistulemuse v\u00e4\u00e4rtuses v\u00f5i soovib saada t\u00e4iendavat tagasisidet, on tal \u00f5igus paluda lektoril eksamit\u00f6\u00f6 v\u00f5i essee uuesti l\u00e4bi vaadata ning p\u00f5hjendada hindevalikut. Kui lektor otsustab hinnet t\u00f5sta, aktsepteerib EDK uue hinde reservatsioonideta.<\/span><\/li>\n\n\n\n<li>Kirjalike t\u00f6\u00f6de esitamisel on tudeng kohustatud j\u00e4rgima EDK poolt antud akadeemilisi reegleid, mida tutvustatakse \u00f5ppeaasta alguses ning on k\u00e4ttesaadavad Moodle-s.<\/li>\n<\/ul>\n\n\n\n<p><strong>Plagieerimine<\/strong><\/p>\n\n\n\n<ul class=\"wp-block-list\">\n<li>\u00d5pilane on kohustatud teadma, et plagieerimine&nbsp;<em>(<\/em>st&nbsp;<em>copy-paste&nbsp;<\/em>esseedes ja spikerdamine eksamitel<em>)<\/em>&nbsp;on taunitav ja karistatav kuni \u00f5ppegrupist v\u00e4lja arvamiseni. Iga eksam ja essee, mille puhul on tuvastatud, et \u00d5pilane on kasutanud plagieerimist, loetakse EDK poolt automaatselt l\u00e4bi kukutuks ning \u00d5pilane on kohustatud maksma karistustasu&nbsp;<strong>40 eurot<\/strong>, mille kohta esitab \u00d5pilasele arve EDK.<\/li>\n\n\n\n<li>Spikri kaasav\u00f5tmine eksamiruumi v\u00f5rdub spikerdamisega. Samuti on eksamite ajal keelatud kasutada mobiiltelefone v\u00f5i muid nutiseadmeid.<\/li>\n<\/ul>\n\n\n\n<p><\/p>\n","protected":false},"excerpt":{"rendered":"<p>Sisseastumine ja l\u00f5petamine \u00d5ppet\u00f6\u00f6 reeglid Hindamine Plagieerimine<\/p>\n","protected":false},"author":2,"featured_media":0,"parent":5018,"menu_order":0,"comment_status":"closed","ping_status":"closed","template":"","meta":{"footnotes":""},"class_list":["post-5026","page","type-page","status-publish"],"_links":{"self":[{"href":"https:\/\/edk.edu.ee\/et\/wp-json\/wp\/v2\/pages\/5026","targetHints":{"allow":["GET"]}}],"collection":[{"href":"https:\/\/edk.edu.ee\/et\/wp-json\/wp\/v2\/pages"}],"about":[{"href":"https:\/\/edk.edu.ee\/et\/wp-json\/wp\/v2\/types\/page"}],"author":[{"embeddable":true,"href":"https:\/\/edk.edu.ee\/et\/wp-json\/wp\/v2\/users\/2"}],"replies":[{"embeddable":true,"href":"https:\/\/edk.edu.ee\/et\/wp-json\/wp\/v2\/comments?post=5026"}],"version-history":[{"count":0,"href":"https:\/\/edk.edu.ee\/et\/wp-json\/wp\/v2\/pages\/5026\/revisions"}],"up":[{"embeddable":true,"href":"https:\/\/edk.edu.ee\/et\/wp-json\/wp\/v2\/pages\/5018"}],"wp:attachment":[{"href":"https:\/\/edk.edu.ee\/et\/wp-json\/wp\/v2\/media?parent=5026"}],"curies":[{"name":"wp","href":"https:\/\/api.w.org\/{rel}","templated":true}]}}