{"id":5028,"date":"2020-10-20T07:49:19","date_gmt":"2020-10-20T07:49:19","guid":{"rendered":"https:\/\/edk.edu.ee\/?page_id=5028"},"modified":"2025-08-21T13:06:30","modified_gmt":"2025-08-21T10:06:30","slug":"veebipohine-avaldusvorm","status":"publish","type":"page","link":"https:\/\/edk.edu.ee\/et\/sisseastumine\/veebipohine-avaldusvorm\/","title":{"rendered":"Veebip\u00f5hine avaldusvorm"},"content":{"rendered":"\n<p>See avaldusvorm on m\u00f5eldud sisseastumisavalduse veebip\u00f5hiseks esitamiseks. Avaldust on v\u00f5imalik esitada ka k\u00e4sikirjaliselt. T\u00e4psemat infot sisseastumise kohta vaata&nbsp;<a href=\"https:\/\/edk.edu.ee\/et\/sisseastumine\/vastuvotutingimused-mittestipendiaatidele-k-a-eestlased\/\">Vastuv\u00f5tutingimused mittestipendiaadile<\/a>.<\/p>\n\n\n\n<p><strong>T\u00e4helepanu!<\/strong> K\u00f5ik etteantud v\u00e4ljad tuleb korrektselt t\u00e4ita! Poolikult t\u00e4idetud vorm sisseastumiseks ei kvalifitseeru!<\/p>\n\n\n\n<p>Sisseastumisdokumentide lisamiseks peavad need olema eelnevalt skaneeritud ning eraldi failidena salvestatud. <span style=\"text-decoration: underline;\">Sisseastumisavalduse<\/span> palume eelnevalt alla laadida <a href=\"https:\/\/edk.edu.ee\/wp-content\/uploads\/2021\/02\/Application_form-2021.docx\">siit<\/a>, arvutis t\u00e4ita ning seej\u00e4rel failina lisada. Kui Teil ei \u00f5nnestu <span style=\"text-decoration: underline;\">dokumendifotot<\/span> lisada avalduse faili, palume see \u00fcles laadida eraldi. Palume \u00fcles laadida k\u00f5ige viimati omandatud kraadi <span style=\"text-decoration: underline;\">diplom ja akadeemiline \u00f5iend<\/span>. Kui diplom ja akadeemiline \u00f5iend ei ole inglise ega eesti keeles, palume lisada (mitteametliku) eesti- v\u00f5i inglisekeelse t\u00f5lke. Eesti- v\u00f5i inglisekeelsete dokumentide korral v\u00f5ib t\u00f5lkelahtreid ignoreerida. Failide salvestamisel palume kasutada j\u00e4rgmisi formaate: txt, doc, docx, ppt, pptx, pdf, gif, jpg, png, zip, rar. Palume faile digitaalselt mitte allkirjastada.<\/p>\n\n\n\n<p>T\u00e4iendava informatsiooni vajaduse korral v\u00f5i k\u00fcsimuste tekkimisel palume v\u00f5tta \u00fchendust kas e-posti teel aadressil&nbsp;<a rel=\"noreferrer noopener\" href=\"mailto:edk@edk.edu.ee\" target=\"_blank\">edk(at)edk.edu.ee<\/a>&nbsp;v\u00f5i helistades meile numbril: (+372) 6311051.<\/p>\n\n\n\n<p>EDK ei edasta sisseastumisandmeid kolmandatele osapooltele.<\/p>\n\n\n\n<div class=\"wp-block-contact-form-7-contact-form-selector\">\n<div class=\"wpcf7 no-js\" id=\"wpcf7-f8652-o1\" lang=\"et\" dir=\"ltr\" data-wpcf7-id=\"8652\">\n<div class=\"screen-reader-response\"><p role=\"status\" aria-live=\"polite\" aria-atomic=\"true\"><\/p> <ul><\/ul><\/div>\n<form action=\"\/et\/wp-json\/wp\/v2\/pages\/5028#wpcf7-f8652-o1\" method=\"post\" class=\"wpcf7-form init\" aria-label=\"Contact form\" enctype=\"multipart\/form-data\" novalidate=\"novalidate\" data-status=\"init\">\n<fieldset class=\"hidden-fields-container\"><input type=\"hidden\" name=\"_wpcf7\" value=\"8652\" \/><input type=\"hidden\" name=\"_wpcf7_version\" value=\"6.1.1\" \/><input type=\"hidden\" name=\"_wpcf7_locale\" value=\"et\" \/><input type=\"hidden\" name=\"_wpcf7_unit_tag\" value=\"wpcf7-f8652-o1\" \/><input type=\"hidden\" name=\"_wpcf7_container_post\" value=\"0\" \/><input type=\"hidden\" name=\"_wpcf7_posted_data_hash\" value=\"\" \/>\n<\/fieldset>\n<figure class=\"wp-block-table\">\n\t<table>\n\t\t<tbody>\n\t\t\t<tr>\n\t\t\t\t<td>\n\t\t\t\t\t<p><span class=\"wpcf7-form-control-wrap\" data-name=\"FirstName\"><input size=\"40\" maxlength=\"400\" class=\"wpcf7-form-control wpcf7-text wpcf7-validates-as-required\" aria-required=\"true\" aria-invalid=\"false\" placeholder=\"Eesnimi*\" value=\"\" type=\"text\" name=\"FirstName\" \/><\/span><span id=\"wpcf7-69e8080755281-wrapper\" class=\"wpcf7-form-control-wrap webaddress-wrap\" ><label for=\"wpcf7-69e8080755281-field\" class=\"hp-message\">Please leave this field empty.<\/label><input id=\"wpcf7-69e8080755281-field\"  class=\"wpcf7-form-control wpcf7-text\" type=\"text\" name=\"webaddress\" value=\"\" size=\"40\" tabindex=\"-1\" autocomplete=\"new-password\" \/><\/span><br \/>\n<span class=\"wpcf7-form-control-wrap\" data-name=\"LastName\"><input size=\"40\" maxlength=\"400\" class=\"wpcf7-form-control wpcf7-text wpcf7-validates-as-required\" aria-required=\"true\" aria-invalid=\"false\" placeholder=\"Perekonnanimi*\" value=\"\" type=\"text\" name=\"LastName\" \/><\/span><br \/>\n<span class=\"wpcf7-form-control-wrap\" data-name=\"EmailAddress\"><input size=\"40\" maxlength=\"400\" class=\"wpcf7-form-control wpcf7-email wpcf7-validates-as-required wpcf7-text wpcf7-validates-as-email\" aria-required=\"true\" aria-invalid=\"false\" placeholder=\"E-mail*\" value=\"\" type=\"email\" name=\"EmailAddress\" \/><\/span><br \/>\n<span class=\"wpcf7-form-control-wrap\" data-name=\"Phone\"><input size=\"40\" maxlength=\"400\" class=\"wpcf7-form-control wpcf7-tel wpcf7-validates-as-required wpcf7-text wpcf7-validates-as-tel\" aria-required=\"true\" aria-invalid=\"false\" placeholder=\"Telefon*\" value=\"\" type=\"tel\" name=\"Phone\" \/><\/span><br \/>\n<span class=\"wpcf7-form-control-wrap\" data-name=\"Nationality\"><input size=\"40\" maxlength=\"400\" class=\"wpcf7-form-control wpcf7-text wpcf7-validates-as-required\" aria-required=\"true\" aria-invalid=\"false\" placeholder=\"Rahvus*\" value=\"\" type=\"text\" name=\"Nationality\" \/><\/span>\n\t\t\t\t\t<\/p>\n\t\t\t\t<\/td>\n\t\t\t<\/tr>\n\t\t<\/tbody>\n\t<\/table>\n<\/figure>\n<figure class=\"wp-block-table\" width=\"100%\">\n\t<table>\n\t\t<tbody>\n\t\t\t<tr>\n\t\t\t\t<td style=\"vertical-align:top\">\n\t\t\t\t\t<p>Avaldus* <span class=\"wpcf7-form-control-wrap\" data-name=\"Application\"><input size=\"40\" class=\"wpcf7-form-control wpcf7-file wpcf7-validates-as-required\" accept=\".pdf,.jpg,.txt,.jpeg,.png,.gif,.doc,.docx,.ppt,.pptx,.odt,.rar,.zip\" aria-required=\"true\" aria-invalid=\"false\" type=\"file\" name=\"Application\" \/><\/span><br \/>\nCV* <span class=\"wpcf7-form-control-wrap\" data-name=\"cv\"><input size=\"40\" class=\"wpcf7-form-control wpcf7-file wpcf7-validates-as-required\" accept=\".pdf,.jpg,.txt,.jpeg,.png,.gif,.doc,.docx,.ppt,.pptx,.odt,.rar,.zip\" aria-required=\"true\" aria-invalid=\"false\" type=\"file\" name=\"cv\" \/><\/span><br \/>\nDiplom* <span class=\"wpcf7-form-control-wrap\" data-name=\"Diploma\"><input size=\"40\" class=\"wpcf7-form-control wpcf7-file wpcf7-validates-as-required\" accept=\".pdf,.jpg,.txt,.jpeg,.png,.gif,.doc,.docx,.ppt,.pptx,.odt,.rar,.zip\" aria-required=\"true\" aria-invalid=\"false\" type=\"file\" name=\"Diploma\" \/><\/span><br \/>\nAkadeemiline \u00f5iend* <span class=\"wpcf7-form-control-wrap\" data-name=\"Academicrecord\"><input size=\"40\" class=\"wpcf7-form-control wpcf7-file wpcf7-validates-as-required\" accept=\".pdf,.jpg,.txt,.jpeg,.png,.gif,.doc,.docx,.ppt,.pptx,.odt,.rar,.zip\" aria-required=\"true\" aria-invalid=\"false\" type=\"file\" name=\"Academicrecord\" \/><\/span><br \/>\nPassikoopia* <span class=\"wpcf7-form-control-wrap\" data-name=\"Copyofpassport\"><input size=\"40\" class=\"wpcf7-form-control wpcf7-file wpcf7-validates-as-required\" accept=\".pdf,.jpg,.txt,.jpeg,.png,.gif,.doc,.docx,.ppt,.pptx,.odt,.rar,.zip\" aria-required=\"true\" aria-invalid=\"false\" type=\"file\" name=\"Copyofpassport\" \/><\/span><br \/>\nMaksekorralduse koopia* <span class=\"wpcf7-form-control-wrap\" data-name=\"Applicationpaymentorder\"><input size=\"40\" class=\"wpcf7-form-control wpcf7-file wpcf7-validates-as-required\" accept=\".pdf,.jpg,.txt,.jpeg,.png,.gif,.doc,.docx,.ppt,.pptx,.odt,.rar,.zip\" aria-required=\"true\" aria-invalid=\"false\" type=\"file\" name=\"Applicationpaymentorder\" \/><\/span>\n\t\t\t\t\t<\/p>\n\t\t\t\t<\/td>\n\t\t\t\t<td style=\"vertical-align:top\">\n\t\t\t\t\t<p>Foto <span class=\"wpcf7-form-control-wrap\" data-name=\"Photo\"><input size=\"40\" class=\"wpcf7-form-control wpcf7-file\" accept=\".pdf,.jpg,.txt,.jpeg,.png,.gif,.doc,.docx,.ppt,.pptx,.odt,.rar,.zip\" aria-invalid=\"false\" type=\"file\" name=\"Photo\" \/><\/span><br \/>\nMotivatsioonikiri* <span class=\"wpcf7-form-control-wrap\" data-name=\"Motivationletter\"><input size=\"40\" class=\"wpcf7-form-control wpcf7-file wpcf7-validates-as-required\" accept=\".pdf,.jpg,.txt,.jpeg,.png,.gif,.doc,.docx,.ppt,.pptx,.odt,.rar,.zip\" aria-required=\"true\" aria-invalid=\"false\" type=\"file\" name=\"Motivationletter\" \/><\/span><br \/>\nDiplomi t\u00f5lge <span class=\"wpcf7-form-control-wrap\" data-name=\"Diplomatranslation\"><input size=\"40\" class=\"wpcf7-form-control wpcf7-file\" accept=\".pdf,.jpg,.txt,.jpeg,.png,.gif,.doc,.docx,.ppt,.pptx,.odt,.rar,.zip\" aria-invalid=\"false\" type=\"file\" name=\"Diplomatranslation\" \/><\/span><br \/>\nAkadeemilise \u00f5iendi t\u00f5lge <span class=\"wpcf7-form-control-wrap\" data-name=\"Academicrecordtranslation\"><input size=\"40\" class=\"wpcf7-form-control wpcf7-file\" accept=\".pdf,.jpg,.txt,.jpeg,.png,.gif,.doc,.docx,.ppt,.pptx,.odt,.rar,.zip\" aria-invalid=\"false\" type=\"file\" name=\"Academicrecordtranslation\" \/><\/span><br \/>\nEssee* <span class=\"wpcf7-form-control-wrap\" data-name=\"Essay\"><input size=\"40\" class=\"wpcf7-form-control wpcf7-file wpcf7-validates-as-required\" accept=\".pdf,.jpg,.txt,.jpeg,.png,.gif,.doc,.docx,.ppt,.pptx,.odt,.rar,.zip\" aria-required=\"true\" aria-invalid=\"false\" type=\"file\" name=\"Essay\" \/><\/span>\n\t\t\t\t\t<\/p>\n\t\t\t\t\t<p><input class=\"wpcf7-form-control wpcf7-submit has-spinner\" type=\"submit\" value=\"Esita avaldus\" \/>\n\t\t\t\t\t<\/p>\n\t\t\t\t<\/td>\n\t\t\t<\/tr>\n\t\t<\/tbody>\n\t<\/table>\n<\/figure><div class=\"wpcf7-response-output\" aria-hidden=\"true\"><\/div>\n<\/form>\n<\/div>\n<\/div>\n","protected":false},"excerpt":{"rendered":"<p>See avaldusvorm on m\u00f5eldud sisseastumisavalduse veebip\u00f5hiseks esitamiseks. Avaldust on v\u00f5imalik esitada ka k\u00e4sikirjaliselt. T\u00e4psemat infot sisseastumise kohta vaata&nbsp;Vastuv\u00f5tutingimused mittestipendiaadile. T\u00e4helepanu! K\u00f5ik etteantud v\u00e4ljad tuleb korrektselt t\u00e4ita! Poolikult t\u00e4idetud vorm sisseastumiseks &#8230; <\/p>\n<p class=\"read-more-container\"><a title=\"Veebip\u00f5hine avaldusvorm\" class=\"read-more button\" href=\"https:\/\/edk.edu.ee\/et\/sisseastumine\/veebipohine-avaldusvorm\/#more-5028\" aria-label=\"Read more about Veebip\u00f5hine avaldusvorm\">Edasi&#8230;<\/a><\/p>\n","protected":false},"author":2,"featured_media":0,"parent":5018,"menu_order":0,"comment_status":"closed","ping_status":"closed","template":"","meta":{"footnotes":""},"class_list":["post-5028","page","type-page","status-publish"],"_links":{"self":[{"href":"https:\/\/edk.edu.ee\/et\/wp-json\/wp\/v2\/pages\/5028","targetHints":{"allow":["GET"]}}],"collection":[{"href":"https:\/\/edk.edu.ee\/et\/wp-json\/wp\/v2\/pages"}],"about":[{"href":"https:\/\/edk.edu.ee\/et\/wp-json\/wp\/v2\/types\/page"}],"author":[{"embeddable":true,"href":"https:\/\/edk.edu.ee\/et\/wp-json\/wp\/v2\/users\/2"}],"replies":[{"embeddable":true,"href":"https:\/\/edk.edu.ee\/et\/wp-json\/wp\/v2\/comments?post=5028"}],"version-history":[{"count":4,"href":"https:\/\/edk.edu.ee\/et\/wp-json\/wp\/v2\/pages\/5028\/revisions"}],"predecessor-version":[{"id":8654,"href":"https:\/\/edk.edu.ee\/et\/wp-json\/wp\/v2\/pages\/5028\/revisions\/8654"}],"up":[{"embeddable":true,"href":"https:\/\/edk.edu.ee\/et\/wp-json\/wp\/v2\/pages\/5018"}],"wp:attachment":[{"href":"https:\/\/edk.edu.ee\/et\/wp-json\/wp\/v2\/media?parent=5028"}],"curies":[{"name":"wp","href":"https:\/\/api.w.org\/{rel}","templated":true}]}}