{"id":5036,"date":"2020-10-20T07:52:37","date_gmt":"2020-10-20T07:52:37","guid":{"rendered":"https:\/\/edk.edu.ee\/?page_id=5036"},"modified":"2020-10-21T08:09:59","modified_gmt":"2020-10-21T08:09:59","slug":"classes-of-2001-2010","status":"publish","type":"page","link":"https:\/\/edk.edu.ee\/et\/vilistlased\/classes-of-2001-2010\/","title":{"rendered":"Grupid aastatel 2001-2010"},"content":{"rendered":"\n<p><\/p>\n\n\n\n<h2 class=\"gb-headline gb-headline-2d531666\">Grupp 2010<\/h2>\n\n\n\n<div class=\"gb-grid-wrapper gb-grid-wrapper-a0c85324\">\n<div class=\"gb-grid-column gb-grid-column-63299263\"><div class=\"gb-container gb-container-63299263\"><div class=\"gb-inside-container\">\n<ol class=\"wp-block-list\"><li>Ms Ecaterina Balan (Moldova)<\/li><li>Mr Vadim Belobrovstsev (Estonia)<\/li><li>Ms Oksana Demyanenko (Ukraine)<\/li><li>Mr David Ghuchashvili (Georgia)<\/li><li>Ms Ekaterine Goguadze (Georgia)<\/li><li>Ms Natia Kakulia (Georgia)<\/li><li>Mr Julian Kossinov (Estonia)<\/li><li>Mr Rasmus Kuklane (Estonia)<\/li><li>Ms Anastasiya Kyryllova (Ukraine)<\/li><li>Ms Mariam Lebanidze (Georgia)<\/li><li>Ms Minni Nirgi (Estonia)<\/li><li>Mr Haldo Oravas (Estonia)<\/li><li>Ms Darya Pastak (Ukraine)<\/li><\/ol>\n<\/div><\/div><\/div>\n\n\n\n<div class=\"gb-grid-column gb-grid-column-09aabeea\"><div class=\"gb-container gb-container-09aabeea\"><div class=\"gb-inside-container\">\n<ol class=\"wp-block-list\" start=\"14\"><li>Ms Olesea Popa (Moldova)<\/li><li>Ms Laura Reitel (Estonia)<\/li><li>Ms Darja Saar (Estonia)<\/li><li>Mr Pavlo Shemchuk (Ukraine)<\/li><li>Mr Siim Soplepmann (Estonia)<\/li><li>Ms Mariana Soroka (Ukraine)<\/li><li>Mr Kristjan Tiik (Estonia)<\/li><li>Mr Urmet Urva (Estonia)<\/li><li>Mr Miljard Vahkal (Estonia)<\/li><li>Ms Nataliia Varanitska (Ukraine)<\/li><li>Ms Liliana Verlan (Moldova)<\/li><li>Mr Andrei Vrabie (Moldova)<\/li><\/ol>\n<\/div><\/div><\/div>\n\n\n\n<div class=\"gb-grid-column gb-grid-column-bb91cb18\"><div class=\"gb-container gb-container-bb91cb18\"><div class=\"gb-inside-container\">\n<figure class=\"wp-block-image size-large\"><img loading=\"lazy\" decoding=\"async\" width=\"1024\" height=\"455\" src=\"https:\/\/edk.edu.ee\/wp-content\/uploads\/2020\/10\/EDK_2010-1024x455.jpg\" alt=\"\" class=\"wp-image-4922\" srcset=\"https:\/\/edk.edu.ee\/wp-content\/uploads\/2020\/10\/EDK_2010-1024x455.jpg 1024w, https:\/\/edk.edu.ee\/wp-content\/uploads\/2020\/10\/EDK_2010-300x133.jpg 300w, https:\/\/edk.edu.ee\/wp-content\/uploads\/2020\/10\/EDK_2010-768x341.jpg 768w, https:\/\/edk.edu.ee\/wp-content\/uploads\/2020\/10\/EDK_2010-1536x683.jpg 1536w, https:\/\/edk.edu.ee\/wp-content\/uploads\/2020\/10\/EDK_2010.jpg 1800w\" sizes=\"auto, (max-width: 1024px) 100vw, 1024px\" \/><\/figure>\n<\/div><\/div><\/div>\n<\/div>\n\n\n\n<h2 class=\"gb-headline gb-headline-3c0e0dc3\">Grupp 2009<\/h2>\n\n\n\n<div class=\"gb-grid-wrapper gb-grid-wrapper-db75d53c\">\n<div class=\"gb-grid-column gb-grid-column-674b79eb\"><div class=\"gb-container gb-container-674b79eb\"><div class=\"gb-inside-container\">\n<ol class=\"wp-block-list\"><li>Ms Lia Akhalbedashvili (Georgia)<\/li><li>Ms Miroslava Angel (Ukraine)<\/li><li>Ms Marta Baginska (Ukraine)<\/li><li>Ms Viktoriia Boiko (Ukraine)<\/li><li>Ms Katrin Borgen (Estonia)<\/li><li>Mr Ion Braga (Moldova)<\/li><li>Mr Aleksandr Dusman (Estonia)<\/li><li>Ms Liis Elmik (Estonia)<\/li><li>Ms Maryia Figel (Ukraine)<\/li><li>Mr Giorgi Goletiani (Georgia)<\/li><li>Mr Andrei Ionel (Moldova)<\/li><li>Ms Kadri Klaaman (Estonia)<\/li><li>Ms Julia Knopp (Ukraine)<\/li><\/ol>\n<\/div><\/div><\/div>\n\n\n\n<div class=\"gb-grid-column gb-grid-column-6412f93a\"><div class=\"gb-container gb-container-6412f93a\"><div class=\"gb-inside-container\">\n<ol class=\"wp-block-list\" start=\"14\"><li>Mr Tanel K\u00e4bin (Estonia)<\/li><li>Mr Mikk Lellsaar (Estonia)<\/li><li>Mr Ion Macrinici (Moldova)<\/li><li>Ms Helen Niit (Estonia)<\/li><li>Ms Natalia Pinzari (Moldova)<\/li><li>Ms Ele Raik (Estonia)<\/li><li>Mr Francesco Ravanelli (Italy)<\/li><li>Mr Iulii Selianko (Ukraine)<\/li><li>Ms Janne Sepp (Estonia)<\/li><li>Mr Giorgi Tabagari (Georgia)<\/li><li>Mr Sven Tallo (Estonia)<\/li><li>Ms Mariam Tsitsishvili (Georgia)<\/li><li>Ms Victoria Vdovychenko (Ukraine)<\/li><\/ol>\n<\/div><\/div><\/div>\n\n\n\n<div class=\"gb-grid-column gb-grid-column-884ed1cd\"><div class=\"gb-container gb-container-884ed1cd\"><div class=\"gb-inside-container\">\n<figure class=\"wp-block-image size-large\"><img loading=\"lazy\" decoding=\"async\" width=\"1024\" height=\"680\" src=\"https:\/\/edk.edu.ee\/wp-content\/uploads\/2020\/10\/DIP_4431-1024x680.jpg\" alt=\"\" class=\"wp-image-4924\" srcset=\"https:\/\/edk.edu.ee\/wp-content\/uploads\/2020\/10\/DIP_4431-1024x680.jpg 1024w, https:\/\/edk.edu.ee\/wp-content\/uploads\/2020\/10\/DIP_4431-300x199.jpg 300w, https:\/\/edk.edu.ee\/wp-content\/uploads\/2020\/10\/DIP_4431-768x510.jpg 768w, https:\/\/edk.edu.ee\/wp-content\/uploads\/2020\/10\/DIP_4431-1536x1021.jpg 1536w, https:\/\/edk.edu.ee\/wp-content\/uploads\/2020\/10\/DIP_4431.jpg 1818w\" sizes=\"auto, (max-width: 1024px) 100vw, 1024px\" \/><\/figure>\n<\/div><\/div><\/div>\n<\/div>\n\n\n\n<h2 class=\"gb-headline gb-headline-4ed321e7\">Grupp 2008<\/h2>\n\n\n\n<div class=\"gb-grid-wrapper gb-grid-wrapper-1e3a0ff3\">\n<div class=\"gb-grid-column gb-grid-column-8fa34225\"><div class=\"gb-container gb-container-8fa34225\"><div class=\"gb-inside-container\">\n<ol class=\"wp-block-list\"><li>Ms Maria Andritcu (Moldova)<\/li><li>Ms Mareli Antsu (Estonia)<\/li><li>Mr Vsevolod Chekanov (Ukraine)<\/li><li>Mr Sergiu Costas (Moldova)<\/li><li>Ms Galyna Gorodetska (Ukraine)<\/li><li>Ms Merle Kasendi (Estonia)<\/li><li>Mr Iurii Komogorov (Ukraine)<\/li><li>Ms Meeli Laane (Estonia)<\/li><li>Ms Heli-Mall Laurits (Estonia)<\/li><li>Mr Valentin Lozovanu (Moldova)<\/li><li>Mr Irakli Mamporia (Georgia)<\/li><li>Mr Yura Martynov (Ukraine)<\/li><\/ol>\n<\/div><\/div><\/div>\n\n\n\n<div class=\"gb-grid-column gb-grid-column-3f3c1c52\"><div class=\"gb-container gb-container-3f3c1c52\"><div class=\"gb-inside-container\">\n<ol class=\"wp-block-list\" start=\"13\"><li>Mr Zakaria Megrelishvili (Georgia)<\/li><li>Ms Karin Noppel (Estonia)<\/li><li>Mr Vahur Orrin (Estonia)<\/li><li>Mr Meelis Paavel (Estonia)<\/li><li>Mr Kaupo Paltseri (Estonia)<\/li><li>Ms Merle P\u00e4rn (Estonia)<\/li><li>Mr Vitaliy Rulevsky (Ukraine)<\/li><li>Ms Anu Sarnet (Estonia)<\/li><li>Ms Galyna Shcherbak (Ukraine)<\/li><li>Ms Natalia Sokoluhina (Estonia)<\/li><li>Ms Nadia Yashina (Ukraine)<\/li><li>Ms Iulia Zmeu (Moldova)<\/li><\/ol>\n<\/div><\/div><\/div>\n\n\n\n<div class=\"gb-grid-column gb-grid-column-52f592a9\"><div class=\"gb-container gb-container-52f592a9\"><div class=\"gb-inside-container\">\n<figure class=\"wp-block-image size-large\"><img loading=\"lazy\" decoding=\"async\" width=\"1000\" height=\"750\" src=\"https:\/\/edk.edu.ee\/wp-content\/uploads\/2020\/10\/s07_08.jpg\" alt=\"\" class=\"wp-image-4926\" srcset=\"https:\/\/edk.edu.ee\/wp-content\/uploads\/2020\/10\/s07_08.jpg 1000w, https:\/\/edk.edu.ee\/wp-content\/uploads\/2020\/10\/s07_08-300x225.jpg 300w, https:\/\/edk.edu.ee\/wp-content\/uploads\/2020\/10\/s07_08-768x576.jpg 768w\" sizes=\"auto, (max-width: 1000px) 100vw, 1000px\" \/><\/figure>\n<\/div><\/div><\/div>\n<\/div>\n\n\n\n<h2 class=\"gb-headline gb-headline-80736532\">Grupp 2007<\/h2>\n\n\n\n<div class=\"gb-grid-wrapper gb-grid-wrapper-a4809f8d\">\n<div class=\"gb-grid-column gb-grid-column-69b7376a\"><div class=\"gb-container gb-container-69b7376a\"><div class=\"gb-inside-container\">\n<ol class=\"wp-block-list\"><li>Ms Evelin Adamson (Estonia)<\/li><li>Ms Katalina Astalosh (Ukraine)<\/li><li>Ms Diana Durlestean (Moldova)<\/li><li>Ms Nataliia Gavrysh (Ukraine)<\/li><li>Ms Olga Gherasim (Moldova)<\/li><li>Ms Daria Goncearova (Moldova)<\/li><li>Mr Victor Guzun (Moldova)<\/li><li>Ms Eva-Liisa Jaanus (Estonia)<\/li><li>Mr Aleksandre Jishkariani (Georgia)<\/li><li>Ms Kelli Kaarep (Estonia)<\/li><li>Ms Maily-Maria Kiviselg (Estonia)<\/li><li>Ms Tetiana Kondrashevska (Ukraine)<\/li><li>Mr Oleksandr Kyrychenko (Ukraine)<\/li><\/ol>\n<\/div><\/div><\/div>\n\n\n\n<div class=\"gb-grid-column gb-grid-column-996d0702\"><div class=\"gb-container gb-container-996d0702\"><div class=\"gb-inside-container\">\n<ol class=\"wp-block-list\" start=\"14\"><li>Ms Nataliia Kyselova (Ukraine)<\/li><li>Ms \u00dcve Maloverjan (Estonia)<\/li><li>Mr Mykhaylo Mihay (Ukraine)<\/li><li>Ms Mari Minn (Estonia)<\/li><li>Ms Olga Panasevit (Estonia)<\/li><li>Mr Risto Roos (Estonia)<\/li><li>Mr Meelis Ruustalu (Estonia)<\/li><li>Mr Meelis Saal (Estonia)<\/li><li>Mr Karl Salum (Estonia)<\/li><li>Ms Ievgeniia Semko (Ukraine)<\/li><li>Mr Andreas Sepp (Estonia)<\/li><li>Ms Kadi Veldi (Estonia)<\/li><\/ol>\n<\/div><\/div><\/div>\n\n\n\n<div class=\"gb-grid-column gb-grid-column-54613c2f\"><div class=\"gb-container gb-container-54613c2f\"><div class=\"gb-inside-container\">\n<figure class=\"wp-block-image size-large\"><img loading=\"lazy\" decoding=\"async\" width=\"500\" height=\"332\" src=\"https:\/\/edk.edu.ee\/wp-content\/uploads\/2020\/10\/Grupp_200708.jpg\" alt=\"\" class=\"wp-image-4928\" srcset=\"https:\/\/edk.edu.ee\/wp-content\/uploads\/2020\/10\/Grupp_200708.jpg 500w, https:\/\/edk.edu.ee\/wp-content\/uploads\/2020\/10\/Grupp_200708-300x199.jpg 300w\" sizes=\"auto, (max-width: 500px) 100vw, 500px\" \/><\/figure>\n<\/div><\/div><\/div>\n<\/div>\n\n\n\n<h2 class=\"gb-headline gb-headline-28a16615\">Grupp 2006<\/h2>\n\n\n\n<div class=\"gb-grid-wrapper gb-grid-wrapper-856e2ac2\">\n<div class=\"gb-grid-column gb-grid-column-e6cb50cc\"><div class=\"gb-container gb-container-e6cb50cc\"><div class=\"gb-inside-container\">\n<ol class=\"wp-block-list\"><li>Mr Carlo Accorsi (Italy)<\/li><li>Ms Margaryta Aristova (Ukraine)<\/li><li>Ms Ekaterine Chokheli (Georgia)<\/li><li>Mr Yevgen Chygrynskyy (Ukraine)<\/li><li>Ms Zofia Davodovskaja (Estonia)<\/li><li>Ms Anna-Maria Galojan (Estonia)<\/li><li>Ms Regina Herodes (Estonia)<\/li><li>Ms Triin Hiiesalu (Estonia)<\/li><li>Ms Alice J\u00e4rvet (Estonia)<\/li><li>Ms Svitlana Kolomiyets (Ukraine)<\/li><li>Mr Denis Konyashkin (Ukraine)<\/li><\/ol>\n<\/div><\/div><\/div>\n\n\n\n<div class=\"gb-grid-column gb-grid-column-b118ce08\"><div class=\"gb-container gb-container-b118ce08\"><div class=\"gb-inside-container\">\n<ol class=\"wp-block-list\" start=\"12\"><li>Ms Agnia Kuzmina (Estonia)<\/li><li>Mr Silvar Laanem\u00e4e (Estonia)<\/li><li>Ms Yuliya Novykova (Ukraine)<\/li><li>Mr Sergiu Odainic (Ukraine)<\/li><li>Mr Nikolai Ostasov (Estonia)<\/li><li>Mr Eero Salmann (Estonia)<\/li><li>Ms Triin Uibo (Estonia)<\/li><li>Ms Margit Umj\u00e4rv (Estonia)<\/li><li>Ms Kristina Vasser (Estonia)<\/li><li>Ms Klarika Virit (Estonia)<\/li><li>Ms K\u00fclli V\u00e4ljam\u00e4e (Estonia)<\/li><\/ol>\n<\/div><\/div><\/div>\n\n\n\n<div class=\"gb-grid-column gb-grid-column-5abc5e4f\"><div class=\"gb-container gb-container-5abc5e4f\"><div class=\"gb-inside-container\">\n<figure class=\"wp-block-image size-large\"><img loading=\"lazy\" decoding=\"async\" width=\"1024\" height=\"679\" src=\"https:\/\/edk.edu.ee\/wp-content\/uploads\/2020\/10\/edk2006s-1024x679.jpg\" alt=\"\" class=\"wp-image-4930\" srcset=\"https:\/\/edk.edu.ee\/wp-content\/uploads\/2020\/10\/edk2006s-1024x679.jpg 1024w, https:\/\/edk.edu.ee\/wp-content\/uploads\/2020\/10\/edk2006s-300x199.jpg 300w, https:\/\/edk.edu.ee\/wp-content\/uploads\/2020\/10\/edk2006s-768x509.jpg 768w, https:\/\/edk.edu.ee\/wp-content\/uploads\/2020\/10\/edk2006s-1536x1019.jpg 1536w, https:\/\/edk.edu.ee\/wp-content\/uploads\/2020\/10\/edk2006s.jpg 1544w\" sizes=\"auto, (max-width: 1024px) 100vw, 1024px\" \/><\/figure>\n<\/div><\/div><\/div>\n<\/div>\n\n\n\n<h2 class=\"gb-headline gb-headline-a1094ed0\">Grupp 2005<\/h2>\n\n\n\n<div class=\"gb-grid-wrapper gb-grid-wrapper-ba6c18b9\">\n<div class=\"gb-grid-column gb-grid-column-c9ae2654\"><div class=\"gb-container gb-container-c9ae2654\"><div class=\"gb-inside-container\">\n<ol class=\"wp-block-list\"><li>Ms Mariann Arengu<\/li><li>Mr M\u00e4rt-Martin Arengu<\/li><li>Ms Evelin Erm<\/li><li>Mr Janno Kauts<\/li><li>Ms Kaili Kuldsaar<\/li><li>Ms Merle Lust<\/li><li>Mr Filipp Mustonen<\/li><li>Ms Leelet Nellis<\/li><li>Ms Andra Olm<\/li><\/ol>\n<\/div><\/div><\/div>\n\n\n\n<div class=\"gb-grid-column gb-grid-column-9687882e\"><div class=\"gb-container gb-container-9687882e\"><div class=\"gb-inside-container\">\n<ol class=\"wp-block-list\" start=\"10\"><li>Ms Maarika P\u00e4hklem\u00e4e<\/li><li>Ms Tuulika Soov\u00e4li<\/li><li>Ms Irina Stseblanova<\/li><li>Ms Jaanika S\u00f5mmer<\/li><li>Ms Helin Taal<\/li><li>Ms Mare Tropp<\/li><li>Ms Diana Tur<\/li><li>Ms Laura Veel<\/li><li>Mr Tanel Veisson<\/li><\/ol>\n<\/div><\/div><\/div>\n\n\n\n<div class=\"gb-grid-column gb-grid-column-63a7053c\"><div class=\"gb-container gb-container-63a7053c\"><div class=\"gb-inside-container\">\n<figure class=\"wp-block-image size-large\"><img loading=\"lazy\" decoding=\"async\" width=\"500\" height=\"349\" src=\"https:\/\/edk.edu.ee\/wp-content\/uploads\/2020\/10\/edk2005.jpg\" alt=\"\" class=\"wp-image-4932\" srcset=\"https:\/\/edk.edu.ee\/wp-content\/uploads\/2020\/10\/edk2005.jpg 500w, https:\/\/edk.edu.ee\/wp-content\/uploads\/2020\/10\/edk2005-300x209.jpg 300w\" sizes=\"auto, (max-width: 500px) 100vw, 500px\" \/><\/figure>\n<\/div><\/div><\/div>\n<\/div>\n\n\n\n<h2 class=\"gb-headline gb-headline-b62229f8\">Grupp 2004<\/h2>\n\n\n\n<div class=\"gb-grid-wrapper gb-grid-wrapper-daf967c8\">\n<div class=\"gb-grid-column gb-grid-column-0917b675\"><div class=\"gb-container gb-container-0917b675\"><div class=\"gb-inside-container\">\n<ol class=\"wp-block-list\"><li>Mr Peep Amisepp<\/li><li>Mr Gert Auv\u00e4\u00e4rt<\/li><li>Ms Aive Karing<\/li><li>Mr Raivo Kiis<\/li><li>Ms Heli Laarmann<\/li><li>Ms Minna-Liina Lind<\/li><li>Mr Fred Podnek<\/li><li>Ms Kadi Reial<\/li><li>Ms \u00dclle Reimann<\/li><\/ol>\n<\/div><\/div><\/div>\n\n\n\n<div class=\"gb-grid-column gb-grid-column-bef2a959\"><div class=\"gb-container gb-container-bef2a959\"><div class=\"gb-inside-container\">\n<ol class=\"wp-block-list\" start=\"10\"><li>Ms Anna Saarne<\/li><li>Ms Katrin Savom\u00e4gi<\/li><li>Ms Mairi Sikka<\/li><li>Ms Anu Suvi<\/li><li>Ms Riin Tipp<\/li><li>Ms Marika Tubli<\/li><li>Ms Reelika Vakkermann<\/li><li>Mr Heiti Valgvee<\/li><li>Ms Marika Varganova<\/li><\/ol>\n<\/div><\/div><\/div>\n\n\n\n<div class=\"gb-grid-column gb-grid-column-9f50ac68\"><div class=\"gb-container gb-container-9f50ac68\"><div class=\"gb-inside-container\">\n<figure class=\"wp-block-image size-large\"><img loading=\"lazy\" decoding=\"async\" width=\"998\" height=\"664\" src=\"https:\/\/edk.edu.ee\/wp-content\/uploads\/2020\/10\/s03_04.jpg\" alt=\"\" class=\"wp-image-4934\" srcset=\"https:\/\/edk.edu.ee\/wp-content\/uploads\/2020\/10\/s03_04.jpg 998w, https:\/\/edk.edu.ee\/wp-content\/uploads\/2020\/10\/s03_04-300x200.jpg 300w, https:\/\/edk.edu.ee\/wp-content\/uploads\/2020\/10\/s03_04-768x511.jpg 768w, https:\/\/edk.edu.ee\/wp-content\/uploads\/2020\/10\/s03_04-600x400.jpg 600w\" sizes=\"auto, (max-width: 998px) 100vw, 998px\" \/><\/figure>\n<\/div><\/div><\/div>\n<\/div>\n\n\n\n<h2 class=\"gb-headline gb-headline-7be9517c\">Grupp 2003<\/h2>\n\n\n\n<div class=\"gb-grid-wrapper gb-grid-wrapper-7e886f2c\">\n<div class=\"gb-grid-column gb-grid-column-01c80a66\"><div class=\"gb-container gb-container-01c80a66\"><div class=\"gb-inside-container\">\n<ol class=\"wp-block-list\"><li>Ms Anneli Alekand<\/li><li>Ms Kersti Eensaar<\/li><li>Ms Sevil Gandahhova<\/li><li>Mr Anton Gans<\/li><li>Ms Kristel Illaste<\/li><li>Ms Pille Ilves<\/li><li>Mr Alar Kondratjev<\/li><li>Ms Maria K\u00fctt<\/li><li>Ms Anneli Laansoo<\/li><li>Ms Alice Laas<\/li><li>Ms Ketevan Mose\u0161vili<\/li><li>Mr Indrek Partels<\/li><\/ol>\n<\/div><\/div><\/div>\n\n\n\n<div class=\"gb-grid-column gb-grid-column-7cce0cc8\"><div class=\"gb-container gb-container-7cce0cc8\"><div class=\"gb-inside-container\">\n<ol class=\"wp-block-list\" start=\"13\"><li>Ms Margit Raid<\/li><li>Ms Ines Rantanen<\/li><li>Ms Hedi Reitel<\/li><li>Ms Juliana Riitsaar<\/li><li>Ms Moonika Rosme<\/li><li>Ms Keiu Saral<\/li><li>Ms Aari Stalde<\/li><li>Mr Aleksei Teor<\/li><li>Ms Karen Tikenberg<\/li><li>Mr Jaan T\u00f5llasepp<\/li><li>Mr Roland T\u00f5nnison<\/li><li>Mr Tarmo V\u00f5idula<\/li><\/ol>\n<\/div><\/div><\/div>\n\n\n\n<div class=\"gb-grid-column gb-grid-column-5732997f\"><div class=\"gb-container gb-container-5732997f\"><div class=\"gb-inside-container\">\n<figure class=\"wp-block-image size-large\"><img loading=\"lazy\" decoding=\"async\" width=\"1000\" height=\"677\" src=\"https:\/\/edk.edu.ee\/wp-content\/uploads\/2020\/10\/s02_03.jpg\" alt=\"\" class=\"wp-image-4936\" srcset=\"https:\/\/edk.edu.ee\/wp-content\/uploads\/2020\/10\/s02_03.jpg 1000w, https:\/\/edk.edu.ee\/wp-content\/uploads\/2020\/10\/s02_03-300x203.jpg 300w, https:\/\/edk.edu.ee\/wp-content\/uploads\/2020\/10\/s02_03-768x520.jpg 768w\" sizes=\"auto, (max-width: 1000px) 100vw, 1000px\" \/><\/figure>\n<\/div><\/div><\/div>\n<\/div>\n\n\n\n<h2 class=\"gb-headline gb-headline-783adc69\">Grupp 2002<\/h2>\n\n\n\n<div class=\"gb-grid-wrapper gb-grid-wrapper-065edb1b\">\n<div class=\"gb-grid-column gb-grid-column-f725d1f4\"><div class=\"gb-container gb-container-f725d1f4\"><div class=\"gb-inside-container\">\n<ol class=\"wp-block-list\"><li>Mr Indrek Bartels<\/li><li>Ms Kadi Herk\u00fcl<\/li><li>Mr Risto H\u00fcbner<\/li><li>Mr Ardo-Heiki Ingar<\/li><li>Ms Anneli Ivanov<\/li><li>Ms Katrin Jaakson<\/li><li>Ms Mirjam J\u00f5e<\/li><li>Ms Liina Kotkas<\/li><li>Ms Katrin Leosk<\/li><li>Mr Urmas Lepik<\/li><li>Mr Vahur Luhtsalu<\/li><li>Ms Julika Luts<\/li><\/ol>\n<\/div><\/div><\/div>\n\n\n\n<div class=\"gb-grid-column gb-grid-column-880756d5\"><div class=\"gb-container gb-container-880756d5\"><div class=\"gb-inside-container\">\n<ol class=\"wp-block-list\" start=\"13\"><li>Mr Toomas Luhats<\/li><li>Ms Merike M\u00e4tas<\/li><li>Ms Eve N\u00f5mm<\/li><li>Ms Margitta Otsmaa<\/li><li>Ms Piret Pildre<\/li><li>Ms Maris Rahnu<\/li><li>Mr Lenno Reimand<\/li><li>Mr Eero Talvistu<\/li><li>Ms Anu Truup\u00f5ld<\/li><li>Mr Harli Uljas<\/li><li>Ms Liina Viies<\/li><li>Mr Ingmar Lindstr\u00f6m<\/li><\/ol>\n<\/div><\/div><\/div>\n\n\n\n<div class=\"gb-grid-column gb-grid-column-1ab789a3\"><div class=\"gb-container gb-container-1ab789a3\"><div class=\"gb-inside-container\">\n<figure class=\"wp-block-image size-large\"><img loading=\"lazy\" decoding=\"async\" width=\"1000\" height=\"681\" src=\"https:\/\/edk.edu.ee\/wp-content\/uploads\/2020\/10\/s01_02.jpg\" alt=\"\" class=\"wp-image-4938\" srcset=\"https:\/\/edk.edu.ee\/wp-content\/uploads\/2020\/10\/s01_02.jpg 1000w, https:\/\/edk.edu.ee\/wp-content\/uploads\/2020\/10\/s01_02-300x204.jpg 300w, https:\/\/edk.edu.ee\/wp-content\/uploads\/2020\/10\/s01_02-768x523.jpg 768w\" sizes=\"auto, (max-width: 1000px) 100vw, 1000px\" \/><\/figure>\n<\/div><\/div><\/div>\n<\/div>\n\n\n\n<h2 class=\"gb-headline gb-headline-46db16f9\">Grupp 2001<\/h2>\n\n\n\n<div class=\"gb-grid-wrapper gb-grid-wrapper-8bc3ec6f\">\n<div class=\"gb-grid-column gb-grid-column-5503f87f\"><div class=\"gb-container gb-container-5503f87f\"><div class=\"gb-inside-container\">\n<ol class=\"wp-block-list\"><li>Mr Ilmar Haak<\/li><li>Ms Kaja Hinno<\/li><li>Ms Katrin H\u00f6\u00f6velson<\/li><li>Ms Jana Karilaid<\/li><li>Ms Katre Kasmel<\/li><li>Ms Lia Kasuk<\/li><li>Mr Konstantin Kotivnenko<\/li><li>Ms Kaari Lainevool<\/li><li>Mr Toomas Moor<\/li><li>Ms Riina M\u00e4gi<\/li><li>Mr Karl Pedak<\/li><\/ol>\n<\/div><\/div><\/div>\n\n\n\n<div class=\"gb-grid-column gb-grid-column-63c69f42\"><div class=\"gb-container gb-container-63c69f42\"><div class=\"gb-inside-container\">\n<ol class=\"wp-block-list\" start=\"12\"><li>Ms Jelena Petrova<\/li><li>Mr Boris Polov<\/li><li>Mr Simmo Soomets<\/li><li>Mr Eero Talvistu<\/li><li>Ms Hanna-Liisa Tamm<\/li><li>Mr Erik Tarkpea<\/li><li>Ms Ingrid Udam<\/li><li>Mr Andro Vilu<\/li><li>Ms Elina Viilup<\/li><li>Ms Ingrid Viinam\u00e4e<\/li><\/ol>\n<\/div><\/div><\/div>\n\n\n\n<div class=\"gb-grid-column gb-grid-column-64c4f27c\"><div class=\"gb-container gb-container-64c4f27c\"><div class=\"gb-inside-container\">\n<figure class=\"wp-block-image size-large\"><img loading=\"lazy\" decoding=\"async\" width=\"1000\" height=\"686\" src=\"https:\/\/edk.edu.ee\/wp-content\/uploads\/2020\/10\/s00_01.jpg\" alt=\"\" class=\"wp-image-4940\" srcset=\"https:\/\/edk.edu.ee\/wp-content\/uploads\/2020\/10\/s00_01.jpg 1000w, https:\/\/edk.edu.ee\/wp-content\/uploads\/2020\/10\/s00_01-300x206.jpg 300w, https:\/\/edk.edu.ee\/wp-content\/uploads\/2020\/10\/s00_01-768x527.jpg 768w\" sizes=\"auto, (max-width: 1000px) 100vw, 1000px\" \/><\/figure>\n<\/div><\/div><\/div>\n<\/div>\n\n\n\n<h2 class=\"gb-headline gb-headline-179b5083\">Grupp 2001 (2-aastane kaug\u00f5ppeprogramm)<\/h2>\n\n\n\n<div class=\"gb-grid-wrapper gb-grid-wrapper-823d822f\">\n<div class=\"gb-grid-column gb-grid-column-759f9706\"><div class=\"gb-container gb-container-759f9706\"><div class=\"gb-inside-container\">\n<ol class=\"wp-block-list\"><li>Mr Kalle Bammer<\/li><li>Mr Harri Erlich<\/li><li>Ms \u00dclle Hanson<\/li><li>Ms Karin Keerdo<\/li><li>Mr Heiko Kivihall<\/li><li>Mr Priit Kivik<\/li><li>Mr Hannes Kont<\/li><li>Ms Kaie Kork<\/li><li>Mr Aare-Paul Lattik<\/li><li>Mr Aive Levandi<\/li><\/ol>\n<\/div><\/div><\/div>\n\n\n\n<div class=\"gb-grid-column gb-grid-column-a35ca9d0\"><div class=\"gb-container gb-container-a35ca9d0\"><div class=\"gb-inside-container\">\n<ol class=\"wp-block-list\" start=\"11\"><li>Mr J\u00fcri M\u00e4nnisalu<\/li><li>Mr Ahto M\u00fclla<\/li><li>Mr Arvi Perv<\/li><li>Ms Kairi Pirk<\/li><li>Mr Sixten Sild<\/li><li>Ms Vivika Tael<\/li><li>Ms Gerli Taniloo<\/li><li>Mr Andrei Valentinov<\/li><li>Ms Annika Veimer<\/li><li>Ms Tiiu V\u00e4ndre<\/li><\/ol>\n<\/div><\/div><\/div>\n\n\n\n<div class=\"gb-grid-column gb-grid-column-3cd5c97e\"><div class=\"gb-container gb-container-3cd5c97e\"><div class=\"gb-inside-container\">\n<figure class=\"wp-block-image size-large\"><img loading=\"lazy\" decoding=\"async\" width=\"1000\" height=\"680\" src=\"https:\/\/edk.edu.ee\/wp-content\/uploads\/2020\/10\/s99_00_kaug6pe.jpg\" alt=\"\" class=\"wp-image-4946\" srcset=\"https:\/\/edk.edu.ee\/wp-content\/uploads\/2020\/10\/s99_00_kaug6pe.jpg 1000w, https:\/\/edk.edu.ee\/wp-content\/uploads\/2020\/10\/s99_00_kaug6pe-300x204.jpg 300w, https:\/\/edk.edu.ee\/wp-content\/uploads\/2020\/10\/s99_00_kaug6pe-768x522.jpg 768w\" sizes=\"auto, (max-width: 1000px) 100vw, 1000px\" \/><\/figure>\n<\/div><\/div><\/div>\n<\/div>\n\n\n\n<p><\/p>\n","protected":false},"excerpt":{"rendered":"<p>Grupp 2010 Grupp 2009 Grupp 2008 Grupp 2007 Grupp 2006 Grupp 2005 Grupp 2004 Grupp 2003 Grupp 2002 Grupp 2001 Grupp 2001 (2-aastane kaug\u00f5ppeprogramm)<\/p>\n","protected":false},"author":2,"featured_media":0,"parent":5030,"menu_order":8,"comment_status":"closed","ping_status":"closed","template":"","meta":{"footnotes":""},"class_list":["post-5036","page","type-page","status-publish"],"_links":{"self":[{"href":"https:\/\/edk.edu.ee\/et\/wp-json\/wp\/v2\/pages\/5036","targetHints":{"allow":["GET"]}}],"collection":[{"href":"https:\/\/edk.edu.ee\/et\/wp-json\/wp\/v2\/pages"}],"about":[{"href":"https:\/\/edk.edu.ee\/et\/wp-json\/wp\/v2\/types\/page"}],"author":[{"embeddable":true,"href":"https:\/\/edk.edu.ee\/et\/wp-json\/wp\/v2\/users\/2"}],"replies":[{"embeddable":true,"href":"https:\/\/edk.edu.ee\/et\/wp-json\/wp\/v2\/comments?post=5036"}],"version-history":[{"count":0,"href":"https:\/\/edk.edu.ee\/et\/wp-json\/wp\/v2\/pages\/5036\/revisions"}],"up":[{"embeddable":true,"href":"https:\/\/edk.edu.ee\/et\/wp-json\/wp\/v2\/pages\/5030"}],"wp:attachment":[{"href":"https:\/\/edk.edu.ee\/et\/wp-json\/wp\/v2\/media?parent=5036"}],"curies":[{"name":"wp","href":"https:\/\/api.w.org\/{rel}","templated":true}]}}