{"id":5046,"date":"2020-10-20T08:07:24","date_gmt":"2020-10-20T08:07:24","guid":{"rendered":"https:\/\/edk.edu.ee\/?page_id=5046"},"modified":"2025-05-02T14:24:13","modified_gmt":"2025-05-02T11:24:13","slug":"home","status":"publish","type":"page","link":"https:\/\/edk.edu.ee\/et\/","title":{"rendered":"Esileht"},"content":{"rendered":"<div class=\"n2_clear\"><ss3-force-full-width data-overflow-x=\"body\" data-horizontal-selector=\"body\"><div class=\"n2-section-smartslider fitvidsignore  n2_clear\" data-ssid=\"4\" tabindex=\"0\" role=\"region\" aria-label=\"Slider\" style=\"height:600px;\"><div id=\"n2-ss-4-align\" class=\"n2-ss-align\"><div class=\"n2-padding\"><template id=\"n2-ss-4_t\" data-loading-type=\"afterOnLoad\"><div id=\"n2-ss-4\" data-creator=\"Smart Slider 3\" data-responsive=\"fullwidth\" class=\"n2-ss-slider n2-ow n2-has-hover n2notransition  \">\n\n\n\n<div class=\"n2-ss-slider-wrapper-inside\">\n        <div class=\"n2-ss-slider-1 n2_ss__touch_element n2-ow\">\n            <div class=\"n2-ss-slider-2 n2-ow\">\n                                                    <div class=\"n2-ss-background-animation n2-ow\"><\/div>\n                                <div class=\"n2-ss-slider-3 n2-ow\">\n\n                    <div class=\"n2-ss-slide-backgrounds n2-ow-all\"><div class=\"n2-ss-slide-background\" data-public-id=\"1\" data-mode=\"fill\"><div class=\"n2-ss-slide-background-image\" data-blur=\"0\" data-opacity=\"100\" data-x=\"50\" data-y=\"36\" data-alt=\"\" data-title=\"\" style=\"--ss-o-pos-y:36%\"><picture class=\"skip-lazy\" data-skip-lazy=\"1\"><img decoding=\"async\" src=\"\/\/edk.edu.ee\/wp-content\/uploads\/2020\/10\/Slaider-IV-III.jpg\" alt=\"\" title=\"\" loading=\"lazy\" class=\"skip-lazy\" data-skip-lazy=\"1\"><\/picture><\/div><div data-color=\"RGBA(31,45,61,0.2)\" style=\"background-color: RGBA(31,45,61,0.2);\" class=\"n2-ss-slide-background-color\" data-overlay=\"1\"><\/div><\/div><div class=\"n2-ss-slide-background\" data-public-id=\"2\" data-mode=\"fill\"><div class=\"n2-ss-slide-background-image\" data-blur=\"0\" data-opacity=\"100\" data-x=\"50\" data-y=\"50\" data-alt=\"\" data-title=\"\"><picture class=\"skip-lazy\" data-skip-lazy=\"1\"><img decoding=\"async\" src=\"\/\/edk.edu.ee\/wp-content\/uploads\/2020\/10\/slaider-2-20201022-112621.jpg\" alt=\"\" title=\"\" loading=\"lazy\" class=\"skip-lazy\" data-skip-lazy=\"1\"><\/picture><\/div><div data-color=\"RGBA(31,45,61,0.26)\" style=\"background-color: RGBA(31,45,61,0.26);\" class=\"n2-ss-slide-background-color\" data-overlay=\"1\"><\/div><\/div><div class=\"n2-ss-slide-background\" data-public-id=\"3\" data-mode=\"fill\"><div class=\"n2-ss-slide-background-image\" data-blur=\"0\" data-opacity=\"80\" data-x=\"51\" data-y=\"0\" data-alt=\"\" data-title=\"\" style=\"opacity:0.8;--ss-o-pos-x:51%;--ss-o-pos-y:0%\"><picture class=\"skip-lazy\" data-skip-lazy=\"1\"><img decoding=\"async\" src=\"\/\/edk.edu.ee\/wp-content\/uploads\/2020\/11\/HD-alumni-5.jpg\" alt=\"\" title=\"\" loading=\"lazy\" class=\"skip-lazy\" data-skip-lazy=\"1\"><\/picture><\/div><div data-color=\"RGBA(31,45,61,1)\" style=\"background-color: RGBA(31,45,61,1);\" class=\"n2-ss-slide-background-color\"><\/div><\/div><div class=\"n2-ss-slide-background\" data-public-id=\"4\" data-mode=\"fill\"><div class=\"n2-ss-slide-background-image\" data-blur=\"0\" data-opacity=\"100\" data-x=\"50\" data-y=\"50\" data-alt=\"\" data-title=\"\"><picture class=\"skip-lazy\" data-skip-lazy=\"1\"><img decoding=\"async\" src=\"\/\/edk.edu.ee\/wp-content\/uploads\/2020\/10\/slaider-3-20201022-112842.jpg\" alt=\"\" title=\"\" loading=\"lazy\" class=\"skip-lazy\" data-skip-lazy=\"1\"><\/picture><\/div><div data-color=\"RGBA(31,45,61,0.23)\" style=\"background-color: RGBA(31,45,61,0.23);\" class=\"n2-ss-slide-background-color\" data-overlay=\"1\"><\/div><\/div><\/div>                    <div class=\"n2-ss-slider-4 n2-ow\">\n                        <svg xmlns=\"http:\/\/www.w3.org\/2000\/svg\" viewBox=\"0 0 1200 600\" data-related-device=\"desktopPortrait\" class=\"n2-ow n2-ss-preserve-size n2-ss-preserve-size--slider n2-ss-slide-limiter\"><\/svg><div data-first=\"1\" data-slide-duration=\"0\" data-id=\"16\" data-slide-public-id=\"1\" data-title=\"Slide-1\" class=\"n2-ss-slide n2-ow  n2-ss-slide-16\"><div role=\"note\" class=\"n2-ss-slide--focus\" tabindex=\"-1\">Slide-1<\/div><div class=\"n2-ss-layers-container n2-ss-slide-limiter n2-ow\"><div class=\"n2-ss-layer n2-ow n-uc-l6OU8IkE2AvX\" data-sstype=\"slide\" data-pm=\"default\"><div class=\"n2-ss-layer n2-ow n-uc-5DZRBOA356WC\" data-pm=\"default\" data-sstype=\"content\" data-hasbackground=\"0\"><div class=\"n2-ss-section-main-content n2-ss-layer-with-background n2-ss-layer-content n2-ow n-uc-5DZRBOA356WC-inner\"><div class=\"n2-ss-layer n2-ow n-uc-05NUq2kGbIXu\" data-pm=\"normal\" data-sstype=\"layer\"><div class=\"n2-ss-item-content n2-ss-text n2-ow-all\"><div class=\"\"><\/div><\/div><\/div><\/div><\/div><\/div><\/div><\/div><div data-slide-duration=\"0\" data-id=\"17\" data-slide-public-id=\"2\" data-title=\"Slide-2\" data-haslink=\"1\" data-href=\"https:\/\/edk.edu.ee\/et\/programmid\/9-kuune-oppeprogramm\/\" tabindex=\"0\" role=\"button\" data-n2click=\"url\" data-force-pointer=\"\" class=\"n2-ss-slide n2-ow  n2-ss-slide-17\"><div role=\"note\" class=\"n2-ss-slide--focus\">Slide-2<\/div><div class=\"n2-ss-layers-container n2-ss-slide-limiter n2-ow\"><div class=\"n2-ss-layer n2-ow n-uc-ZlUVp3KuQWjz\" data-sstype=\"slide\" data-pm=\"default\"><div class=\"n2-ss-layer n2-ow n-uc-ko312Jj9uLzF\" data-pm=\"default\" data-sstype=\"content\" data-hasbackground=\"0\"><div class=\"n2-ss-section-main-content n2-ss-layer-with-background n2-ss-layer-content n2-ow n-uc-ko312Jj9uLzF-inner\"><div class=\"n2-ss-layer n2-ow n-uc-lW5Y6G3GWWY7\" data-pm=\"normal\" data-sstype=\"layer\"><div class=\"n2-ss-item-content n2-ss-text n2-ow-all\"><div class=\"\"><p class=\"n2-font-836e249ce73982ea03ca17ef1720c4ad-paragraph   \">Ainulaadne t\u00e4iendkoolitusprogramm:<br \/>\n&#8220;Rahvusvahelised suhted ja diplomaatia&#8221;<\/p>\n<\/div><\/div><\/div><\/div><\/div><\/div><\/div><\/div><div data-slide-duration=\"0\" data-id=\"18\" data-slide-public-id=\"3\" data-title=\"Slide-3\" data-haslink=\"1\" data-href=\"https:\/\/edk.edu.ee\/et\/vilistlased\/vilistlaste-lood\/\" tabindex=\"0\" role=\"button\" data-n2click=\"url\" data-force-pointer=\"\" class=\"n2-ss-slide n2-ow  n2-ss-slide-18\"><div role=\"note\" class=\"n2-ss-slide--focus\">Slide-3<\/div><div class=\"n2-ss-layers-container n2-ss-slide-limiter n2-ow\"><div class=\"n2-ss-layer n2-ow n-uc-jcoTvY9o08Q1\" data-sstype=\"slide\" data-pm=\"default\"><div class=\"n2-ss-layer n2-ow n-uc-cHJGajWSRMwt\" data-pm=\"default\" data-sstype=\"content\" data-hasbackground=\"0\"><div class=\"n2-ss-section-main-content n2-ss-layer-with-background n2-ss-layer-content n2-ow n-uc-cHJGajWSRMwt-inner\"><div class=\"n2-ss-layer n2-ow n-uc-POJbe2RJHtc5\" data-pm=\"normal\" data-sstype=\"layer\"><div class=\"n2-ss-item-content n2-ss-text n2-ow-all\"><div class=\"\"><p class=\"n2-font-ce0aa14f5b3e2280351158cae935f55a-paragraph   \">EDK-l on \u00fcle 800 l\u00f5petanu k\u00f5ikjalt maailmast<\/p>\n<\/div><\/div><\/div><\/div><\/div><\/div><\/div><\/div><div data-slide-duration=\"0\" data-id=\"19\" data-slide-public-id=\"4\" data-title=\"Slide-4\" data-haslink=\"1\" data-href=\"https:\/\/edk.edu.ee\/et\/sisseastumine\/vabakuulajana-osalemine\/\" tabindex=\"0\" role=\"button\" data-n2click=\"url\" data-force-pointer=\"\" class=\"n2-ss-slide n2-ow  n2-ss-slide-19\"><div role=\"note\" class=\"n2-ss-slide--focus\">Slide-4<\/div><div class=\"n2-ss-layers-container n2-ss-slide-limiter n2-ow\"><div class=\"n2-ss-layer n2-ow n-uc-J2z3qLl4G5uD\" data-sstype=\"slide\" data-pm=\"default\"><div class=\"n2-ss-layer n2-ow n-uc-qw1T4wGanViR\" data-pm=\"default\" data-sstype=\"content\" data-hasbackground=\"0\"><div class=\"n2-ss-section-main-content n2-ss-layer-with-background n2-ss-layer-content n2-ow n-uc-qw1T4wGanViR-inner\"><div class=\"n2-ss-layer n2-ow n-uc-A9EHBcmZaG75\" data-pm=\"normal\" data-sstype=\"layer\"><div class=\"n2-ss-item-content n2-ss-text n2-ow-all\"><div class=\"\"><p class=\"n2-font-ce0aa14f5b3e2280351158cae935f55a-paragraph   \">Vali meelep\u00e4rane kursus ja tule vabakuulajaks!<\/p>\n<\/div><\/div><\/div><\/div><\/div><\/div><\/div><\/div>                    <\/div>\n\n                                    <\/div>\n            <\/div>\n        <\/div>\n        <div class=\"n2-ss-slider-controls n2-ss-slider-controls-absolute-left-center\"><div style=\"--widget-offset:15px;\" class=\"n2-ss-widget nextend-arrow n2-ow-all nextend-arrow-previous  nextend-arrow-animated-fade\" data-hide-mobileportrait=\"1\" id=\"n2-ss-4-arrow-previous\" role=\"button\" aria-label=\"previous arrow\" tabindex=\"0\"><img loading=\"lazy\" decoding=\"async\" width=\"32\" height=\"32\" class=\"skip-lazy\" data-skip-lazy=\"1\" src=\"data:image\/svg+xml;base64,PHN2ZyB3aWR0aD0iMzIiIGhlaWdodD0iMzIiIHZpZXdCb3g9IjAgMCAzMiAzMiIgeG1sbnM9Imh0dHA6Ly93d3cudzMub3JnLzIwMDAvc3ZnIj4KICAgIDxwYXRoIGQ9Ik0xMS40MzMgMTUuOTkyTDIyLjY5IDUuNzEyYy4zOTMtLjM5LjM5My0xLjAzIDAtMS40Mi0uMzkzLS4zOS0xLjAzLS4zOS0xLjQyMyAwbC0xMS45OCAxMC45NGMtLjIxLjIxLS4zLjQ5LS4yODUuNzYtLjAxNS4yOC4wNzUuNTYuMjg0Ljc3bDExLjk4IDEwLjk0Yy4zOTMuMzkgMS4wMy4zOSAxLjQyNCAwIC4zOTMtLjQuMzkzLTEuMDMgMC0xLjQybC0xMS4yNTctMTAuMjkiCiAgICAgICAgICBmaWxsPSIjZmZmZmZmIiBvcGFjaXR5PSIwLjgiIGZpbGwtcnVsZT0iZXZlbm9kZCIvPgo8L3N2Zz4=\" alt=\"previous arrow\"><\/div><\/div><div class=\"n2-ss-slider-controls n2-ss-slider-controls-absolute-right-center\"><div style=\"--widget-offset:15px;\" class=\"n2-ss-widget nextend-arrow n2-ow-all nextend-arrow-next  nextend-arrow-animated-fade\" data-hide-mobileportrait=\"1\" id=\"n2-ss-4-arrow-next\" role=\"button\" aria-label=\"next arrow\" tabindex=\"0\"><img loading=\"lazy\" decoding=\"async\" width=\"32\" height=\"32\" class=\"skip-lazy\" data-skip-lazy=\"1\" src=\"data:image\/svg+xml;base64,PHN2ZyB3aWR0aD0iMzIiIGhlaWdodD0iMzIiIHZpZXdCb3g9IjAgMCAzMiAzMiIgeG1sbnM9Imh0dHA6Ly93d3cudzMub3JnLzIwMDAvc3ZnIj4KICAgIDxwYXRoIGQ9Ik0xMC43MjIgNC4yOTNjLS4zOTQtLjM5LTEuMDMyLS4zOS0xLjQyNyAwLS4zOTMuMzktLjM5MyAxLjAzIDAgMS40MmwxMS4yODMgMTAuMjgtMTEuMjgzIDEwLjI5Yy0uMzkzLjM5LS4zOTMgMS4wMiAwIDEuNDIuMzk1LjM5IDEuMDMzLjM5IDEuNDI3IDBsMTIuMDA3LTEwLjk0Yy4yMS0uMjEuMy0uNDkuMjg0LS43Ny4wMTQtLjI3LS4wNzYtLjU1LS4yODYtLjc2TDEwLjcyIDQuMjkzeiIKICAgICAgICAgIGZpbGw9IiNmZmZmZmYiIG9wYWNpdHk9IjAuOCIgZmlsbC1ydWxlPSJldmVub2RkIi8+Cjwvc3ZnPg==\" alt=\"next arrow\"><\/div><\/div><div class=\"n2-ss-slider-controls n2-ss-slider-controls-absolute-center-bottom\"><div style=\"--widget-offset:26px;\" class=\"n2-ss-widget n2-ss-control-bullet n2-ow-all n2-ss-control-bullet-horizontal\"><div class=\" nextend-bullet-bar n2-bar-justify-content-center\" role=\"group\" aria-label=\"Choose slide to display.\"><div class=\"n2-bullet n2-style-b59f7b20ecf1deec39e5c6cd9d8f91af-dot \" style=\"visibility:hidden;\"><\/div><\/div><\/div><\/div><\/div><\/div><\/template><ss3-loader><\/ss3-loader><\/div><\/div><div class=\"n2_clear\"><\/div><\/div><\/ss3-force-full-width><\/div>\n\n<div class=\"gb-container gb-container-939d2ae8\">\n<div class=\"gb-grid-wrapper gb-grid-wrapper-decb4fba\">\n<div class=\"gb-grid-column gb-grid-column-ac3550f5\"><div class=\"gb-container gb-container-ac3550f5\"><div class=\"gb-inside-container\">\n\n<h2 class=\"gb-headline gb-headline-bff6b615 gb-headline-text\">MEIST<\/h2>\n\n\n\n<p>1990.aastal rajatud Eesti Diplomaatide Kooli eesm\u00e4rgiks on pakkuda andekatele meestele ja naistele nii Eestist kui mujalt maailmast teoreetilisi ja praktilisi teadmisi rahvusvaheliste suhete, Euroopa integratsiooni ja diplomaatia alal.<\/p>\n\n<\/div><\/div><\/div>\n\n<div class=\"gb-grid-column gb-grid-column-c33267ad\"><div class=\"gb-container gb-container-c33267ad object-shadow\"><div class=\"gb-inside-container\">\n\n<h2 class=\"gb-headline gb-headline-acc8d5c8 gb-headline-text\">TUTVU MEIE VILISTLASTEGA<\/h2>\n\n\n\n<figure class=\"wp-block-image size-large\"><img loading=\"lazy\" decoding=\"async\" width=\"1024\" height=\"768\" src=\"https:\/\/edk.edu.ee\/wp-content\/uploads\/2020\/09\/Marina_Kaljurand-1-1024x768.jpg\" alt=\"\" class=\"wp-image-4753\" srcset=\"https:\/\/edk.edu.ee\/wp-content\/uploads\/2020\/09\/Marina_Kaljurand-1-1024x768.jpg 1024w, https:\/\/edk.edu.ee\/wp-content\/uploads\/2020\/09\/Marina_Kaljurand-1-300x225.jpg 300w, https:\/\/edk.edu.ee\/wp-content\/uploads\/2020\/09\/Marina_Kaljurand-1-768x576.jpg 768w, https:\/\/edk.edu.ee\/wp-content\/uploads\/2020\/09\/Marina_Kaljurand-1.jpg 1200w\" sizes=\"auto, (max-width: 1024px) 100vw, 1024px\" \/><figcaption class=\"wp-element-caption\">Marina Kaljurand<\/figcaption><\/figure>\n\n\n<div class=\"gb-button-wrapper gb-button-wrapper-820c465a\">\n\n<a class=\"gb-button gb-button-964adb6b gb-button-text\" href=\"https:\/\/edk.edu.ee\/et\/vilistlased\/vilistlaste-lood\/\">Loe l\u00e4hemalt<\/a>\n\n<\/div>\n<\/div><\/div><\/div>\n\n<div class=\"gb-grid-column gb-grid-column-00b22b5b\"><div class=\"gb-container gb-container-00b22b5b object-shadow\"><div class=\"gb-inside-container\">\n\n<h2 class=\"gb-headline gb-headline-f578758e gb-headline-text\">TUTVU MEIE LEKTORITEGA<\/h2>\n\n\n\n<figure class=\"wp-block-image size-large\"><img loading=\"lazy\" decoding=\"async\" width=\"700\" height=\"600\" src=\"https:\/\/edk.edu.ee\/wp-content\/uploads\/2020\/09\/Michael-Roberts.png\" alt=\"\" class=\"wp-image-4754\" srcset=\"https:\/\/edk.edu.ee\/wp-content\/uploads\/2020\/09\/Michael-Roberts.png 700w, https:\/\/edk.edu.ee\/wp-content\/uploads\/2020\/09\/Michael-Roberts-300x257.png 300w\" sizes=\"auto, (max-width: 700px) 100vw, 700px\" \/><figcaption class=\"wp-element-caption\">Michael Roberts<\/figcaption><\/figure>\n\n\n<div class=\"gb-button-wrapper gb-button-wrapper-5cd3d7ce\">\n\n<a class=\"gb-button gb-button-07138401 gb-button-text\" href=\"https:\/\/edk.edu.ee\/et\/meist\/lecturers\/\">Loe l\u00e4hemalt<\/a>\n\n<\/div>\n<\/div><\/div><\/div>\n\n<div class=\"gb-grid-column gb-grid-column-a67c1cd3\"><div class=\"gb-container gb-container-a67c1cd3\"><div class=\"gb-inside-container\">\n\n<p><\/p>\n\n<\/div><\/div><\/div>\n<\/div>\n\n<div class=\"gb-container gb-container-e29feb1e\">\n\n<h2 class=\"gb-headline gb-headline-1eb94eb8 gb-headline-text\">VIIMASED UUDISED<\/h2>\n\n\n\n<div class=\"gb-grid-wrapper gb-grid-wrapper-7191a762 gb-query-loop-wrapper\">\n<div class=\"gb-grid-column gb-grid-column-8a535fc8 gb-query-loop-item post-8439 post type-post status-publish format-standard has-post-thumbnail hentry category-edk-uudised\"><div class=\"gb-container gb-container-8a535fc8\">\n<figure class=\"gb-block-image gb-block-image-0e4f88c6\"><a href=\"https:\/\/edk.edu.ee\/et\/2025\/05\/14\/eesti-diplomaatide-kooli-lopetajad-on-valmis-maailma-kujundama\/\"><img loading=\"lazy\" decoding=\"async\" width=\"2560\" height=\"1707\" src=\"https:\/\/edk.edu.ee\/wp-content\/uploads\/2025\/05\/aFEP_7038-scaled-e1747226696276.jpg\" class=\"gb-image-0e4f88c6\" alt=\"\" \/><\/a><\/figure>\n\n<h3 class=\"gb-headline gb-headline-e3613211 gb-headline-text\"><a href=\"https:\/\/edk.edu.ee\/et\/2025\/05\/14\/eesti-diplomaatide-kooli-lopetajad-on-valmis-maailma-kujundama\/\">Eesti Diplomaatide Kooli l\u00f5petajad on valmis maailma kujundama!<\/a><\/h3>\n\n<p class=\"gb-headline gb-headline-85d1b6a9 gb-headline-text\"><time class=\"entry-date published\" datetime=\"2025-05-14T15:58:01+03:00\">14\/05\/2025<\/time><\/p>\n\n<a class=\"gb-button gb-button-c12ab549 gb-button-text\" href=\"https:\/\/edk.edu.ee\/et\/2025\/05\/14\/eesti-diplomaatide-kooli-lopetajad-on-valmis-maailma-kujundama\/\">Loe edasi<\/a>\n<\/div><\/div>\n\n<div class=\"gb-grid-column gb-grid-column-8a535fc8 gb-query-loop-item post-8391 post type-post status-publish format-standard has-post-thumbnail hentry category-edk-uudised\"><div class=\"gb-container gb-container-8a535fc8\">\n<figure class=\"gb-block-image gb-block-image-0e4f88c6\"><a href=\"https:\/\/edk.edu.ee\/et\/2025\/05\/14\/alanud-on-vastuvott-edk-2025-2026-oppegruppi-rahvusvahelised-suhted-ja-diplomaatia\/\"><img loading=\"lazy\" decoding=\"async\" width=\"2560\" height=\"1707\" src=\"https:\/\/edk.edu.ee\/wp-content\/uploads\/2024\/05\/6gdQLk2w-2-scaled-e1716280638323.jpeg\" class=\"gb-image-0e4f88c6\" alt=\"\" \/><\/a><\/figure>\n\n<h3 class=\"gb-headline gb-headline-e3613211 gb-headline-text\"><a href=\"https:\/\/edk.edu.ee\/et\/2025\/05\/14\/alanud-on-vastuvott-edk-2025-2026-oppegruppi-rahvusvahelised-suhted-ja-diplomaatia\/\">Alanud on vastuv\u00f5tt EDK 2025\/2026 \u00f5ppegruppi \u201cRahvusvahelised suhted ja diplomaatia\u201d<\/a><\/h3>\n\n<p class=\"gb-headline gb-headline-85d1b6a9 gb-headline-text\"><time class=\"entry-date published\" datetime=\"2025-05-14T14:54:05+03:00\">14\/05\/2025<\/time><\/p>\n\n<a class=\"gb-button gb-button-c12ab549 gb-button-text\" href=\"https:\/\/edk.edu.ee\/et\/2025\/05\/14\/alanud-on-vastuvott-edk-2025-2026-oppegruppi-rahvusvahelised-suhted-ja-diplomaatia\/\">Loe edasi<\/a>\n<\/div><\/div>\n\n<div class=\"gb-grid-column gb-grid-column-8a535fc8 gb-query-loop-item post-8043 post type-post status-publish format-standard has-post-thumbnail hentry category-edk-uudised\"><div class=\"gb-container gb-container-8a535fc8\">\n<figure class=\"gb-block-image gb-block-image-0e4f88c6\"><a href=\"https:\/\/edk.edu.ee\/et\/2024\/10\/15\/rahvusvahelise-diplomaatilise-koolituse-foorum-international-forum-for-diplomatic-training-ifdt\/\"><img loading=\"lazy\" decoding=\"async\" width=\"2560\" height=\"640\" src=\"https:\/\/edk.edu.ee\/wp-content\/uploads\/2024\/10\/OCPhoto.750247082.820004-scaled.jpeg\" class=\"gb-image-0e4f88c6\" alt=\"\" srcset=\"https:\/\/edk.edu.ee\/wp-content\/uploads\/2024\/10\/OCPhoto.750247082.820004-scaled.jpeg 2560w, https:\/\/edk.edu.ee\/wp-content\/uploads\/2024\/10\/OCPhoto.750247082.820004-800x200.jpeg 800w, https:\/\/edk.edu.ee\/wp-content\/uploads\/2024\/10\/OCPhoto.750247082.820004-1200x300.jpeg 1200w, https:\/\/edk.edu.ee\/wp-content\/uploads\/2024\/10\/OCPhoto.750247082.820004-768x192.jpeg 768w, https:\/\/edk.edu.ee\/wp-content\/uploads\/2024\/10\/OCPhoto.750247082.820004-1536x384.jpeg 1536w, https:\/\/edk.edu.ee\/wp-content\/uploads\/2024\/10\/OCPhoto.750247082.820004-2048x512.jpeg 2048w\" sizes=\"auto, (max-width: 2560px) 100vw, 2560px\" \/><\/a><\/figure>\n\n<h3 class=\"gb-headline gb-headline-e3613211 gb-headline-text\"><a href=\"https:\/\/edk.edu.ee\/et\/2024\/10\/15\/rahvusvahelise-diplomaatilise-koolituse-foorum-international-forum-for-diplomatic-training-ifdt\/\">Rahvusvahelise diplomaatilise koolituse foorum (International Forum for Diplomatic Training, IFDT)<\/a><\/h3>\n\n<p class=\"gb-headline gb-headline-85d1b6a9 gb-headline-text\"><time class=\"entry-date published\" datetime=\"2024-10-15T15:26:29+03:00\">15\/10\/2024<\/time><\/p>\n\n<a class=\"gb-button gb-button-c12ab549 gb-button-text\" href=\"https:\/\/edk.edu.ee\/et\/2024\/10\/15\/rahvusvahelise-diplomaatilise-koolituse-foorum-international-forum-for-diplomatic-training-ifdt\/\">Loe edasi<\/a>\n<\/div><\/div>\n\n<div class=\"gb-grid-column gb-grid-column-8a535fc8 gb-query-loop-item post-7875 post type-post status-publish format-standard has-post-thumbnail hentry category-edk-uudised\"><div class=\"gb-container gb-container-8a535fc8\">\n<figure class=\"gb-block-image gb-block-image-0e4f88c6\"><a href=\"https:\/\/edk.edu.ee\/et\/2024\/05\/29\/21-opilast-8-riigist-lopetas-eesti-diplomaatide-kooli\/\"><img loading=\"lazy\" decoding=\"async\" width=\"2560\" height=\"1707\" src=\"https:\/\/edk.edu.ee\/wp-content\/uploads\/2024\/05\/aFEP_9346-1-scaled.jpg\" class=\"gb-image-0e4f88c6\" alt=\"\" srcset=\"https:\/\/edk.edu.ee\/wp-content\/uploads\/2024\/05\/aFEP_9346-1-scaled.jpg 2560w, https:\/\/edk.edu.ee\/wp-content\/uploads\/2024\/05\/aFEP_9346-1-800x533.jpg 800w, https:\/\/edk.edu.ee\/wp-content\/uploads\/2024\/05\/aFEP_9346-1-1200x800.jpg 1200w, https:\/\/edk.edu.ee\/wp-content\/uploads\/2024\/05\/aFEP_9346-1-768x512.jpg 768w, https:\/\/edk.edu.ee\/wp-content\/uploads\/2024\/05\/aFEP_9346-1-1536x1024.jpg 1536w, https:\/\/edk.edu.ee\/wp-content\/uploads\/2024\/05\/aFEP_9346-1-2048x1365.jpg 2048w\" sizes=\"auto, (max-width: 2560px) 100vw, 2560px\" \/><\/a><\/figure>\n\n<h3 class=\"gb-headline gb-headline-e3613211 gb-headline-text\"><a href=\"https:\/\/edk.edu.ee\/et\/2024\/05\/29\/21-opilast-8-riigist-lopetas-eesti-diplomaatide-kooli\/\">21 \u00f5pilast 8. riigist l\u00f5petas Eesti Diplomaatide Kooli<\/a><\/h3>\n\n<p class=\"gb-headline gb-headline-85d1b6a9 gb-headline-text\"><time class=\"entry-date published\" datetime=\"2024-05-29T11:20:29+03:00\">29\/05\/2024<\/time><\/p>\n\n<a class=\"gb-button gb-button-c12ab549 gb-button-text\" href=\"https:\/\/edk.edu.ee\/et\/2024\/05\/29\/21-opilast-8-riigist-lopetas-eesti-diplomaatide-kooli\/\">Loe edasi<\/a>\n<\/div><\/div>\n\n<div class=\"gb-grid-column gb-grid-column-8a535fc8 gb-query-loop-item post-7615 post type-post status-publish format-standard has-post-thumbnail hentry category-edk-uudised\"><div class=\"gb-container gb-container-8a535fc8\">\n<figure class=\"gb-block-image gb-block-image-0e4f88c6\"><a href=\"https:\/\/edk.edu.ee\/et\/2023\/12\/18\/rahvusvaheline-diplomaatiline-foorum-2023\/\"><img loading=\"lazy\" decoding=\"async\" width=\"2560\" height=\"1705\" src=\"https:\/\/edk.edu.ee\/wp-content\/uploads\/2023\/12\/49th-IFDT_0017-scaled-e1702902492966.jpg\" class=\"gb-image-0e4f88c6\" alt=\"\" \/><\/a><\/figure>\n\n<h3 class=\"gb-headline gb-headline-e3613211 gb-headline-text\"><a href=\"https:\/\/edk.edu.ee\/et\/2023\/12\/18\/rahvusvaheline-diplomaatiline-foorum-2023\/\">Rahvusvaheline diplomaatiline  foorum 2023<\/a><\/h3>\n\n<p class=\"gb-headline gb-headline-85d1b6a9 gb-headline-text\"><time class=\"entry-date published\" datetime=\"2023-12-18T16:34:08+02:00\">18\/12\/2023<\/time><\/p>\n\n<a class=\"gb-button gb-button-c12ab549 gb-button-text\" href=\"https:\/\/edk.edu.ee\/et\/2023\/12\/18\/rahvusvaheline-diplomaatiline-foorum-2023\/\">Loe edasi<\/a>\n<\/div><\/div>\n\n<div class=\"gb-grid-column gb-grid-column-8a535fc8 gb-query-loop-item post-7522 post type-post status-publish format-standard has-post-thumbnail hentry category-edk-uudised\"><div class=\"gb-container gb-container-8a535fc8\">\n<figure class=\"gb-block-image gb-block-image-0e4f88c6\"><a href=\"https:\/\/edk.edu.ee\/et\/2023\/11\/14\/aserbaidzaani-arengu-ja-diplomaatia-instituut-korraldas-koostoos-eesti-diplomaatide-kooliga-ja-ukraina-diplomaatilise-akadeemiaga-tootoa-tostmaks-diplomaatiliste-akadeemiate-koolituste-taset\/\"><img loading=\"lazy\" decoding=\"async\" width=\"1920\" height=\"2560\" src=\"https:\/\/edk.edu.ee\/wp-content\/uploads\/2023\/11\/IMG_20231107_141946-scaled.jpg\" class=\"gb-image-0e4f88c6\" alt=\"\" srcset=\"https:\/\/edk.edu.ee\/wp-content\/uploads\/2023\/11\/IMG_20231107_141946-scaled.jpg 1920w, https:\/\/edk.edu.ee\/wp-content\/uploads\/2023\/11\/IMG_20231107_141946-450x600.jpg 450w, https:\/\/edk.edu.ee\/wp-content\/uploads\/2023\/11\/IMG_20231107_141946-600x800.jpg 600w, https:\/\/edk.edu.ee\/wp-content\/uploads\/2023\/11\/IMG_20231107_141946-768x1024.jpg 768w, https:\/\/edk.edu.ee\/wp-content\/uploads\/2023\/11\/IMG_20231107_141946-1152x1536.jpg 1152w, https:\/\/edk.edu.ee\/wp-content\/uploads\/2023\/11\/IMG_20231107_141946-1536x2048.jpg 1536w\" sizes=\"auto, (max-width: 1920px) 100vw, 1920px\" \/><\/a><\/figure>\n\n<h3 class=\"gb-headline gb-headline-e3613211 gb-headline-text\"><a href=\"https:\/\/edk.edu.ee\/et\/2023\/11\/14\/aserbaidzaani-arengu-ja-diplomaatia-instituut-korraldas-koostoos-eesti-diplomaatide-kooliga-ja-ukraina-diplomaatilise-akadeemiaga-tootoa-tostmaks-diplomaatiliste-akadeemiate-koolituste-taset\/\">Aserbaid\u017eaani Arengu ja Diplomaatia Instituut korraldas koost\u00f6\u00f6s Eesti Diplomaatide Kooliga ja Ukraina Diplomaatilise Akadeemiaga t\u00f6\u00f6toa t\u00f5stmaks diplomaatiliste akadeemiate koolituste taset.<\/a><\/h3>\n\n<p class=\"gb-headline gb-headline-85d1b6a9 gb-headline-text\"><time class=\"entry-date published\" datetime=\"2023-11-14T16:00:11+02:00\">14\/11\/2023<\/time><\/p>\n\n<a class=\"gb-button gb-button-c12ab549 gb-button-text\" href=\"https:\/\/edk.edu.ee\/et\/2023\/11\/14\/aserbaidzaani-arengu-ja-diplomaatia-instituut-korraldas-koostoos-eesti-diplomaatide-kooliga-ja-ukraina-diplomaatilise-akadeemiaga-tootoa-tostmaks-diplomaatiliste-akadeemiate-koolituste-taset\/\">Loe edasi<\/a>\n<\/div><\/div>\n<\/div>\n\n\n\n<h2 class=\"gb-headline gb-headline-e399f697 gb-headline-text\">VILISTLASED JA L\u00dcHIKOOLITUSTEL OSALEJAD<\/h2>\n\n\n\n<iframe loading=\"lazy\" src=\"https:\/\/www.google.com\/maps\/d\/u\/4\/embed?mid=1_KPKB3g2cO3UByHu_S4cGkqliIek0tAl\" width=\"1200\" height=\"500\"><\/iframe>\n\n<\/div>\n<\/div>","protected":false},"excerpt":{"rendered":"<p>VIIMASED UUDISED VILISTLASED JA L\u00dcHIKOOLITUSTEL OSALEJAD<\/p>\n","protected":false},"author":2,"featured_media":0,"parent":0,"menu_order":0,"comment_status":"closed","ping_status":"closed","template":"","meta":{"footnotes":""},"class_list":["post-5046","page","type-page","status-publish"],"_links":{"self":[{"href":"https:\/\/edk.edu.ee\/et\/wp-json\/wp\/v2\/pages\/5046","targetHints":{"allow":["GET"]}}],"collection":[{"href":"https:\/\/edk.edu.ee\/et\/wp-json\/wp\/v2\/pages"}],"about":[{"href":"https:\/\/edk.edu.ee\/et\/wp-json\/wp\/v2\/types\/page"}],"author":[{"embeddable":true,"href":"https:\/\/edk.edu.ee\/et\/wp-json\/wp\/v2\/users\/2"}],"replies":[{"embeddable":true,"href":"https:\/\/edk.edu.ee\/et\/wp-json\/wp\/v2\/comments?post=5046"}],"version-history":[{"count":0,"href":"https:\/\/edk.edu.ee\/et\/wp-json\/wp\/v2\/pages\/5046\/revisions"}],"wp:attachment":[{"href":"https:\/\/edk.edu.ee\/et\/wp-json\/wp\/v2\/media?parent=5046"}],"curies":[{"name":"wp","href":"https:\/\/api.w.org\/{rel}","templated":true}]}}