{"id":5051,"date":"2020-10-20T08:12:19","date_gmt":"2020-10-20T08:12:19","guid":{"rendered":"https:\/\/edk.edu.ee\/?page_id=5051"},"modified":"2026-01-05T14:55:39","modified_gmt":"2026-01-05T12:55:39","slug":"9-kuune-oppeprogramm","status":"publish","type":"page","link":"https:\/\/edk.edu.ee\/et\/programmid\/9-kuune-oppeprogramm\/","title":{"rendered":"8-kuuline \u00f5ppeprogramm"},"content":{"rendered":"\n<div class=\"wp-block-columns is-layout-flex wp-container-core-columns-is-layout-9d6595d7 wp-block-columns-is-layout-flex\">\n<div class=\"wp-block-column is-layout-flow wp-block-column-is-layout-flow\"><div class=\"wp-block-image\">\n<figure class=\"aligncenter size-full is-resized\"><img loading=\"lazy\" decoding=\"async\" width=\"600\" height=\"600\" src=\"https:\/\/edk.edu.ee\/wp-content\/uploads\/2025\/09\/IMG_20231019_140722-2-600x600-4.jpg\" alt=\"\" class=\"wp-image-8698\" style=\"width:410px;height:auto\"\/><\/figure><\/div>\n\n\n<p class=\"has-text-align-center\"><em><em>Liis Lulla <br><em>Programmijuht<\/em><br><em>liis.lulla(at)edk.edu.ee<\/em><\/em><\/em><\/p>\n\n\n\n<p><\/p>\n<\/div>\n\n\n\n<div class=\"wp-block-column is-layout-flow wp-block-column-is-layout-flow\">\n<div class=\"wp-block-group is-vertical is-layout-flex wp-container-core-group-is-layout-8cf370e7 wp-block-group-is-layout-flex\">\n<p class=\"has-text-align-left\">Eesti Diplomaatide Kool pakub 8-kuu pikkust t\u00e4iendkoolituse programmi \u2018Rahvusvahelised suhted ja diplomaatia\u2019. Tegemist on k\u00f5rgkoolij\u00e4rgse, t\u00e4iskasvanutele suunatud t\u00e4iendkoolituskursusega, mis v\u00f5imaldab \u00f5pilasel omandada vajalikud akadeemilised ja praktilised oskused, et t\u00f6\u00f6tada rahvusvaheliste suhete alasel t\u00f6\u00f6kohal. \u00d5pe viiakse l\u00e4bi k\u00f5rgkoolile omases akadeemilises vormis loengute ja eksamisessioonide n\u00e4ol. Programm h\u00f5lmab kursuseid j\u00e4rgmistel teemadel:<\/p>\n\n\n\n<ul class=\"wp-block-list\">\n<li>rahvusvahelised suhted<\/li>\n\n\n\n<li>Euroopa poliitiline ja majandusintegratsioon<\/li>\n\n\n\n<li>diplomaatia<\/li>\n<\/ul>\n\n\n\n<p class=\"has-text-align-left\">T\u00e4iendkoolitus programm loetakse l\u00e4bituks, kui \u00f5pilane sooritab \u00f5ppeaasta jooksul positiivsele hindele 60 ainepunkti v\u00e4\u00e4rtuses aineid. Programmi kogumaht on 63 ainepunkti.<\/p>\n<\/div>\n<\/div>\n<\/div>\n\n\n\n<h2 class=\"wp-block-heading\">\u00d5ppekava nimetus: \u201cRahvusvahelised suhted ja diplomaatia\u201d&nbsp;<\/h2>\n\n\n\n<p>\u00d5ppekavar\u00fchm:&nbsp;Poliitikateaduse ja kodaniku\u00f5petuse \u00f5ppekavar\u00fchm \u2013 rahvusvaheliste suhete, diplomaatia ja diplomaatia alane 8-kuuline t\u00e4iendkoolitus<\/p>\n\n\n\n<p>Eesm\u00e4rk: Koolituse tulemusel omandab \u00f5ppija teadmisi ja oskusi, et t\u00f6\u00f6tada rahvusvaheliste suhete valdkonnas.<\/p>\n\n\n\n<p><strong>Koolituse l\u00e4binu \u00f5piv\u00e4ljundid:<\/strong><\/p>\n\n\n\n<ul class=\"wp-block-list\">\n<li>omab \u00fclevaadet erinevatest rahvusvaheliste suhete teooriatest, oskab neid v\u00f5rrelda ning anal\u00fc\u00fcsida;<\/li>\n\n\n\n<li>orienteerub rahvusvaheliste suhete alastes k\u00fcsimustes (v\u00e4lispoliitika, julgeolekupoliitika,&nbsp;rahvusvaheline \u00f5igus, Euroopa Liit, rahvusvaheline majandus);<\/li>\n\n\n\n<li>omab teadmisi rahvusvaheliste suhete prioriteetsetest piirkondadest nagu Aasia, Aafrika, L\u00e4his-Ida, Venemaa, USA.<\/li>\n\n\n\n<li>on omandanud praktilisi oskusi diplomaatia vallas \u2013 diplomaatilised praktikad, protokoll, avalik diplomaatia, kultuuridevaheline kommunikatsioon, l\u00e4bir\u00e4\u00e4kimised.<\/li>\n<\/ul>\n\n\n\n<p>Sihtgrupp ja \u00f5ppe alustamise tingimused: rahvusvaheliste suhete huvilised. \u00d5ppijal on v\u00e4hemalt bakalaureusekraad ja tema inglise keele oskus nii kirjas kui k\u00f5nes on tasemel, mis v\u00f5imaldab tal osaleda aktiivselt inglisekeelsetes loengutes\/seminarides ja iseseisvalt t\u00f6\u00f6tada erialakirjandusega.<\/p>\n\n\n\n<p><strong>\u00d5ppe maht:<\/strong> 2025\/2026 \u00f5ppeaastal on koolituse kogumaht 63 ainepunkti, millest \u00f5pilane peab l\u00e4bima minimaalselt 60 ainepunkti.&nbsp;Koolituse kogumaht (63 ainepunkti) jaguneb j\u00e4rgmiselt: 400 akadeemilist tundi auditoorset t\u00f6\u00f6d ning v\u00e4hemalt kahekordne arv akadeemilisi tunde (ca 1000) iseseisvat t\u00f6\u00f6d.<\/p>\n\n\n\n<p><strong>\u00d5ppeprotsessi kirjeldus<\/strong>: \u00d5pe on inglisekeelne ja toimub 4 \u00f5htupoolikul n\u00e4dalas, \u00fcldiselt T-R&nbsp;ajavahemikus 16.45-19.45. Auditoorne t\u00f6\u00f6&nbsp;on kas loengu- v\u00f5i seminarivormis, praktiliste ainete puhul kasutakse harjutusi. Ainete \u00f5ppesisu ja \u00f5ppematerjali loend&nbsp;on kirjas \u00f5ppeprogrammis Moodle. *EDK teeb \u00f5ppekavas muudatusi, kui selleks on vajadus. K\u00f5ikidest muudatustest teavitatakse \u00f5ppijaid esimesel v\u00f5imalusel.<\/p>\n\n\n\n<p>\u00d5ppekeskkond: 25-30-kohaline klass \u00f5ppet\u00f6\u00f6ks&nbsp;k\u00f5ige vajaminevaga, sh projektor, arvuti, ekraan, tahvel, k\u00f5larid.<\/p>\n\n\n\n<p><strong>Koolituse l\u00f5petamise tingimus<\/strong>: Iga aine hindamismeetod on leitav \u00f5ppekavast. \u00d5ppekava t\u00e4itmisel, st v\u00e4hemalt 60 ainepunkti kogumisel, v\u00e4ljastatakse \u00f5ppijale tunnistus ja akadeemiline \u00f5iend. Viimaseid ei v\u00e4ljastata juhul, kui \u00f5pilasel on \u00f5ppeaasta l\u00f5ppedes \u00f5ppemaksuv\u00f5lg v\u00f5i t\u00e4itmata m\u00f5ni muu EDK poolt seatud kohustus. Juhul, kui \u00f5ppija ei kogu l\u00f5petamiseks vajalikke ainepunkte, v\u00e4ljastatakse talle t\u00f5end vaid l\u00e4bitud positiivsete ainete kohta. Vabakuulajana l\u00e4bitud ainete eest v\u00e4ljastatakse samuti t\u00f5end.<\/p>\n\n\n\n<p>Koolitajad: EDK \u00f5ppekava erinevaid aineid annavad oma ala eksperdid nii Eestist kui v\u00e4lismaalt.<\/p>\n\n\n\n<p>\u00d5ppemaksu kohta info on toodud&nbsp;<a href=\"https:\/\/edk.edu.ee\/et\/sisseastumine\/oppemaks\/\">siin<\/a>.<\/p>\n\n\n<style>.kt-tabs-id5051_d2ffb9-de > .kt-tabs-content-wrap > .wp-block-kadence-tab{border-top:1px solid #406080;border-right:1px solid #406080;border-bottom:1px solid #406080;border-left:1px solid #406080;border-top-left-radius:0px;border-top-right-radius:0px;border-bottom-right-radius:0px;border-bottom-left-radius:0px;padding-top:20px;padding-right:20px;padding-bottom:20px;padding-left:20px;background:#f5f8fa;}.wp-block-kadence-tabs .kt-tabs-id5051_d2ffb9-de > .kt-tabs-title-list li{margin-top:0px;margin-right:8px;margin-bottom:-1px;margin-left:0px;}.wp-block-kadence-tabs .kt-tabs-id5051_d2ffb9-de > .kt-tabs-title-list li:last-child{margin-right:0px;}.wp-block-kadence-tabs .kt-tabs-id5051_d2ffb9-de > .kt-tabs-title-list li .kt-tab-title, .wp-block-kadence-tabs .kt-tabs-id5051_d2ffb9-de > .kt-tabs-content-wrap > .kt-tabs-accordion-title .kt-tab-title{line-height:1.4em;font-weight:regular;font-style:normal;border-top-width:1px;border-right-width:1px;border-bottom-width:0px;border-left-width:1px;border-top-left-radius:4px;border-top-right-radius:4px;border-bottom-right-radius:0px;border-bottom-left-radius:0px;padding-top:8px;padding-right:20px;padding-bottom:8px;padding-left:20px;border-color:#406080;color:#111111;background:#f5f8fa;}.wp-block-kadence-tabs .kt-tabs-id5051_d2ffb9-de > .kt-tabs-content-wrap > .kt-tabs-accordion-title .kt-tab-title{margin-top:0px;margin-right:8px;margin-bottom:-1px;margin-left:0px;}.wp-block-kadence-tabs .kt-tabs-id5051_d2ffb9-de > .kt-tabs-title-list li .kt-tab-title:hover, .wp-block-kadence-tabs .kt-tabs-id5051_d2ffb9-de > .kt-tabs-content-wrap > .kt-tabs-accordion-title .kt-tab-title:hover{border-color:#406080;color:#ffaa00;background:#1f2d3d;}.wp-block-kadence-tabs .kt-tabs-id5051_d2ffb9-de > .kt-tabs-title-list li.kt-tab-title-active .kt-tab-title, .wp-block-kadence-tabs .kt-tabs-id5051_d2ffb9-de > .kt-tabs-content-wrap > .kt-tabs-accordion-title.kt-tab-title-active .kt-tab-title{border-color:#406080;color:#ffaa00;background:#1f2d3d;}@media all and (max-width: 1024px){.kt-tabs-id5051_d2ffb9-de > .kt-tabs-content-wrap > .wp-block-kadence-tab{border-top:1px solid #406080;border-right:1px solid #406080;border-bottom:1px solid #406080;border-left:1px solid #406080;}}@media all and (max-width: 767px){.kt-tabs-id5051_d2ffb9-de > .kt-tabs-content-wrap > .wp-block-kadence-tab{border-top:1px solid #406080;border-right:1px solid #406080;border-bottom:1px solid #406080;border-left:1px solid #406080;}}<\/style>\n<div class=\"wp-block-kadence-tabs alignnone\"><div class=\"kt-tabs-wrap kt-tabs-id5051_d2ffb9-de kt-tabs-has-3-tabs kt-active-tab-1 kt-tabs-layout-tabs kt-tabs-tablet-layout-inherit kt-tabs-mobile-layout-inherit kt-tab-alignment-left \"><ul class=\"kt-tabs-title-list\"><li id=\"tab-202425spring\" class=\"kt-title-item kt-title-item-1 kt-tabs-svg-show-always kt-tabs-icon-side-right kt-tab-title-active\"><a href=\"#tab-202425spring\" data-tab=\"1\" class=\"kt-tab-title kt-tab-title-1 \"><span class=\"kt-title-text\">2024\/25 spring<\/span><\/a><\/li><li id=\"tab-202526autumn\" class=\"kt-title-item kt-title-item-2 kt-tabs-svg-show-always kt-tabs-icon-side-right kt-tab-title-inactive\"><a href=\"#tab-202526autumn\" data-tab=\"2\" class=\"kt-tab-title kt-tab-title-2 \"><span class=\"kt-title-text\">2025\/26 autumn<\/span><\/a><\/li><li id=\"tab-202526spring\" class=\"kt-title-item kt-title-item-3 kt-tabs-svg-show-always kt-tabs-icon-side-right kt-tab-title-inactive\"><a href=\"#tab-202526spring\" data-tab=\"3\" class=\"kt-tab-title kt-tab-title-3 \"><span class=\"kt-title-text\">2025\/26 spring<\/span><\/a><\/li><\/ul><div class=\"kt-tabs-content-wrap\">\n<div class=\"wp-block-kadence-tab kt-tab-inner-content kt-inner-tab-1 kt-inner-tab5051_e5ad61-85\"><div class=\"kt-tab-inner-content-inner\">\n<table id=\"tablepress-9\" class=\"tablepress tablepress-id-9\">\n<thead>\n<tr class=\"row-1\">\n\t<th class=\"column-1\">Subject<\/th><th class=\"column-2\">Lecturer<\/th><th class=\"column-3\">Institution<\/th><th class=\"column-4\">Time<\/th><th class=\"column-5\">CP<\/th><th class=\"column-6\">Form of examination<\/th>\n<\/tr>\n<\/thead>\n<tbody class=\"row-striping row-hover\">\n<tr class=\"row-2\">\n\t<td class=\"column-1\">EU History, Institutions, and Policy-Making<\/td><td class=\"column-2\"><a href=\"https:\/\/skytte.ut.ee\/en\/stefano-braghiroli\" rel=\"noopener noreferrer\" target=\"_blank\">Stefano Braghiroli, PhD<\/a><\/td><td class=\"column-3\">University of Tartu, Johan Skytte Institute of Political Studies<\/td><td class=\"column-4\">14.01-17.01<br \/>\n20.01-23.01.25<br \/>\n<\/td><td class=\"column-5\">6<\/td><td class=\"column-6\">Essay TBC<br \/>\nWritten closed book class room exam TBC<\/td>\n<\/tr>\n<tr class=\"row-3\">\n\t<td class=\"column-1\">US Foreign Policy<\/td><td class=\"column-2\">Matthew Crandall, PhD<\/td><td class=\"column-3\">Tallinn University<\/td><td class=\"column-4\">28.01-31.01.25<\/td><td class=\"column-5\">3<\/td><td class=\"column-6\"><br \/>\nEssay TBC<br \/>\n<\/td>\n<\/tr>\n<tr class=\"row-4\">\n\t<td class=\"column-1\">Cybersecurity: Technology, Diplomacy and Law<br \/>\n<\/td><td class=\"column-2\">Merle Maigre<\/td><td class=\"column-3\">e-Governance Academy<\/td><td class=\"column-4\">04.02-07.02.25<\/td><td class=\"column-5\">3<\/td><td class=\"column-6\">Essay TBC<\/td>\n<\/tr>\n<tr class=\"row-5\">\n\t<td class=\"column-1\">Foreign Policy Analysis<\/td><td class=\"column-2\">Amb ret Taavi Toom<\/td><td class=\"column-3\"><\/td><td class=\"column-4\">11.02-14.02.25<\/td><td class=\"column-5\">3<\/td><td class=\"column-6\">Essay TBC<\/td>\n<\/tr>\n<tr class=\"row-6\">\n\t<td class=\"column-1\">The MENA Shatterbelt: Between Domestic Turmoil and Power Projection<br \/>\n<br \/>\n<\/td><td class=\"column-2\"><a href=\"https:\/\/www.fiia.fi\/en\/expert\/wolfgang-muhlberger\" rel=\"noopener noreferrer\" target=\"_blank\">Wolfgang M\u00fchlberger, MA<\/a><\/td><td class=\"column-3\">Senior Advisor MENA &amp; Strategy at CMI<br \/>\n<br \/>\n<\/td><td class=\"column-4\">04.03-07.03.25<\/td><td class=\"column-5\">3<\/td><td class=\"column-6\">EssayTBC<\/td>\n<\/tr>\n<tr class=\"row-7\">\n\t<td class=\"column-1\">Intelligence and Counterintelligence: An Overlooked Dimention of Foreign Relations<\/td><td class=\"column-2\">Ivo Juurvee, PhD<\/td><td class=\"column-3\">ICDS<\/td><td class=\"column-4\">11.03-13.03; 24.03.25<\/td><td class=\"column-5\">3<\/td><td class=\"column-6\">Groupwork TBC<\/td>\n<\/tr>\n<tr class=\"row-8\">\n\t<td class=\"column-1\">&#8220;Defense and Security in Northern Europe: Current Baltic, Nordic and Arctic Security Issues&#8221; <br \/>\n<\/td><td class=\"column-2\">Martin Hurt<\/td><td class=\"column-3\">ICDS<\/td><td class=\"column-4\">18.03-21.03.25<\/td><td class=\"column-5\">3<\/td><td class=\"column-6\">Essay TBC<\/td>\n<\/tr>\n<tr class=\"row-9\">\n\t<td class=\"column-1\">Asia Pacific and the Great Power Rebalancing<\/td><td class=\"column-2\">Louis Wierenga<\/td><td class=\"column-3\">Baltic Defense College<\/td><td class=\"column-4\">25.03-28.03.25<\/td><td class=\"column-5\">3<\/td><td class=\"column-6\">Essay TBC<\/td>\n<\/tr>\n<tr class=\"row-10\">\n\t<td class=\"column-1\">Public speaking and Communication with Media<br \/>\r\n<\/td><td class=\"column-2\">Hannes Rumm<\/td><td class=\"column-3\">Estonian Journalist<\/td><td class=\"column-4\">08.04-11.04.25<\/td><td class=\"column-5\">3<\/td><td class=\"column-6\">In-class grading<\/td>\n<\/tr>\n<tr class=\"row-11\">\n\t<td class=\"column-1\">Public and Digital Diplomacy<\/td><td class=\"column-2\">Amb ret Taavi Toom<\/td><td class=\"column-3\"><\/td><td class=\"column-4\">14.04-17.04.25<\/td><td class=\"column-5\">3<\/td><td class=\"column-6\">In-class grading <\/td>\n<\/tr>\n<tr class=\"row-12\">\n\t<td class=\"column-1\">Diplomatic Skills<\/td><td class=\"column-2\">Amb Michael Roberts<\/td><td class=\"column-3\">Centre for Political and Diplomatic Studies, Ambassador (ret) UK<\/td><td class=\"column-4\">06.05-09.05.25<\/td><td class=\"column-5\">3<\/td><td class=\"column-6\">In-class grading <\/td>\n<\/tr>\n<\/tbody>\n<\/table>\n<!-- #tablepress-9 from cache --><\/div><\/div>\n\n\n\n<div class=\"wp-block-kadence-tab kt-tab-inner-content kt-inner-tab-2 kt-inner-tab5051_949f08-a8\"><div class=\"kt-tab-inner-content-inner\"><h2 id=\"tablepress-17-name\" class=\"tablepress-table-name tablepress-table-name-id-17\">AUTUMN-TERM 2025<\/h2>\n\n<table id=\"tablepress-17\" class=\"tablepress tablepress-id-17\" aria-labelledby=\"tablepress-17-name\" aria-describedby=\"tablepress-17-description\">\n<thead>\n<tr class=\"row-1\">\n\t<th class=\"column-1\">Subject<\/th><th class=\"column-2\">Lecturer<\/th><th class=\"column-3\">Institution<\/th><th class=\"column-4\">Time <br \/>\n16.45 - 19.45 PM<\/th><th class=\"column-5\">CP<\/th><th class=\"column-6\">Form of examination<\/th><td class=\"column-7\"><\/td>\n<\/tr>\n<\/thead>\n<tbody class=\"row-striping row-hover\">\n<tr class=\"row-2\">\n\t<td class=\"column-1\">International Negotiations<br \/>\r\n<\/td><td class=\"column-2\"><a href=\"https:\/\/edk.edu.ee\/wp-content\/uploads\/2021\/11\/Short-biography_Paul-Meerts.pdf\" rel=\"noopener noreferrer\" target=\"_blank\">Paul Meerts, PhD<\/a><br \/>\r\n<\/td><td class=\"column-3\">Clingendael, Netherlands Institute of International Relations<\/td><td class=\"column-4\">14.10-17.10.25<\/td><td class=\"column-5\">3<\/td><td class=\"column-6\">In-class grading <\/td><td class=\"column-7\"><\/td>\n<\/tr>\n<tr class=\"row-3\">\n\t<td class=\"column-1\">International Relations<\/td><td class=\"column-2\">Martin D. Brown<\/td><td class=\"column-3\">Visiting Professor<\/td><td class=\"column-4\">28.10-31.10.25<\/td><td class=\"column-5\">3<\/td><td class=\"column-6\">Policy brief<\/td><td class=\"column-7\"><\/td>\n<\/tr>\n<tr class=\"row-4\">\n\t<td class=\"column-1\">Artificial Intelligence and International Politics: Perspectives, Debates, Challenges<\/td><td class=\"column-2\"> Toni \u010cerkez, PhD<\/td><td class=\"column-3\">Tallinn University<\/td><td class=\"column-4\">04.11-07.11.25<\/td><td class=\"column-5\">3<\/td><td class=\"column-6\">Essay TBC<\/td><td class=\"column-7\"><\/td>\n<\/tr>\n<tr class=\"row-5\">\n\t<td class=\"column-1\">International Economics<\/td><td class=\"column-2\">Meelis Kitsing. PhD<\/td><td class=\"column-3\">Estonian Business School<\/td><td class=\"column-4\">11.11-14.11.25<\/td><td class=\"column-5\">3<\/td><td class=\"column-6\">Essay TBC<\/td><td class=\"column-7\"><\/td>\n<\/tr>\n<tr class=\"row-6\">\n\t<td class=\"column-1\">Cybersecurity: Technology, Diplomacy and Law<\/td><td class=\"column-2\">Merle Maigre<\/td><td class=\"column-3\">e-Governance Academy<\/td><td class=\"column-4\">18.11-21.11.25<\/td><td class=\"column-5\">3<\/td><td class=\"column-6\">Essay TBC<\/td><td class=\"column-7\"><\/td>\n<\/tr>\n<tr class=\"row-7\">\n\t<td class=\"column-1\">Cyberspace Considerations for National and International Security<\/td><td class=\"column-2\">Amb. Shota Gvineria<\/td><td class=\"column-3\">Baltic Defense College<\/td><td class=\"column-4\">26.11-28.11.25<\/td><td class=\"column-5\">3<\/td><td class=\"column-6\">Essay TBC<\/td><td class=\"column-7\"><\/td>\n<\/tr>\n<tr class=\"row-8\">\n\t<td class=\"column-1\">Economic Diplomacy<\/td><td class=\"column-2\">Hele Karilaid<\/td><td class=\"column-3\">MoFA<\/td><td class=\"column-4\">02.12-05.12.25<\/td><td class=\"column-5\">3<\/td><td class=\"column-6\">Essay TBC<\/td><td class=\"column-7\"><\/td>\n<\/tr>\n<tr class=\"row-9\">\n\t<td class=\"column-1\">International Law<\/td><td class=\"column-2\">Ren\u00e9 V\u00e4rk, Dr. Iur<\/td><td class=\"column-3\">Tartu University<\/td><td class=\"column-4\">09.12-12.12; 16.12-19.12.25<\/td><td class=\"column-5\">6<\/td><td class=\"column-6\">Closed books written exam<br \/>\n<\/td><td class=\"column-7\"><\/td>\n<\/tr>\n<\/tbody>\n<\/table>\n<span id=\"tablepress-17-description\" class=\"tablepress-table-description tablepress-table-description-id-17\"><\/span>\n<!-- #tablepress-17 from cache -->\n<\/div><\/div>\n\n\n\n<div class=\"wp-block-kadence-tab kt-tab-inner-content kt-inner-tab-3 kt-inner-tab5051_899f63-60\"><div class=\"kt-tab-inner-content-inner\">\n<table id=\"tablepress-18\" class=\"tablepress tablepress-id-18\">\n<thead>\n<tr class=\"row-1\">\n\t<th class=\"column-1\">Subject<\/th><th class=\"column-2\">Lecturer<\/th><th class=\"column-3\">Institution<\/th><th class=\"column-4\">Time<\/th><th class=\"column-5\">CP<\/th><th class=\"column-6\">Form of examination<\/th>\n<\/tr>\n<\/thead>\n<tbody class=\"row-striping row-hover\">\n<tr class=\"row-2\">\n\t<td class=\"column-1\">Introduction to EU: Institutions, Decision-Making and Legal Framework<\/td><td class=\"column-2\"><a href=\"https:\/\/edk.edu.ee\/wp-content\/uploads\/2026\/01\/Stefano-Braghiroli-CV.pdf\" rel=\"noopener noreferrer\" target=\"_blank\">Stefano Braghiroli, PhD<\/a><\/td><td class=\"column-3\">University of Tartu, Johan Skytte Institute of Political Studies<\/td><td class=\"column-4\">13.01-16.01<br \/>\n20.01-23.01.26<br \/>\n<\/td><td class=\"column-5\">6<\/td><td class=\"column-6\">Essay TBC<br \/>\nWritten closed book class room exam TBC<\/td>\n<\/tr>\n<tr class=\"row-3\">\n\t<td class=\"column-1\">Terrorism and Hybrid Warfare in the EU and its Neighbourhood<\/td><td class=\"column-2\">Tomas Jermalavicius<\/td><td class=\"column-3\">ICDS<\/td><td class=\"column-4\">27.01-30.01.26<\/td><td class=\"column-5\">3<\/td><td class=\"column-6\"><br \/>\nEssay TBC<br \/>\n<\/td>\n<\/tr>\n<tr class=\"row-4\">\n\t<td class=\"column-1\">Foreign Policy Analysis<\/td><td class=\"column-2\">Amb ret Taavi Toom<\/td><td class=\"column-3\"><\/td><td class=\"column-4\">10.02-13.02.26<\/td><td class=\"column-5\">3<\/td><td class=\"column-6\">Essay TBC<\/td>\n<\/tr>\n<tr class=\"row-5\">\n\t<td class=\"column-1\">Defense and Security in Northern Europe: Current Baltic Security Issues<\/td><td class=\"column-2\">Nele Loorents<\/td><td class=\"column-3\">ICDS<\/td><td class=\"column-4\">17.02-20.02.26<\/td><td class=\"column-5\">3<\/td><td class=\"column-6\">Essay TBC<\/td>\n<\/tr>\n<tr class=\"row-6\">\n\t<td class=\"column-1\">Protocol and Etiquette<\/td><td class=\"column-2\">Riina Aasma<\/td><td class=\"column-3\">Chief of Protocol, Office of the President<\/td><td class=\"column-4\">03.03-06.03.26<\/td><td class=\"column-5\">3<\/td><td class=\"column-6\">Essay TBC<\/td>\n<\/tr>\n<tr class=\"row-7\">\n\t<td class=\"column-1\">Intelligence and Counterintelligence: An Overlooked Dimention of Foreign Relations<\/td><td class=\"column-2\">Ivo Juurvee, PhD<\/td><td class=\"column-3\">ICDS<\/td><td class=\"column-4\">10.03-12.03; 23.03.26<\/td><td class=\"column-5\">3<\/td><td class=\"column-6\">Groupwork TBC<\/td>\n<\/tr>\n<tr class=\"row-8\">\n\t<td class=\"column-1\">The Security Environment in the Asia-Pacific<\/td><td class=\"column-2\">Louis Wierenga<\/td><td class=\"column-3\">Baltic Defense College<\/td><td class=\"column-4\">24.03.-27.03.26<\/td><td class=\"column-5\">3<\/td><td class=\"column-6\">Essay TBC<\/td>\n<\/tr>\n<tr class=\"row-9\">\n\t<td class=\"column-1\">Public speaking and Communication with Media<br \/>\r\n<\/td><td class=\"column-2\">Hannes Rumm<\/td><td class=\"column-3\">Estonian Journalist<\/td><td class=\"column-4\">07.04-10.04.26<\/td><td class=\"column-5\">3<\/td><td class=\"column-6\">In-class grading<\/td>\n<\/tr>\n<tr class=\"row-10\">\n\t<td class=\"column-1\">Public and Digital Diplomacy<\/td><td class=\"column-2\">Amb ret Taavi Toom<\/td><td class=\"column-3\"><\/td><td class=\"column-4\">14.04-17.04.26<\/td><td class=\"column-5\">3<\/td><td class=\"column-6\">In-class grading <\/td>\n<\/tr>\n<tr class=\"row-11\">\n\t<td class=\"column-1\">The MENA Shatterbelt: Between Domestic Turmoil and Power Projection<\/td><td class=\"column-2\">Wolfgang M\u00fchlberger<\/td><td class=\"column-3\">Founder &amp; Independent Consultant Menalytics<\/td><td class=\"column-4\">27.04-30.04.26<\/td><td class=\"column-5\">3<\/td><td class=\"column-6\">Essay TBC<\/td>\n<\/tr>\n<tr class=\"row-12\">\n\t<td class=\"column-1\">Diplomatic Skills<\/td><td class=\"column-2\">Michael Roberts<\/td><td class=\"column-3\">Founder and Managing Director of Passacaglia Consulting<\/td><td class=\"column-4\">05.05-08.05.26<\/td><td class=\"column-5\">3<\/td><td class=\"column-6\">in-class grading<\/td>\n<\/tr>\n<tr class=\"row-13\">\n\t<td class=\"column-1\"><\/td><td class=\"column-2\"><\/td><td class=\"column-3\"><\/td><td class=\"column-4\"><\/td><td class=\"column-5\"><\/td><td class=\"column-6\"><\/td>\n<\/tr>\n<tr class=\"row-14\">\n\t<td class=\"column-1\"><\/td><td class=\"column-2\"><\/td><td class=\"column-3\"><\/td><td class=\"column-4\"><\/td><td class=\"column-5\"><\/td><td class=\"column-6\"><\/td>\n<\/tr>\n<\/tbody>\n<\/table>\n<!-- #tablepress-18 from cache -->\n<\/div><\/div>\n<\/div><\/div><\/div>\n","protected":false},"excerpt":{"rendered":"<p>Liis Lulla Programmijuhtliis.lulla(at)edk.edu.ee Eesti Diplomaatide Kool pakub 8-kuu pikkust t\u00e4iendkoolituse programmi \u2018Rahvusvahelised suhted ja diplomaatia\u2019. Tegemist on k\u00f5rgkoolij\u00e4rgse, t\u00e4iskasvanutele suunatud t\u00e4iendkoolituskursusega, mis v\u00f5imaldab \u00f5pilasel omandada vajalikud akadeemilised ja praktilised oskused, &#8230; <\/p>\n<p class=\"read-more-container\"><a title=\"8-kuuline \u00f5ppeprogramm\" class=\"read-more button\" href=\"https:\/\/edk.edu.ee\/et\/programmid\/9-kuune-oppeprogramm\/#more-5051\" aria-label=\"Read more about 8-kuuline \u00f5ppeprogramm\">Edasi&#8230;<\/a><\/p>\n","protected":false},"author":2,"featured_media":0,"parent":5049,"menu_order":0,"comment_status":"closed","ping_status":"closed","template":"","meta":{"footnotes":""},"class_list":["post-5051","page","type-page","status-publish"],"_links":{"self":[{"href":"https:\/\/edk.edu.ee\/et\/wp-json\/wp\/v2\/pages\/5051","targetHints":{"allow":["GET"]}}],"collection":[{"href":"https:\/\/edk.edu.ee\/et\/wp-json\/wp\/v2\/pages"}],"about":[{"href":"https:\/\/edk.edu.ee\/et\/wp-json\/wp\/v2\/types\/page"}],"author":[{"embeddable":true,"href":"https:\/\/edk.edu.ee\/et\/wp-json\/wp\/v2\/users\/2"}],"replies":[{"embeddable":true,"href":"https:\/\/edk.edu.ee\/et\/wp-json\/wp\/v2\/comments?post=5051"}],"version-history":[{"count":5,"href":"https:\/\/edk.edu.ee\/et\/wp-json\/wp\/v2\/pages\/5051\/revisions"}],"predecessor-version":[{"id":8774,"href":"https:\/\/edk.edu.ee\/et\/wp-json\/wp\/v2\/pages\/5051\/revisions\/8774"}],"up":[{"embeddable":true,"href":"https:\/\/edk.edu.ee\/et\/wp-json\/wp\/v2\/pages\/5049"}],"wp:attachment":[{"href":"https:\/\/edk.edu.ee\/et\/wp-json\/wp\/v2\/media?parent=5051"}],"curies":[{"name":"wp","href":"https:\/\/api.w.org\/{rel}","templated":true}]}}