{"id":5056,"date":"2020-10-20T08:18:50","date_gmt":"2020-10-20T08:18:50","guid":{"rendered":"https:\/\/edk.edu.ee\/?page_id=5056"},"modified":"2020-10-20T12:12:46","modified_gmt":"2020-10-20T12:12:46","slug":"oppekava-2019-2020","status":"publish","type":"page","link":"https:\/\/edk.edu.ee\/et\/programmid\/9-kuune-oppeprogramm\/oppekava-2020-2021\/oppekava-2019-2020\/","title":{"rendered":"\u00d5ppekava 2019\/2020"},"content":{"rendered":"\n<p><strong>\u00d5ppekava nimetus: \u201cRahvusvahelised suhted ja Euroopa integratsioon\u201d&nbsp;<\/strong><\/p>\n\n\n\n<p>\u00d5ppekavar\u00fchm:&nbsp;Poliitikateaduse ja kodaniku\u00f5petuse \u00f5ppekavar\u00fchm \u2013 rahvusvaheliste suhete, diplomaatia ja Euroopa integratsiooni alane 9-kuuline t\u00e4iendkoolitus<\/p>\n\n\n\n<p>Eesm\u00e4rk: Koolituse tulemusel omandab \u00f5ppija teadmisi ja oskusi, et t\u00f6\u00f6tada rahvusvaheliste suhete valdkonnas.<\/p>\n\n\n\n<p>Koolituse l\u00e4binu \u00f5piv\u00e4ljundid:<\/p>\n\n\n\n<ul class=\"wp-block-list\"><li>omab \u00fclevaadet erinevatest rahvusvaheliste suhete teooriatest, oskab neid v\u00f5rrelda ning anal\u00fc\u00fcsida;<\/li><li>orienteerub rahvusvaheliste suhete alastes k\u00fcsimustes (v\u00e4lispoliitika, julgeolekupoliitika,&nbsp;rahvusvaheline \u00f5igus, Euroopa Liit, rahvusvaheline majandus);<\/li><li>omab teadmisi rahvusvaheliste suhete prioriteetsetest piirkondadest nagu Aasia, Aafrika, L\u00e4his-Ida, Venemaa, USA.<\/li><li>on omandanud praktilisi oskusi diplomaatia vallas \u2013 diplomaatilised praktikad, protokoll, avalik diplomaatia, kultuuridevaheline kommunikatsioon, l\u00e4bir\u00e4\u00e4kimised.<\/li><\/ul>\n\n\n\n<p>Sihtgrupp ja \u00f5ppe alustamise tingimused: rahvusvaheliste suhete huvilised. \u00d5ppijal on v\u00e4hemalt bakalaureusekraad ja tema inglise keele oskus nii kirjas kui k\u00f5nes on tasemel, mis v\u00f5imaldab tal osaleda aktiivselt inglisekeelsetes loengutes\/seminarides ja iseseisvalt t\u00f6\u00f6tada erialakirjandusega.<\/p>\n\n\n\n<p>\u00d5ppe maht: 2019\/2020 \u00f5ppeaastal on koolituse kogumaht 66 ainepunkti, millest \u00f5pilane peab l\u00e4bima minimaalselt 60 ainepunkti.&nbsp;Koolituse kogumaht (66 ainepunkti) jaguneb j\u00e4rgmiselt: 352 akadeemilist tundi auditoorset t\u00f6\u00f6d ning v\u00e4hemalt kahekordne arv akadeemilisi tunde (ca 700) iseseisvat t\u00f6\u00f6d.<\/p>\n\n\n\n<p>\u00d5ppeprotsessi kirjeldus: \u00d5pe on inglisekeelne ja toimub 4 \u00f5htupoolikul n\u00e4dalas, \u00fcldiselt T-R&nbsp;ajavahemikus 16.45-19.45. Auditoorne t\u00f6\u00f6&nbsp;on kas loengu- v\u00f5i seminarivormis, praktiliste ainete puhul kasutakse harjutusi. Iga aine \u00f5ppesisu ja \u00f5ppematerjali loend&nbsp;on kirjas nii Moodle\u2019is kui ka leitav uue akadeemilise aasta alguses \u00f5ppekavast. *EDK teeb \u00f5ppekavas muudatusi, kui selleks on vajadus. K\u00f5ikidest muudatustest teavitatakse \u00f5ppijaid esimesel v\u00f5imalusel.<\/p>\n\n\n\n<p>\u00d5ppekeskkond: 25-kohaline klass \u00f5ppet\u00f6\u00f6ks&nbsp;k\u00f5ige vajaminevaga, sh projektor, arvuti, ekraan, tahvel, k\u00f5larid.<\/p>\n\n\n\n<p>Koolituse l\u00f5petamise tingimus: Iga aine hindamismeetod on leitav \u00f5ppekavast. \u00d5ppekava t\u00e4itmisel, st v\u00e4hemalt 60 ainepunkti kogumisel, v\u00e4ljastatakse \u00f5ppijale tunnistus ja akadeemiline \u00f5iend. Viimaseid ei v\u00e4ljastata juhul, kui \u00f5pilasel on \u00f5ppeaasta l\u00f5ppedes \u00f5ppemaksuv\u00f5lg v\u00f5i t\u00e4itmata m\u00f5ni muu EDK poolt seatud kohustus. Juhul, kui \u00f5ppija ei kogu l\u00f5petamiseks vajalikke ainepunkte, v\u00e4ljastatakse talle t\u00f5end vaid l\u00e4bitud positiivsete ainete kohta. Vabakuulajana l\u00e4bitud ainete eest v\u00e4ljastatakse samuti t\u00f5end.<\/p>\n\n\n\n<p>Koolitajad: EDK \u00f5ppekava erinevaid aineid annavad oma ala eksperdid nii Eestist kui v\u00e4lismaalt.<\/p>\n\n\n\n<h2 class=\"gb-headline gb-headline-ab97e175\">AUTUMN TERM 2019<\/h2>\n\n\n\n<h3 class=\"gb-headline gb-headline-3f7bf789\">SEPTEMBER 16, 2019 \u2013 DECEMBER 19, 2019<\/h3>\n\n\n[table \u201c4\u201d not found \/]<br \/>\n\n\n\n\n<h2 class=\"gb-headline gb-headline-2b9ea4df\">SPRING TERM 2020<\/h2>\n\n\n\n<h3 class=\"gb-headline gb-headline-18256008\">JANUARY 13 \u2013 MAY 31, 2020<\/h3>\n\n\n[table \u201c2\u201d not found \/]<br \/>\n\n","protected":false},"excerpt":{"rendered":"<p>\u00d5ppekava nimetus: \u201cRahvusvahelised suhted ja Euroopa integratsioon\u201d&nbsp; \u00d5ppekavar\u00fchm:&nbsp;Poliitikateaduse ja kodaniku\u00f5petuse \u00f5ppekavar\u00fchm \u2013 rahvusvaheliste suhete, diplomaatia ja Euroopa integratsiooni alane 9-kuuline t\u00e4iendkoolitus Eesm\u00e4rk: Koolituse tulemusel omandab \u00f5ppija teadmisi ja oskusi, et &#8230; <\/p>\n<p class=\"read-more-container\"><a title=\"\u00d5ppekava 2019\/2020\" class=\"read-more button\" href=\"https:\/\/edk.edu.ee\/et\/programmid\/9-kuune-oppeprogramm\/oppekava-2020-2021\/oppekava-2019-2020\/#more-5056\" aria-label=\"Read more about \u00d5ppekava 2019\/2020\">Edasi&#8230;<\/a><\/p>\n","protected":false},"author":2,"featured_media":0,"parent":5053,"menu_order":0,"comment_status":"closed","ping_status":"closed","template":"","meta":{"footnotes":""},"class_list":["post-5056","page","type-page","status-publish"],"_links":{"self":[{"href":"https:\/\/edk.edu.ee\/et\/wp-json\/wp\/v2\/pages\/5056","targetHints":{"allow":["GET"]}}],"collection":[{"href":"https:\/\/edk.edu.ee\/et\/wp-json\/wp\/v2\/pages"}],"about":[{"href":"https:\/\/edk.edu.ee\/et\/wp-json\/wp\/v2\/types\/page"}],"author":[{"embeddable":true,"href":"https:\/\/edk.edu.ee\/et\/wp-json\/wp\/v2\/users\/2"}],"replies":[{"embeddable":true,"href":"https:\/\/edk.edu.ee\/et\/wp-json\/wp\/v2\/comments?post=5056"}],"version-history":[{"count":0,"href":"https:\/\/edk.edu.ee\/et\/wp-json\/wp\/v2\/pages\/5056\/revisions"}],"up":[{"embeddable":true,"href":"https:\/\/edk.edu.ee\/et\/wp-json\/wp\/v2\/pages\/5053"}],"wp:attachment":[{"href":"https:\/\/edk.edu.ee\/et\/wp-json\/wp\/v2\/media?parent=5056"}],"curies":[{"name":"wp","href":"https:\/\/api.w.org\/{rel}","templated":true}]}}