{"id":5058,"date":"2020-10-20T08:20:36","date_gmt":"2020-10-20T08:20:36","guid":{"rendered":"https:\/\/edk.edu.ee\/?page_id=5058"},"modified":"2025-09-26T15:35:33","modified_gmt":"2025-09-26T12:35:33","slug":"luhikoolitused","status":"publish","type":"page","link":"https:\/\/edk.edu.ee\/et\/programmid\/luhikoolitused\/","title":{"rendered":"L\u00fchikoolitused ja projektid"},"content":{"rendered":"\n<div class=\"wp-block-columns is-layout-flex wp-container-core-columns-is-layout-9d6595d7 wp-block-columns-is-layout-flex\">\n<div class=\"wp-block-column is-layout-flow wp-block-column-is-layout-flow\"><div class=\"wp-block-image\">\n<figure class=\"alignleft size-large is-resized\"><img loading=\"lazy\" decoding=\"async\" width=\"655\" height=\"800\" src=\"https:\/\/edk.edu.ee\/wp-content\/uploads\/2025\/09\/BeautyPlus_20240806095503266_save-655x800.jpg\" alt=\"\" class=\"wp-image-8676\" style=\"width:370px;height:auto\" srcset=\"https:\/\/edk.edu.ee\/wp-content\/uploads\/2025\/09\/BeautyPlus_20240806095503266_save-655x800.jpg 655w, https:\/\/edk.edu.ee\/wp-content\/uploads\/2025\/09\/BeautyPlus_20240806095503266_save-492x600.jpg 492w, https:\/\/edk.edu.ee\/wp-content\/uploads\/2025\/09\/BeautyPlus_20240806095503266_save-768x937.jpg 768w, https:\/\/edk.edu.ee\/wp-content\/uploads\/2025\/09\/BeautyPlus_20240806095503266_save-1258x1536.jpg 1258w, https:\/\/edk.edu.ee\/wp-content\/uploads\/2025\/09\/BeautyPlus_20240806095503266_save-1678x2048.jpg 1678w, https:\/\/edk.edu.ee\/wp-content\/uploads\/2025\/09\/BeautyPlus_20240806095503266_save.jpg 1832w\" sizes=\"auto, (max-width: 655px) 100vw, 655px\" \/><figcaption class=\"wp-element-caption\"><em>Ms. Jelena Vital<br><em>Project Manager<\/em><br><em>jelena.vital(at)edk.edu.ee<\/em><\/em><\/figcaption><\/figure><\/div><\/div>\n\n\n\n<div class=\"wp-block-column is-layout-flow wp-block-column-is-layout-flow\">\n<p>Eesti Diplomaatide Kool pakub spetsiaalselt v\u00e4lja t\u00f6\u00f6tatud l\u00fchikoolitusi, mis on loodud vastavalt projektipartneri soovidele. Need koolitused on suunatud diplomaatidele ning teistes riiklikes institutsioonides t\u00f6\u00f6tavatele inimestele nii Eestis kui ka mujal maailmas. L\u00fchikoolitused on \u00fcles ehitatud nii, et osalejate teadmised ja ekspertiis kasvaksid diplomaatiliste oskuste, e-valitsemise ja haldusreformi vallas.<\/p>\n\n\n\n<p>Kursuste sisu koostab ja viib l\u00e4bi EDK koost\u00f6\u00f6s suure v\u00f5rgustiku kohalike ja rahvusvaheliste partnerite ja ekspertidega. Osalejatel on v\u00f5imalik omandada ja uuendada oskusi koost\u00f6\u00f6altis keskkonnas, mis v\u00f5imaldab innovatsiooni, intellektuaalset uudishimu ning teineteiselt \u00f5ppimist.<\/p>\n\n\n\n<p>Eesti Diplomaatide Kool (EDK) tegeleb aktiivselt ka rahvusvaheliste projektidega, mis on suunatud diplomaatide ja riigiametnike koolitamisele ning v\u00f5imekuse t\u00f5stmisele. Projektide kaudu jagatakse Eesti kogemusi ja parimaid praktikaid, et toetada partnermaid oma diplomaatilise ja avaliku sektori arendamisel ning Euroopa integratsiooniga seotud protsessides.<\/p>\n<\/div>\n<\/div>\n\n\n<div class=\"gb-container gb-container-565eef7e\">\n\n<p><\/p>\n\n\n\n<div class=\"wp-block-cover\"><img loading=\"lazy\" decoding=\"async\" width=\"1200\" height=\"800\" class=\"wp-block-cover__image-background wp-image-6641\" alt=\"\" src=\"https:\/\/edk.edu.ee\/wp-content\/uploads\/2022\/05\/flag-1200x800.webp\" data-object-fit=\"cover\" srcset=\"https:\/\/edk.edu.ee\/wp-content\/uploads\/2022\/05\/flag-1200x800.webp 1200w, https:\/\/edk.edu.ee\/wp-content\/uploads\/2022\/05\/flag-800x533.webp 800w, https:\/\/edk.edu.ee\/wp-content\/uploads\/2022\/05\/flag-768x512.webp 768w, https:\/\/edk.edu.ee\/wp-content\/uploads\/2022\/05\/flag.webp 1280w\" sizes=\"auto, (max-width: 1200px) 100vw, 1200px\" \/><span aria-hidden=\"true\" class=\"wp-block-cover__background has-background-dim\"><\/span><div class=\"wp-block-cover__inner-container is-layout-flow wp-block-cover-is-layout-flow\">\n<p class=\"has-text-align-center has-large-font-size\"><strong>Ukraina Euroopa Tee: Ukraina ametnike ja Ukraina Diplomaatilise Akadeemia v\u00f5imekuse arendamine<br>Mai 2025 \u2013 Juuni 2026<\/strong><\/p>\n<\/div><\/div>\n\n<\/div>\n\n\n<p>Projekti eesm\u00e4rk on tugevdada Hennadii Udovenko Ukraina Diplomaatilist Akadeemiat (DAU), muutes selle professionaalseks koolituskeskuseks Ukraina diplomaatidele ja V\u00e4lisministeeriumi t\u00f6\u00f6tajatele. Projekti raames parandatakse nende oskusi Euroopa \u00f5iguse, poliitika, k\u00fcberturvalisuse ja multilateraalse diplomaatia valdkondades, keskendudes EL-i integratsioonile. DAU positsioneeritakse ka piirkondlikuks keskuseks EL-iga seotud teadmiste ja ekspertiisi valdkonnas.<\/p>\n\n\n\n<p>Kasutades Eesti kogemusi ESTDEV-EDK-DAU projekti raames, saab Ukraina sihip\u00e4rast tuge stabiilsuse, territoriaalse terviklikkuse ja majandusliku j\u00e4tkusuutlikkuse saavutamiseks. Initsiatiiv aitab DAU lektoritel pakkuda k\u00f5rgetasemelist ja ajakohast koolitust.<\/p>\n\n\n\n<p>Oodatavad tulemused:<\/p>\n\n\n\n<ul class=\"wp-block-list\">\n<li>Ukraina diplomaatide tugevdamine EL-i l\u00e4bir\u00e4\u00e4kimisteks.<\/li>\n\n\n\n<li>DAU v\u00f5imekuse suurendamine EL koolituste koordinaatorina.<\/li>\n\n\n\n<li>J\u00e4tkusuutlike koolitusprogrammide v\u00e4ljat\u00f6\u00f6tamine, keskendudes digitaalsele \u00f5ppele.<\/li>\n<\/ul>\n\n\n\n<div class=\"wp-block-cover\"><img loading=\"lazy\" decoding=\"async\" width=\"1200\" height=\"600\" class=\"wp-block-cover__image-background wp-image-7931\" alt=\"\" src=\"https:\/\/edk.edu.ee\/wp-content\/uploads\/2024\/07\/Flag_of_Moldova.svg.png\" data-object-fit=\"cover\" srcset=\"https:\/\/edk.edu.ee\/wp-content\/uploads\/2024\/07\/Flag_of_Moldova.svg.png 1200w, https:\/\/edk.edu.ee\/wp-content\/uploads\/2024\/07\/Flag_of_Moldova.svg-800x400.png 800w, https:\/\/edk.edu.ee\/wp-content\/uploads\/2024\/07\/Flag_of_Moldova.svg-768x384.png 768w\" sizes=\"auto, (max-width: 1200px) 100vw, 1200px\" \/><span aria-hidden=\"true\" class=\"wp-block-cover__background has-background-dim\"><\/span><div class=\"wp-block-cover__inner-container is-layout-flow wp-block-cover-is-layout-flow\">\n<p class=\"has-text-align-center has-large-font-size\"><strong>Moldova avaliku sektori ettevalmistus EL-i l\u00e4bir\u00e4\u00e4kimisteks ja integratsiooniks<\/strong><br>(M\u00e4rts 2025 \u2013 Detsember 2025)<\/p>\n<\/div><\/div>\n\n\n\n<p>Projekti eesm\u00e4rk on suurendada Moldova Riigikanselei Euroopa Integratsiooni B\u00fcroo (OEI) ja asepeaministri v\u00f5imekust, koolitades Moldovas ametnikke, kes osalevad EL-i liikmesuse l\u00e4bir\u00e4\u00e4kimistel ja vastutavad Moldova sisemise EL-i integratsiooniprotsessi eest. Samuti t\u00f5stetakse OEI institutsionaalset v\u00f5imekust, mis v\u00f5imaldab tulevikus arendada ja ellu viia EL-iga seotud koolitusprogramme.<\/p>\n\n\n\n<p>Eesti kogemuste jagamine EL-i integratsiooniga seotud valdkondades aitab parandada Moldova ametnike v\u00f5imekust edukalt juhtida liikmeks saamise l\u00e4bir\u00e4\u00e4kimisi ning korraldada EL-i integratsiooni tegevusi. Koolitusprotsessis annavad erinevate valdkondade ametnikud \u00fclevaate Moldova struktuurireformide vajadustest Euroopa teel. Projektis osaleb ka Moldova Diplomaatiline Instituut partnerina.<\/p>\n","protected":false},"excerpt":{"rendered":"<p>Eesti Diplomaatide Kool pakub spetsiaalselt v\u00e4lja t\u00f6\u00f6tatud l\u00fchikoolitusi, mis on loodud vastavalt projektipartneri soovidele. Need koolitused on suunatud diplomaatidele ning teistes riiklikes institutsioonides t\u00f6\u00f6tavatele inimestele nii Eestis kui ka mujal &#8230; <\/p>\n<p class=\"read-more-container\"><a title=\"L\u00fchikoolitused ja projektid\" class=\"read-more button\" href=\"https:\/\/edk.edu.ee\/et\/programmid\/luhikoolitused\/#more-5058\" aria-label=\"Read more about L\u00fchikoolitused ja projektid\">Edasi&#8230;<\/a><\/p>\n","protected":false},"author":2,"featured_media":0,"parent":5049,"menu_order":0,"comment_status":"closed","ping_status":"closed","template":"","meta":{"footnotes":""},"class_list":["post-5058","page","type-page","status-publish"],"_links":{"self":[{"href":"https:\/\/edk.edu.ee\/et\/wp-json\/wp\/v2\/pages\/5058","targetHints":{"allow":["GET"]}}],"collection":[{"href":"https:\/\/edk.edu.ee\/et\/wp-json\/wp\/v2\/pages"}],"about":[{"href":"https:\/\/edk.edu.ee\/et\/wp-json\/wp\/v2\/types\/page"}],"author":[{"embeddable":true,"href":"https:\/\/edk.edu.ee\/et\/wp-json\/wp\/v2\/users\/2"}],"replies":[{"embeddable":true,"href":"https:\/\/edk.edu.ee\/et\/wp-json\/wp\/v2\/comments?post=5058"}],"version-history":[{"count":1,"href":"https:\/\/edk.edu.ee\/et\/wp-json\/wp\/v2\/pages\/5058\/revisions"}],"predecessor-version":[{"id":8733,"href":"https:\/\/edk.edu.ee\/et\/wp-json\/wp\/v2\/pages\/5058\/revisions\/8733"}],"up":[{"embeddable":true,"href":"https:\/\/edk.edu.ee\/et\/wp-json\/wp\/v2\/pages\/5049"}],"wp:attachment":[{"href":"https:\/\/edk.edu.ee\/et\/wp-json\/wp\/v2\/media?parent=5058"}],"curies":[{"name":"wp","href":"https:\/\/api.w.org\/{rel}","templated":true}]}}